{"id":2816,"date":"2024-09-26T14:16:44","date_gmt":"2024-09-26T12:16:44","guid":{"rendered":"https:\/\/icom.tn\/?page_id=2816"},"modified":"2025-11-20T12:47:45","modified_gmt":"2025-11-20T11:47:45","slug":"qui-sommes-nous","status":"publish","type":"page","link":"https:\/\/icom.tn\/index.php\/qui-sommes-nous\/","title":{"rendered":"Qui sommes nous"},"content":{"rendered":"\t\t<div data-elementor-type=\"wp-page\" data-elementor-id=\"2816\" class=\"elementor elementor-2816\">\n\t\t\t\t<div class=\"elementor-element elementor-element-4da4426d e-con-full e-flex wpr-particle-no wpr-jarallax-no wpr-parallax-no wpr-sticky-section-no e-con e-parent\" data-id=\"4da4426d\" data-element_type=\"container\" data-settings=\"{&quot;background_background&quot;:&quot;classic&quot;}\">\n\t\t\t\t<div class=\"elementor-element elementor-element-70cd9971 elementor-widget elementor-widget-image\" data-id=\"70cd9971\" data-element_type=\"widget\" data-widget_type=\"image.default\">\n\t\t\t\t<div class=\"elementor-widget-container\">\n\t\t\t\t\t\t\t\t\t\t\t\t\t\t\t<img fetchpriority=\"high\" decoding=\"async\" width=\"2048\" height=\"639\" src=\"https:\/\/icom.tn\/wp-content\/uploads\/2024\/08\/general-2048x639-1.jpg\" class=\"attachment-full size-full wp-image-1557\" alt=\"\" srcset=\"https:\/\/icom.tn\/wp-content\/uploads\/2024\/08\/general-2048x639-1.jpg 2048w, https:\/\/icom.tn\/wp-content\/uploads\/2024\/08\/general-2048x639-1-300x94.jpg 300w, https:\/\/icom.tn\/wp-content\/uploads\/2024\/08\/general-2048x639-1-1024x320.jpg 1024w, https:\/\/icom.tn\/wp-content\/uploads\/2024\/08\/general-2048x639-1-768x240.jpg 768w, https:\/\/icom.tn\/wp-content\/uploads\/2024\/08\/general-2048x639-1-1536x479.jpg 1536w, https:\/\/icom.tn\/wp-content\/uploads\/2024\/08\/general-2048x639-1-600x187.jpg 600w\" sizes=\"(max-width: 2048px) 100vw, 2048px\" \/>\t\t\t\t\t\t\t\t\t\t\t\t\t\t\t<\/div>\n\t\t\t\t<\/div>\n\t\t\t\t<\/div>\n\t\t<div class=\"elementor-element elementor-element-43053ffd e-flex e-con-boxed wpr-particle-no wpr-jarallax-no wpr-parallax-no wpr-sticky-section-no e-con e-parent\" data-id=\"43053ffd\" data-element_type=\"container\">\n\t\t\t\t\t<div class=\"e-con-inner\">\n\t\t\t\t<div class=\"elementor-element elementor-element-7c4e48be elementor-widget elementor-widget-heading\" data-id=\"7c4e48be\" data-element_type=\"widget\" data-widget_type=\"heading.default\">\n\t\t\t\t<div class=\"elementor-widget-container\">\n\t\t\t\t\t<h2 class=\"elementor-heading-title elementor-size-default\">L\u2019INNOVATION EST NOTRE FORCE VITALE ICI ! <\/h2>\t\t\t\t<\/div>\n\t\t\t\t<\/div>\n\t\t\t\t\t<\/div>\n\t\t\t\t<\/div>\n\t\t<div class=\"elementor-element elementor-element-f474e89 e-flex e-con-boxed wpr-particle-no wpr-jarallax-no wpr-parallax-no wpr-sticky-section-no e-con e-parent\" data-id=\"f474e89\" data-element_type=\"container\">\n\t\t\t\t\t<div class=\"e-con-inner\">\n\t\t\t\t<div class=\"elementor-element elementor-element-187fcf21 elementor-widget elementor-widget-text-editor\" data-id=\"187fcf21\" data-element_type=\"widget\" data-widget_type=\"text-editor.default\">\n\t\t\t\t<div class=\"elementor-widget-container\">\n\t\t\t\t\t\t\t\t\t<p>ICOM\u00a0est une bo\u00eete de communication form\u00e9e par un groupe d\u2019experts passionn\u00e9s par le monde du marketing, du graphique et du d\u00e9veloppement web. Impression \u00ab\u00a0IPRINT\u00a0\u00bb et production audiovisuelle \u00ab\u00a0IPROD\u00a0\u00bb. Ils ont pour objectif de trouver les bonnes id\u00e9es qui vous feront sortir des sentiers battus en transcendant les barri\u00e8res de la cr\u00e9ativit\u00e9 et en optant pour des techniques et des strat\u00e9gies innovantes. Notre vision est de faire \u00e9voluer le monde de la communication dans notre pays et nous de nous imposer sur le march\u00e9 international. Nous sommes convaincus que tous les concepts, inventions, strat\u00e9gies, etc\u2026 qui ont chang\u00e9 le monde sont n\u00e9s d\u2019une simple id\u00e9e. C\u2019est pourquoi toute l\u2019\u00e9quipe met tout en \u0153uvre pour donner \u00e0 vos projets une touche originale et unique.<\/p><p>De la planification strat\u00e9gique \u00e0 l\u2019impression, passant par la communication digitale, nous pouvons prendre en charge votre projet, optimiser votre budget et minimiser les co\u00fbts.<\/p>\t\t\t\t\t\t\t\t<\/div>\n\t\t\t\t<\/div>\n\t\t\t\t\t<\/div>\n\t\t\t\t<\/div>\n\t\t<div class=\"elementor-element elementor-element-18cca3ef e-flex e-con-boxed wpr-particle-no wpr-jarallax-no wpr-parallax-no wpr-sticky-section-no e-con e-parent\" data-id=\"18cca3ef\" data-element_type=\"container\">\n\t\t\t\t\t<div class=\"e-con-inner\">\n\t\t<div class=\"elementor-element elementor-element-532d82d2 e-con-full e-flex wpr-particle-no wpr-jarallax-no wpr-parallax-no wpr-sticky-section-no e-con e-child\" data-id=\"532d82d2\" data-element_type=\"container\">\n\t\t<div class=\"elementor-element elementor-element-4f8c2e8 e-con-full e-flex wpr-particle-no wpr-jarallax-no wpr-parallax-no wpr-sticky-section-no e-con e-child\" data-id=\"4f8c2e8\" data-element_type=\"container\">\n\t\t\t\t<div class=\"elementor-element elementor-element-57753c8f elementor-widget elementor-widget-image\" data-id=\"57753c8f\" data-element_type=\"widget\" data-widget_type=\"image.default\">\n\t\t\t\t<div class=\"elementor-widget-container\">\n\t\t\t\t\t\t\t\t\t\t\t\t\t\t\t\t<a href=\"https:\/\/icom.tn\/index.php\/iprint\/\">\n\t\t\t\t\t\t\t<img decoding=\"async\" width=\"292\" height=\"292\" src=\"https:\/\/icom.tn\/wp-content\/uploads\/2024\/08\/ICON-IPRINT-1.png\" class=\"attachment-full size-full wp-image-1563\" alt=\"\" srcset=\"https:\/\/icom.tn\/wp-content\/uploads\/2024\/08\/ICON-IPRINT-1.png 292w, https:\/\/icom.tn\/wp-content\/uploads\/2024\/08\/ICON-IPRINT-1-150x150.png 150w, https:\/\/icom.tn\/wp-content\/uploads\/2024\/08\/ICON-IPRINT-1-100x100.png 100w, https:\/\/icom.tn\/wp-content\/uploads\/2024\/08\/elementor\/thumbs\/ICON-IPRINT-1-r1hy08r9f59jut1myscvxzbvq5ipfeo9s4xnjh03u4.png 126w\" sizes=\"(max-width: 292px) 100vw, 292px\" \/>\t\t\t\t\t\t\t\t<\/a>\n\t\t\t\t\t\t\t\t\t\t\t\t\t\t\t<\/div>\n\t\t\t\t<\/div>\n\t\t\t\t<\/div>\n\t\t\t\t<\/div>\n\t\t<div class=\"elementor-element elementor-element-13f9801f e-con-full e-flex wpr-particle-no wpr-jarallax-no wpr-parallax-no wpr-sticky-section-no e-con e-child\" data-id=\"13f9801f\" data-element_type=\"container\">\n\t\t<div class=\"elementor-element elementor-element-51be304d e-con-full e-flex wpr-particle-no wpr-jarallax-no wpr-parallax-no wpr-sticky-section-no e-con e-child\" data-id=\"51be304d\" data-element_type=\"container\">\n\t\t\t\t<div class=\"elementor-element elementor-element-5daf974f elementor-widget elementor-widget-image\" data-id=\"5daf974f\" data-element_type=\"widget\" data-widget_type=\"image.default\">\n\t\t\t\t<div class=\"elementor-widget-container\">\n\t\t\t\t\t\t\t\t\t\t\t\t\t\t\t\t<a href=\"https:\/\/icom.tn\/index.php\/icom\/\">\n\t\t\t\t\t\t\t<img decoding=\"async\" width=\"292\" height=\"292\" src=\"https:\/\/icom.tn\/wp-content\/uploads\/2024\/08\/ICON-ICOM-1-1.png\" class=\"attachment-large size-large wp-image-1564\" alt=\"\" srcset=\"https:\/\/icom.tn\/wp-content\/uploads\/2024\/08\/ICON-ICOM-1-1.png 292w, https:\/\/icom.tn\/wp-content\/uploads\/2024\/08\/ICON-ICOM-1-1-150x150.png 150w, https:\/\/icom.tn\/wp-content\/uploads\/2024\/08\/ICON-ICOM-1-1-100x100.png 100w, https:\/\/icom.tn\/wp-content\/uploads\/2024\/08\/elementor\/thumbs\/ICON-ICOM-1-1-qt6djetwilqsgmacolx9k8zk6lsh044vya5vsnjw3s.png 84w, https:\/\/icom.tn\/wp-content\/uploads\/2024\/08\/elementor\/thumbs\/ICON-ICOM-1-1-r1hy07tf8b89j73049y9dhkf4rnc7pkjg0a6271i0c.png 126w\" sizes=\"(max-width: 292px) 100vw, 292px\" \/>\t\t\t\t\t\t\t\t<\/a>\n\t\t\t\t\t\t\t\t\t\t\t\t\t\t\t<\/div>\n\t\t\t\t<\/div>\n\t\t\t\t<\/div>\n\t\t\t\t<\/div>\n\t\t<div class=\"elementor-element elementor-element-3c702f78 e-con-full e-flex wpr-particle-no wpr-jarallax-no wpr-parallax-no wpr-sticky-section-no e-con e-child\" data-id=\"3c702f78\" data-element_type=\"container\">\n\t\t<div class=\"elementor-element elementor-element-4703c122 e-con-full e-flex wpr-particle-no wpr-jarallax-no wpr-parallax-no wpr-sticky-section-no e-con e-child\" data-id=\"4703c122\" data-element_type=\"container\">\n\t\t\t\t<div class=\"elementor-element elementor-element-3e15ee5c elementor-widget elementor-widget-image\" data-id=\"3e15ee5c\" data-element_type=\"widget\" data-widget_type=\"image.default\">\n\t\t\t\t<div class=\"elementor-widget-container\">\n\t\t\t\t\t\t\t\t\t\t\t\t\t\t\t\t<a href=\"https:\/\/icom.tn\/index.php\/iprod\/\">\n\t\t\t\t\t\t\t<img loading=\"lazy\" decoding=\"async\" width=\"292\" height=\"292\" src=\"https:\/\/icom.tn\/wp-content\/uploads\/2024\/08\/ICON-IPROD-1.png\" class=\"attachment-full size-full wp-image-1562\" alt=\"\" srcset=\"https:\/\/icom.tn\/wp-content\/uploads\/2024\/08\/ICON-IPROD-1.png 292w, https:\/\/icom.tn\/wp-content\/uploads\/2024\/08\/ICON-IPROD-1-150x150.png 150w, https:\/\/icom.tn\/wp-content\/uploads\/2024\/08\/ICON-IPROD-1-100x100.png 100w, https:\/\/icom.tn\/wp-content\/uploads\/2024\/08\/elementor\/thumbs\/ICON-IPROD-1-r1hy08r9f59jut1myscvxzbvq5ipfeo9s4xnjh03u4.png 126w\" sizes=\"(max-width: 292px) 100vw, 292px\" \/>\t\t\t\t\t\t\t\t<\/a>\n\t\t\t\t\t\t\t\t\t\t\t\t\t\t\t<\/div>\n\t\t\t\t<\/div>\n\t\t\t\t<\/div>\n\t\t\t\t<\/div>\n\t\t\t\t\t<\/div>\n\t\t\t\t<\/div>\n\t\t<div class=\"elementor-element elementor-element-561f9dd e-flex e-con-boxed wpr-particle-no wpr-jarallax-no wpr-parallax-no wpr-sticky-section-no e-con e-parent\" data-id=\"561f9dd\" data-element_type=\"container\">\n\t\t\t\t\t<div class=\"e-con-inner\">\n\t\t\t\t<div class=\"elementor-element elementor-element-26eafcd elementor-widget elementor-widget-heading\" data-id=\"26eafcd\" data-element_type=\"widget\" data-widget_type=\"heading.default\">\n\t\t\t\t<div class=\"elementor-widget-container\">\n\t\t\t\t\t<h2 class=\"elementor-heading-title elementor-size-default\">WHO ARE WE ?<\/h2>\t\t\t\t<\/div>\n\t\t\t\t<\/div>\n\t\t\t\t\t<\/div>\n\t\t\t\t<\/div>\n\t\t<div class=\"elementor-element elementor-element-6e68d5a e-flex e-con-boxed wpr-particle-no wpr-jarallax-no wpr-parallax-no wpr-sticky-section-no e-con e-parent\" data-id=\"6e68d5a\" data-element_type=\"container\">\n\t\t\t\t\t<div class=\"e-con-inner\">\n\t\t\t\t<div class=\"elementor-element elementor-element-5a36b87 elementor-widget elementor-widget-image\" data-id=\"5a36b87\" data-element_type=\"widget\" data-widget_type=\"image.default\">\n\t\t\t\t<div class=\"elementor-widget-container\">\n\t\t\t\t\t\t\t\t\t\t\t\t\t\t\t\t<a href=\"https:\/\/www.youtube.com\/watch?v=AFokVUOqBmw\" target=\"_blank\">\n\t\t\t\t\t\t\t<img decoding=\"async\" src=\"https:\/\/icom.tn\/wp-content\/uploads\/2025\/11\/Capture.jpg\" title=\"icom sousse\" alt=\"icom sousse\" loading=\"lazy\" \/>\t\t\t\t\t\t\t\t<\/a>\n\t\t\t\t\t\t\t\t\t\t\t\t\t\t\t<\/div>\n\t\t\t\t<\/div>\n\t\t\t\t\t<\/div>\n\t\t\t\t<\/div>\n\t\t<div class=\"elementor-element elementor-element-f3e9425 e-flex e-con-boxed wpr-particle-no wpr-jarallax-no wpr-parallax-no wpr-sticky-section-no e-con e-parent\" data-id=\"f3e9425\" data-element_type=\"container\">\n\t\t\t\t\t<div class=\"e-con-inner\">\n\t\t\t\t\t<\/div>\n\t\t\t\t<\/div>\n\t\t\t\t<\/div>\n\t\t","protected":false},"excerpt":{"rendered":"<p>L\u2019INNOVATION EST NOTRE FORCE VITALE ICI ! ICOM\u00a0est une bo\u00eete de communication form\u00e9e par un groupe d\u2019experts passionn\u00e9s par le monde du marketing, du graphique et du d\u00e9veloppement web. Impression \u00ab\u00a0IPRINT\u00a0\u00bb et production audiovisuelle \u00ab\u00a0IPROD\u00a0\u00bb. Ils ont pour objectif de trouver les bonnes id\u00e9es qui vous feront sortir des sentiers battus en transcendant les barri\u00e8res de la cr\u00e9ativit\u00e9 et en optant pour des techniques et des strat\u00e9gies innovantes. Notre vision est de faire \u00e9voluer le monde de la communication dans notre pays et nous de nous imposer sur le march\u00e9 international. Nous sommes convaincus que tous les concepts, inventions, strat\u00e9gies, etc\u2026 qui ont chang\u00e9 le monde sont n\u00e9s d\u2019une simple id\u00e9e. C\u2019est pourquoi toute l\u2019\u00e9quipe met tout en \u0153uvre pour donner \u00e0 vos projets une touche originale et unique. De la planification strat\u00e9gique \u00e0 l\u2019impression, passant par la communication digitale, nous pouvons prendre en charge votre projet, optimiser votre budget et minimiser les co\u00fbts. WHO ARE WE ?<\/p>\n","protected":false},"author":1,"featured_media":0,"parent":0,"menu_order":0,"comment_status":"closed","ping_status":"closed","template":"","meta":{"footnotes":""},"class_list":["post-2816","page","type-page","status-publish","hentry"],"yoast_head":"<!-- This site is optimized with the Yoast SEO plugin v24.4 - https:\/\/yoast.com\/wordpress\/plugins\/seo\/ -->\n<title>Qui sommes nous -<\/title>\n<meta name=\"robots\" content=\"index, follow, max-snippet:-1, max-image-preview:large, max-video-preview:-1\" \/>\n<link rel=\"canonical\" href=\"https:\/\/icom.tn\/index.php\/qui-sommes-nous\/\" \/>\n<meta property=\"og:locale\" content=\"en_US\" \/>\n<meta property=\"og:type\" content=\"article\" \/>\n<meta property=\"og:title\" content=\"Qui sommes nous -\" \/>\n<meta property=\"og:description\" content=\"L\u2019INNOVATION EST NOTRE FORCE VITALE ICI ! ICOM\u00a0est une bo\u00eete de communication form\u00e9e par un groupe d\u2019experts passionn\u00e9s par le monde du marketing, du graphique et du d\u00e9veloppement web. Impression \u00ab\u00a0IPRINT\u00a0\u00bb et production audiovisuelle \u00ab\u00a0IPROD\u00a0\u00bb. Ils ont pour objectif de trouver les bonnes id\u00e9es qui vous feront sortir des sentiers battus en transcendant les barri\u00e8res de la cr\u00e9ativit\u00e9 et en optant pour des techniques et des strat\u00e9gies innovantes. Notre vision est de faire \u00e9voluer le monde de la communication dans notre pays et nous de nous imposer sur le march\u00e9 international. Nous sommes convaincus que tous les concepts, inventions, strat\u00e9gies, etc\u2026 qui ont chang\u00e9 le monde sont n\u00e9s d\u2019une simple id\u00e9e. C\u2019est pourquoi toute l\u2019\u00e9quipe met tout en \u0153uvre pour donner \u00e0 vos projets une touche originale et unique. De la planification strat\u00e9gique \u00e0 l\u2019impression, passant par la communication digitale, nous pouvons prendre en charge votre projet, optimiser votre budget et minimiser les co\u00fbts. WHO ARE WE ?\" \/>\n<meta property=\"og:url\" content=\"https:\/\/icom.tn\/index.php\/qui-sommes-nous\/\" \/>\n<meta property=\"article:publisher\" content=\"https:\/\/www.facebook.com\/icomtun\" \/>\n<meta property=\"article:modified_time\" content=\"2025-11-20T11:47:45+00:00\" \/>\n<meta property=\"og:image\" content=\"https:\/\/icom.tn\/wp-content\/uploads\/2024\/08\/general-2048x639-1.jpg\" \/>\n\t<meta property=\"og:image:width\" content=\"2048\" \/>\n\t<meta property=\"og:image:height\" content=\"639\" \/>\n\t<meta property=\"og:image:type\" content=\"image\/jpeg\" \/>\n<meta name=\"twitter:card\" content=\"summary_large_image\" \/>\n<meta name=\"twitter:label1\" content=\"Est. reading time\" \/>\n\t<meta name=\"twitter:data1\" content=\"2 minutes\" \/>\n<script type=\"application\/ld+json\" class=\"yoast-schema-graph\">{\"@context\":\"https:\/\/schema.org\",\"@graph\":[{\"@type\":\"WebPage\",\"@id\":\"https:\/\/icom.tn\/index.php\/qui-sommes-nous\/\",\"url\":\"https:\/\/icom.tn\/index.php\/qui-sommes-nous\/\",\"name\":\"Qui sommes nous -\",\"isPartOf\":{\"@id\":\"https:\/\/icom.tn\/#website\"},\"primaryImageOfPage\":{\"@id\":\"https:\/\/icom.tn\/index.php\/qui-sommes-nous\/#primaryimage\"},\"image\":{\"@id\":\"https:\/\/icom.tn\/index.php\/qui-sommes-nous\/#primaryimage\"},\"thumbnailUrl\":\"https:\/\/icom.tn\/wp-content\/uploads\/2024\/08\/general-2048x639-1.jpg\",\"datePublished\":\"2024-09-26T12:16:44+00:00\",\"dateModified\":\"2025-11-20T11:47:45+00:00\",\"breadcrumb\":{\"@id\":\"https:\/\/icom.tn\/index.php\/qui-sommes-nous\/#breadcrumb\"},\"inLanguage\":\"en-US\",\"potentialAction\":[{\"@type\":\"ReadAction\",\"target\":[\"https:\/\/icom.tn\/index.php\/qui-sommes-nous\/\"]}]},{\"@type\":\"ImageObject\",\"inLanguage\":\"en-US\",\"@id\":\"https:\/\/icom.tn\/index.php\/qui-sommes-nous\/#primaryimage\",\"url\":\"https:\/\/icom.tn\/wp-content\/uploads\/2024\/08\/general-2048x639-1.jpg\",\"contentUrl\":\"https:\/\/icom.tn\/wp-content\/uploads\/2024\/08\/general-2048x639-1.jpg\",\"width\":2048,\"height\":639},{\"@type\":\"BreadcrumbList\",\"@id\":\"https:\/\/icom.tn\/index.php\/qui-sommes-nous\/#breadcrumb\",\"itemListElement\":[{\"@type\":\"ListItem\",\"position\":1,\"name\":\"Accueil\",\"item\":\"https:\/\/icom.tn\/\"},{\"@type\":\"ListItem\",\"position\":2,\"name\":\"Qui sommes nous\"}]},{\"@type\":\"WebSite\",\"@id\":\"https:\/\/icom.tn\/#website\",\"url\":\"https:\/\/icom.tn\/\",\"name\":\"ICOM\",\"description\":\"\",\"publisher\":{\"@id\":\"https:\/\/icom.tn\/#organization\"},\"potentialAction\":[{\"@type\":\"SearchAction\",\"target\":{\"@type\":\"EntryPoint\",\"urlTemplate\":\"https:\/\/icom.tn\/?s={search_term_string}\"},\"query-input\":{\"@type\":\"PropertyValueSpecification\",\"valueRequired\":true,\"valueName\":\"search_term_string\"}}],\"inLanguage\":\"en-US\"},{\"@type\":\"Organization\",\"@id\":\"https:\/\/icom.tn\/#organization\",\"name\":\"ICOM\",\"url\":\"https:\/\/icom.tn\/\",\"logo\":{\"@type\":\"ImageObject\",\"inLanguage\":\"en-US\",\"@id\":\"https:\/\/icom.tn\/#\/schema\/logo\/image\/\",\"url\":\"https:\/\/icom.tn\/wp-content\/uploads\/2024\/08\/logo-desktop.png\",\"contentUrl\":\"https:\/\/icom.tn\/wp-content\/uploads\/2024\/08\/logo-desktop.png\",\"width\":120,\"height\":120,\"caption\":\"ICOM\"},\"image\":{\"@id\":\"https:\/\/icom.tn\/#\/schema\/logo\/image\/\"},\"sameAs\":[\"https:\/\/www.facebook.com\/icomtun\",\"https:\/\/tn.linkedin.com\/company\/icomtun\"]}]}<\/script>\n<!-- \/ Yoast SEO plugin. -->","yoast_head_json":{"title":"Qui sommes nous -","robots":{"index":"index","follow":"follow","max-snippet":"max-snippet:-1","max-image-preview":"max-image-preview:large","max-video-preview":"max-video-preview:-1"},"canonical":"https:\/\/icom.tn\/index.php\/qui-sommes-nous\/","og_locale":"en_US","og_type":"article","og_title":"Qui sommes nous -","og_description":"L\u2019INNOVATION EST NOTRE FORCE VITALE ICI ! ICOM\u00a0est une bo\u00eete de communication form\u00e9e par un groupe d\u2019experts passionn\u00e9s par le monde du marketing, du graphique et du d\u00e9veloppement web. Impression \u00ab\u00a0IPRINT\u00a0\u00bb et production audiovisuelle \u00ab\u00a0IPROD\u00a0\u00bb. Ils ont pour objectif de trouver les bonnes id\u00e9es qui vous feront sortir des sentiers battus en transcendant les barri\u00e8res de la cr\u00e9ativit\u00e9 et en optant pour des techniques et des strat\u00e9gies innovantes. Notre vision est de faire \u00e9voluer le monde de la communication dans notre pays et nous de nous imposer sur le march\u00e9 international. Nous sommes convaincus que tous les concepts, inventions, strat\u00e9gies, etc\u2026 qui ont chang\u00e9 le monde sont n\u00e9s d\u2019une simple id\u00e9e. C\u2019est pourquoi toute l\u2019\u00e9quipe met tout en \u0153uvre pour donner \u00e0 vos projets une touche originale et unique. De la planification strat\u00e9gique \u00e0 l\u2019impression, passant par la communication digitale, nous pouvons prendre en charge votre projet, optimiser votre budget et minimiser les co\u00fbts. WHO ARE WE ?","og_url":"https:\/\/icom.tn\/index.php\/qui-sommes-nous\/","article_publisher":"https:\/\/www.facebook.com\/icomtun","article_modified_time":"2025-11-20T11:47:45+00:00","og_image":[{"width":2048,"height":639,"url":"https:\/\/icom.tn\/wp-content\/uploads\/2024\/08\/general-2048x639-1.jpg","type":"image\/jpeg"}],"twitter_card":"summary_large_image","twitter_misc":{"Est. reading time":"2 minutes"},"schema":{"@context":"https:\/\/schema.org","@graph":[{"@type":"WebPage","@id":"https:\/\/icom.tn\/index.php\/qui-sommes-nous\/","url":"https:\/\/icom.tn\/index.php\/qui-sommes-nous\/","name":"Qui sommes nous -","isPartOf":{"@id":"https:\/\/icom.tn\/#website"},"primaryImageOfPage":{"@id":"https:\/\/icom.tn\/index.php\/qui-sommes-nous\/#primaryimage"},"image":{"@id":"https:\/\/icom.tn\/index.php\/qui-sommes-nous\/#primaryimage"},"thumbnailUrl":"https:\/\/icom.tn\/wp-content\/uploads\/2024\/08\/general-2048x639-1.jpg","datePublished":"2024-09-26T12:16:44+00:00","dateModified":"2025-11-20T11:47:45+00:00","breadcrumb":{"@id":"https:\/\/icom.tn\/index.php\/qui-sommes-nous\/#breadcrumb"},"inLanguage":"en-US","potentialAction":[{"@type":"ReadAction","target":["https:\/\/icom.tn\/index.php\/qui-sommes-nous\/"]}]},{"@type":"ImageObject","inLanguage":"en-US","@id":"https:\/\/icom.tn\/index.php\/qui-sommes-nous\/#primaryimage","url":"https:\/\/icom.tn\/wp-content\/uploads\/2024\/08\/general-2048x639-1.jpg","contentUrl":"https:\/\/icom.tn\/wp-content\/uploads\/2024\/08\/general-2048x639-1.jpg","width":2048,"height":639},{"@type":"BreadcrumbList","@id":"https:\/\/icom.tn\/index.php\/qui-sommes-nous\/#breadcrumb","itemListElement":[{"@type":"ListItem","position":1,"name":"Accueil","item":"https:\/\/icom.tn\/"},{"@type":"ListItem","position":2,"name":"Qui sommes nous"}]},{"@type":"WebSite","@id":"https:\/\/icom.tn\/#website","url":"https:\/\/icom.tn\/","name":"ICOM","description":"","publisher":{"@id":"https:\/\/icom.tn\/#organization"},"potentialAction":[{"@type":"SearchAction","target":{"@type":"EntryPoint","urlTemplate":"https:\/\/icom.tn\/?s={search_term_string}"},"query-input":{"@type":"PropertyValueSpecification","valueRequired":true,"valueName":"search_term_string"}}],"inLanguage":"en-US"},{"@type":"Organization","@id":"https:\/\/icom.tn\/#organization","name":"ICOM","url":"https:\/\/icom.tn\/","logo":{"@type":"ImageObject","inLanguage":"en-US","@id":"https:\/\/icom.tn\/#\/schema\/logo\/image\/","url":"https:\/\/icom.tn\/wp-content\/uploads\/2024\/08\/logo-desktop.png","contentUrl":"https:\/\/icom.tn\/wp-content\/uploads\/2024\/08\/logo-desktop.png","width":120,"height":120,"caption":"ICOM"},"image":{"@id":"https:\/\/icom.tn\/#\/schema\/logo\/image\/"},"sameAs":["https:\/\/www.facebook.com\/icomtun","https:\/\/tn.linkedin.com\/company\/icomtun"]}]}},"jetpack_sharing_enabled":true,"_links":{"self":[{"href":"https:\/\/icom.tn\/index.php\/wp-json\/wp\/v2\/pages\/2816","targetHints":{"allow":["GET"]}}],"collection":[{"href":"https:\/\/icom.tn\/index.php\/wp-json\/wp\/v2\/pages"}],"about":[{"href":"https:\/\/icom.tn\/index.php\/wp-json\/wp\/v2\/types\/page"}],"author":[{"embeddable":true,"href":"https:\/\/icom.tn\/index.php\/wp-json\/wp\/v2\/users\/1"}],"replies":[{"embeddable":true,"href":"https:\/\/icom.tn\/index.php\/wp-json\/wp\/v2\/comments?post=2816"}],"version-history":[{"count":34,"href":"https:\/\/icom.tn\/index.php\/wp-json\/wp\/v2\/pages\/2816\/revisions"}],"predecessor-version":[{"id":3819,"href":"https:\/\/icom.tn\/index.php\/wp-json\/wp\/v2\/pages\/2816\/revisions\/3819"}],"wp:attachment":[{"href":"https:\/\/icom.tn\/index.php\/wp-json\/wp\/v2\/media?parent=2816"}],"curies":[{"name":"wp","href":"https:\/\/api.w.org\/{rel}","templated":true}]}}