{"id":2507,"date":"2024-09-15T20:58:50","date_gmt":"2024-09-15T18:58:50","guid":{"rendered":"https:\/\/icom.tn\/?page_id=2507"},"modified":"2025-08-28T15:44:43","modified_gmt":"2025-08-28T13:44:43","slug":"production-audio-visuelle","status":"publish","type":"page","link":"https:\/\/icom.tn\/index.php\/production-audio-visuelle\/","title":{"rendered":"Production audio visuelle"},"content":{"rendered":"\t\t<div data-elementor-type=\"wp-page\" data-elementor-id=\"2507\" class=\"elementor elementor-2507\">\n\t\t\t\t<div class=\"elementor-element elementor-element-4159eb64 e-con-full e-flex wpr-particle-no wpr-jarallax-no wpr-parallax-no wpr-sticky-section-no e-con e-parent\" data-id=\"4159eb64\" data-element_type=\"container\" data-settings=\"{&quot;background_background&quot;:&quot;classic&quot;}\">\n\t\t\t\t<div class=\"elementor-element elementor-element-5a1cd644 elementor-widget elementor-widget-image\" data-id=\"5a1cd644\" data-element_type=\"widget\" data-widget_type=\"image.default\">\n\t\t\t\t<div class=\"elementor-widget-container\">\n\t\t\t\t\t\t\t\t\t\t\t\t\t\t\t<img fetchpriority=\"high\" decoding=\"async\" width=\"2048\" height=\"639\" src=\"https:\/\/icom.tn\/wp-content\/uploads\/2024\/09\/prod-2048x639-1.jpg\" class=\"attachment-full size-full wp-image-2542\" alt=\"\" srcset=\"https:\/\/icom.tn\/wp-content\/uploads\/2024\/09\/prod-2048x639-1.jpg 2048w, https:\/\/icom.tn\/wp-content\/uploads\/2024\/09\/prod-2048x639-1-300x94.jpg 300w, https:\/\/icom.tn\/wp-content\/uploads\/2024\/09\/prod-2048x639-1-1024x320.jpg 1024w, https:\/\/icom.tn\/wp-content\/uploads\/2024\/09\/prod-2048x639-1-768x240.jpg 768w, https:\/\/icom.tn\/wp-content\/uploads\/2024\/09\/prod-2048x639-1-1536x479.jpg 1536w\" sizes=\"(max-width: 2048px) 100vw, 2048px\" \/>\t\t\t\t\t\t\t\t\t\t\t\t\t\t\t<\/div>\n\t\t\t\t<\/div>\n\t\t\t\t<\/div>\n\t\t<div class=\"elementor-element elementor-element-7d76263 e-flex e-con-boxed wpr-particle-no wpr-jarallax-no wpr-parallax-no wpr-sticky-section-no e-con e-parent\" data-id=\"7d76263\" data-element_type=\"container\">\n\t\t\t\t\t<div class=\"e-con-inner\">\n\t\t\t\t<div class=\"elementor-element elementor-element-6e975859 elementor-widget elementor-widget-heading\" data-id=\"6e975859\" data-element_type=\"widget\" data-widget_type=\"heading.default\">\n\t\t\t\t<div class=\"elementor-widget-container\">\n\t\t\t\t\t<h2 class=\"elementor-heading-title elementor-size-default\">D\u00c9MARQUEZ-VOUS\nAVEC IPROD<\/h2>\t\t\t\t<\/div>\n\t\t\t\t<\/div>\n\t\t\t\t\t<\/div>\n\t\t\t\t<\/div>\n\t\t<div class=\"elementor-element elementor-element-1ce13f38 e-flex e-con-boxed wpr-particle-no wpr-jarallax-no wpr-parallax-no wpr-sticky-section-no e-con e-parent\" data-id=\"1ce13f38\" data-element_type=\"container\">\n\t\t\t\t\t<div class=\"e-con-inner\">\n\t\t\t\t<div class=\"elementor-element elementor-element-3bda5ffe elementor-widget elementor-widget-text-editor\" data-id=\"3bda5ffe\" data-element_type=\"widget\" data-widget_type=\"text-editor.default\">\n\t\t\t\t<div class=\"elementor-widget-container\">\n\t\t\t\t\t\t\t\t\tIPROD est une agence audiovisuelle sp\u00e9cialis\u00e9e dans la strat\u00e9gie, la cr\u00e9ation et la production de contenus vid\u00e9o et photo.\nGr\u00e2ce \u00e0 notre savoir-faire dans le domaine, nous faisons briller votre marque en cr\u00e9ant le contenu adapt\u00e9 \u00e0 votre besoin et \u00e0 votre budget. Nous pouvons r\u00e9aliser votre projet de A \u00e0 Z, de l\u2019id\u00e9e \u00e0 la post-production.\nNos talents mettent le tout \u00e0 votre service pour tout type de prestation audiovisuelle : photographie, film d\u2019entreprise, vid\u00e9o, motion-design, sc\u00e9nario, rep\u00e9rages, casting, story-board, costumes, maquillage, studio.\t\t\t\t\t\t\t\t<\/div>\n\t\t\t\t<\/div>\n\t\t\t\t\t<\/div>\n\t\t\t\t<\/div>\n\t\t<div class=\"elementor-element elementor-element-7e6a1e05 e-flex e-con-boxed wpr-particle-no wpr-jarallax-no wpr-parallax-no wpr-sticky-section-no e-con e-parent\" data-id=\"7e6a1e05\" data-element_type=\"container\">\n\t\t\t\t\t<div class=\"e-con-inner\">\n\t\t<div class=\"elementor-element elementor-element-6de669e0 e-con-full e-flex wpr-particle-no wpr-jarallax-no wpr-parallax-no wpr-sticky-section-no e-con e-child\" data-id=\"6de669e0\" data-element_type=\"container\">\n\t\t<div class=\"elementor-element elementor-element-3a8e5771 e-con-full e-flex wpr-particle-no wpr-jarallax-no wpr-parallax-no wpr-sticky-section-no e-con e-child\" data-id=\"3a8e5771\" data-element_type=\"container\">\n\t\t\t\t<div class=\"elementor-element elementor-element-15e0a9b2 elementor-widget elementor-widget-image\" data-id=\"15e0a9b2\" data-element_type=\"widget\" data-widget_type=\"image.default\">\n\t\t\t\t<div class=\"elementor-widget-container\">\n\t\t\t\t\t\t\t\t\t\t\t\t\t\t\t\t<a href=\"https:\/\/icom.tn\/index.php\/elementor-page-2563\/\">\n\t\t\t\t\t\t\t<img decoding=\"async\" width=\"800\" height=\"800\" src=\"https:\/\/icom.tn\/wp-content\/uploads\/2024\/09\/1-01.png\" class=\"attachment-large size-large wp-image-2318\" alt=\"\" srcset=\"https:\/\/icom.tn\/wp-content\/uploads\/2024\/09\/1-01.png 801w, https:\/\/icom.tn\/wp-content\/uploads\/2024\/09\/1-01-300x300.png 300w, https:\/\/icom.tn\/wp-content\/uploads\/2024\/09\/1-01-150x150.png 150w, https:\/\/icom.tn\/wp-content\/uploads\/2024\/09\/1-01-768x768.png 768w, https:\/\/icom.tn\/wp-content\/uploads\/2024\/09\/1-01-650x650.png 650w\" sizes=\"(max-width: 800px) 100vw, 800px\" \/>\t\t\t\t\t\t\t\t<\/a>\n\t\t\t\t\t\t\t\t\t\t\t\t\t\t\t<\/div>\n\t\t\t\t<\/div>\n\t\t\t\t<\/div>\n\t\t\t\t<div class=\"elementor-element elementor-element-8ec75db elementor-widget elementor-widget-heading\" data-id=\"8ec75db\" data-element_type=\"widget\" data-widget_type=\"heading.default\">\n\t\t\t\t<div class=\"elementor-widget-container\">\n\t\t\t\t\t<h6 class=\"elementor-heading-title elementor-size-default\">Shooting Photos<\/h6>\t\t\t\t<\/div>\n\t\t\t\t<\/div>\n\t\t\t\t<\/div>\n\t\t<div class=\"elementor-element elementor-element-df744b9 e-con-full e-flex wpr-particle-no wpr-jarallax-no wpr-parallax-no wpr-sticky-section-no e-con e-child\" data-id=\"df744b9\" data-element_type=\"container\">\n\t\t<div class=\"elementor-element elementor-element-5b53247 e-con-full e-flex wpr-particle-no wpr-jarallax-no wpr-parallax-no wpr-sticky-section-no e-con e-child\" data-id=\"5b53247\" data-element_type=\"container\">\n\t\t\t\t<div class=\"elementor-element elementor-element-15a6d32 elementor-widget elementor-widget-image\" data-id=\"15a6d32\" data-element_type=\"widget\" data-widget_type=\"image.default\">\n\t\t\t\t<div class=\"elementor-widget-container\">\n\t\t\t\t\t\t\t\t\t\t\t\t\t\t\t\t<a href=\"https:\/\/icom.tn\/index.php\/film-dentreprise\/\">\n\t\t\t\t\t\t\t<img decoding=\"async\" width=\"800\" height=\"800\" src=\"https:\/\/icom.tn\/wp-content\/uploads\/2024\/09\/1-02.png\" class=\"attachment-large size-large wp-image-2319\" alt=\"\" srcset=\"https:\/\/icom.tn\/wp-content\/uploads\/2024\/09\/1-02.png 801w, https:\/\/icom.tn\/wp-content\/uploads\/2024\/09\/1-02-300x300.png 300w, https:\/\/icom.tn\/wp-content\/uploads\/2024\/09\/1-02-150x150.png 150w, https:\/\/icom.tn\/wp-content\/uploads\/2024\/09\/1-02-768x768.png 768w, https:\/\/icom.tn\/wp-content\/uploads\/2024\/09\/1-02-650x650.png 650w\" sizes=\"(max-width: 800px) 100vw, 800px\" \/>\t\t\t\t\t\t\t\t<\/a>\n\t\t\t\t\t\t\t\t\t\t\t\t\t\t\t<\/div>\n\t\t\t\t<\/div>\n\t\t\t\t<\/div>\n\t\t\t\t<div class=\"elementor-element elementor-element-3e09e4e elementor-widget elementor-widget-heading\" data-id=\"3e09e4e\" data-element_type=\"widget\" data-widget_type=\"heading.default\">\n\t\t\t\t<div class=\"elementor-widget-container\">\n\t\t\t\t\t<h6 class=\"elementor-heading-title elementor-size-default\">FILM D'entreprise<\/h6>\t\t\t\t<\/div>\n\t\t\t\t<\/div>\n\t\t\t\t<\/div>\n\t\t<div class=\"elementor-element elementor-element-57505b6 e-con-full e-flex wpr-particle-no wpr-jarallax-no wpr-parallax-no wpr-sticky-section-no e-con e-child\" data-id=\"57505b6\" data-element_type=\"container\">\n\t\t<div class=\"elementor-element elementor-element-522ff7a3 e-con-full e-flex wpr-particle-no wpr-jarallax-no wpr-parallax-no wpr-sticky-section-no e-con e-child\" data-id=\"522ff7a3\" data-element_type=\"container\">\n\t\t\t\t<div class=\"elementor-element elementor-element-669363e1 elementor-widget elementor-widget-image\" data-id=\"669363e1\" data-element_type=\"widget\" data-widget_type=\"image.default\">\n\t\t\t\t<div class=\"elementor-widget-container\">\n\t\t\t\t\t\t\t\t\t\t\t\t\t\t\t<img loading=\"lazy\" decoding=\"async\" width=\"801\" height=\"801\" src=\"https:\/\/icom.tn\/wp-content\/uploads\/2024\/09\/1-04.png\" class=\"attachment-full size-full wp-image-2321\" alt=\"\" srcset=\"https:\/\/icom.tn\/wp-content\/uploads\/2024\/09\/1-04.png 801w, https:\/\/icom.tn\/wp-content\/uploads\/2024\/09\/1-04-300x300.png 300w, https:\/\/icom.tn\/wp-content\/uploads\/2024\/09\/1-04-150x150.png 150w, https:\/\/icom.tn\/wp-content\/uploads\/2024\/09\/1-04-768x768.png 768w, https:\/\/icom.tn\/wp-content\/uploads\/2024\/09\/1-04-650x650.png 650w\" sizes=\"(max-width: 801px) 100vw, 801px\" \/>\t\t\t\t\t\t\t\t\t\t\t\t\t\t\t<\/div>\n\t\t\t\t<\/div>\n\t\t\t\t<\/div>\n\t\t\t\t<div class=\"elementor-element elementor-element-2c7a9f72 elementor-widget elementor-widget-heading\" data-id=\"2c7a9f72\" data-element_type=\"widget\" data-widget_type=\"heading.default\">\n\t\t\t\t<div class=\"elementor-widget-container\">\n\t\t\t\t\t<h6 class=\"elementor-heading-title elementor-size-default\">mOTION gRAPHIC<\/h6>\t\t\t\t<\/div>\n\t\t\t\t<\/div>\n\t\t\t\t<\/div>\n\t\t<div class=\"elementor-element elementor-element-5a6107bf e-con-full e-flex wpr-particle-no wpr-jarallax-no wpr-parallax-no wpr-sticky-section-no e-con e-child\" data-id=\"5a6107bf\" data-element_type=\"container\">\n\t\t<div class=\"elementor-element elementor-element-1d4c0251 e-con-full e-flex wpr-particle-no wpr-jarallax-no wpr-parallax-no wpr-sticky-section-no e-con e-child\" data-id=\"1d4c0251\" data-element_type=\"container\">\n\t\t\t\t<div class=\"elementor-element elementor-element-476d70c1 elementor-widget elementor-widget-image\" data-id=\"476d70c1\" data-element_type=\"widget\" data-widget_type=\"image.default\">\n\t\t\t\t<div class=\"elementor-widget-container\">\n\t\t\t\t\t\t\t\t\t\t\t\t\t\t\t<img loading=\"lazy\" decoding=\"async\" width=\"801\" height=\"801\" src=\"https:\/\/icom.tn\/wp-content\/uploads\/2024\/09\/1-03.png\" class=\"attachment-full size-full wp-image-2320\" alt=\"\" srcset=\"https:\/\/icom.tn\/wp-content\/uploads\/2024\/09\/1-03.png 801w, https:\/\/icom.tn\/wp-content\/uploads\/2024\/09\/1-03-300x300.png 300w, https:\/\/icom.tn\/wp-content\/uploads\/2024\/09\/1-03-150x150.png 150w, https:\/\/icom.tn\/wp-content\/uploads\/2024\/09\/1-03-768x768.png 768w, https:\/\/icom.tn\/wp-content\/uploads\/2024\/09\/1-03-650x650.png 650w\" sizes=\"(max-width: 801px) 100vw, 801px\" \/>\t\t\t\t\t\t\t\t\t\t\t\t\t\t\t<\/div>\n\t\t\t\t<\/div>\n\t\t\t\t<\/div>\n\t\t\t\t<div class=\"elementor-element elementor-element-3e13147a elementor-widget elementor-widget-heading\" data-id=\"3e13147a\" data-element_type=\"widget\" data-widget_type=\"heading.default\">\n\t\t\t\t<div class=\"elementor-widget-container\">\n\t\t\t\t\t<h6 class=\"elementor-heading-title elementor-size-default\">mINI vIDeo<\/h6>\t\t\t\t<\/div>\n\t\t\t\t<\/div>\n\t\t\t\t<\/div>\n\t\t\t\t\t<\/div>\n\t\t\t\t<\/div>\n\t\t\t\t<\/div>\n\t\t","protected":false},"excerpt":{"rendered":"<p>D\u00c9MARQUEZ-VOUS AVEC IPROD IPROD est une agence audiovisuelle sp\u00e9cialis\u00e9e dans la strat\u00e9gie, la cr\u00e9ation et la production de contenus vid\u00e9o et photo. Gr\u00e2ce \u00e0 notre savoir-faire dans le domaine, nous faisons briller votre marque en cr\u00e9ant le contenu adapt\u00e9 \u00e0 votre besoin et \u00e0 votre budget. Nous pouvons r\u00e9aliser votre projet de A \u00e0 Z, de l\u2019id\u00e9e \u00e0 la post-production. Nos talents mettent le tout \u00e0 votre service pour tout type de prestation audiovisuelle : photographie, film d\u2019entreprise, vid\u00e9o, motion-design, sc\u00e9nario, rep\u00e9rages, casting, story-board, costumes, maquillage, studio. Shooting Photos FILM D&#8217;entreprise mOTION gRAPHIC mINI vIDeo<\/p>\n","protected":false},"author":1,"featured_media":0,"parent":0,"menu_order":0,"comment_status":"closed","ping_status":"closed","template":"","meta":{"footnotes":""},"class_list":["post-2507","page","type-page","status-publish","hentry"],"yoast_head":"<!-- This site is optimized with the Yoast SEO plugin v24.4 - https:\/\/yoast.com\/wordpress\/plugins\/seo\/ -->\n<title>Production audio visuelle -<\/title>\n<meta name=\"robots\" content=\"index, follow, max-snippet:-1, max-image-preview:large, max-video-preview:-1\" \/>\n<link rel=\"canonical\" href=\"https:\/\/icom.tn\/index.php\/production-audio-visuelle\/\" \/>\n<meta property=\"og:locale\" content=\"en_US\" \/>\n<meta property=\"og:type\" content=\"article\" \/>\n<meta property=\"og:title\" content=\"Production audio visuelle -\" \/>\n<meta property=\"og:description\" content=\"D\u00c9MARQUEZ-VOUS AVEC IPROD IPROD est une agence audiovisuelle sp\u00e9cialis\u00e9e dans la strat\u00e9gie, la cr\u00e9ation et la production de contenus vid\u00e9o et photo. Gr\u00e2ce \u00e0 notre savoir-faire dans le domaine, nous faisons briller votre marque en cr\u00e9ant le contenu adapt\u00e9 \u00e0 votre besoin et \u00e0 votre budget. Nous pouvons r\u00e9aliser votre projet de A \u00e0 Z, de l\u2019id\u00e9e \u00e0 la post-production. Nos talents mettent le tout \u00e0 votre service pour tout type de prestation audiovisuelle : photographie, film d\u2019entreprise, vid\u00e9o, motion-design, sc\u00e9nario, rep\u00e9rages, casting, story-board, costumes, maquillage, studio. Shooting Photos FILM D&#8217;entreprise mOTION gRAPHIC mINI vIDeo\" \/>\n<meta property=\"og:url\" content=\"https:\/\/icom.tn\/index.php\/production-audio-visuelle\/\" \/>\n<meta property=\"article:publisher\" content=\"https:\/\/www.facebook.com\/icomtun\" \/>\n<meta property=\"article:modified_time\" content=\"2025-08-28T13:44:43+00:00\" \/>\n<meta property=\"og:image\" content=\"https:\/\/icom.tn\/wp-content\/uploads\/2024\/09\/prod-2048x639-1.jpg\" \/>\n\t<meta property=\"og:image:width\" content=\"2048\" \/>\n\t<meta property=\"og:image:height\" content=\"639\" \/>\n\t<meta property=\"og:image:type\" content=\"image\/jpeg\" \/>\n<meta name=\"twitter:card\" content=\"summary_large_image\" \/>\n<meta name=\"twitter:label1\" content=\"Est. reading time\" \/>\n\t<meta name=\"twitter:data1\" content=\"2 minutes\" \/>\n<script type=\"application\/ld+json\" class=\"yoast-schema-graph\">{\"@context\":\"https:\/\/schema.org\",\"@graph\":[{\"@type\":\"WebPage\",\"@id\":\"https:\/\/icom.tn\/index.php\/production-audio-visuelle\/\",\"url\":\"https:\/\/icom.tn\/index.php\/production-audio-visuelle\/\",\"name\":\"Production audio visuelle -\",\"isPartOf\":{\"@id\":\"https:\/\/icom.tn\/#website\"},\"primaryImageOfPage\":{\"@id\":\"https:\/\/icom.tn\/index.php\/production-audio-visuelle\/#primaryimage\"},\"image\":{\"@id\":\"https:\/\/icom.tn\/index.php\/production-audio-visuelle\/#primaryimage\"},\"thumbnailUrl\":\"https:\/\/icom.tn\/wp-content\/uploads\/2024\/09\/prod-2048x639-1.jpg\",\"datePublished\":\"2024-09-15T18:58:50+00:00\",\"dateModified\":\"2025-08-28T13:44:43+00:00\",\"breadcrumb\":{\"@id\":\"https:\/\/icom.tn\/index.php\/production-audio-visuelle\/#breadcrumb\"},\"inLanguage\":\"en-US\",\"potentialAction\":[{\"@type\":\"ReadAction\",\"target\":[\"https:\/\/icom.tn\/index.php\/production-audio-visuelle\/\"]}]},{\"@type\":\"ImageObject\",\"inLanguage\":\"en-US\",\"@id\":\"https:\/\/icom.tn\/index.php\/production-audio-visuelle\/#primaryimage\",\"url\":\"https:\/\/icom.tn\/wp-content\/uploads\/2024\/09\/prod-2048x639-1.jpg\",\"contentUrl\":\"https:\/\/icom.tn\/wp-content\/uploads\/2024\/09\/prod-2048x639-1.jpg\",\"width\":2048,\"height\":639},{\"@type\":\"BreadcrumbList\",\"@id\":\"https:\/\/icom.tn\/index.php\/production-audio-visuelle\/#breadcrumb\",\"itemListElement\":[{\"@type\":\"ListItem\",\"position\":1,\"name\":\"Accueil\",\"item\":\"https:\/\/icom.tn\/\"},{\"@type\":\"ListItem\",\"position\":2,\"name\":\"Production audio visuelle\"}]},{\"@type\":\"WebSite\",\"@id\":\"https:\/\/icom.tn\/#website\",\"url\":\"https:\/\/icom.tn\/\",\"name\":\"ICOM\",\"description\":\"\",\"publisher\":{\"@id\":\"https:\/\/icom.tn\/#organization\"},\"potentialAction\":[{\"@type\":\"SearchAction\",\"target\":{\"@type\":\"EntryPoint\",\"urlTemplate\":\"https:\/\/icom.tn\/?s={search_term_string}\"},\"query-input\":{\"@type\":\"PropertyValueSpecification\",\"valueRequired\":true,\"valueName\":\"search_term_string\"}}],\"inLanguage\":\"en-US\"},{\"@type\":\"Organization\",\"@id\":\"https:\/\/icom.tn\/#organization\",\"name\":\"ICOM\",\"url\":\"https:\/\/icom.tn\/\",\"logo\":{\"@type\":\"ImageObject\",\"inLanguage\":\"en-US\",\"@id\":\"https:\/\/icom.tn\/#\/schema\/logo\/image\/\",\"url\":\"https:\/\/icom.tn\/wp-content\/uploads\/2024\/08\/logo-desktop.png\",\"contentUrl\":\"https:\/\/icom.tn\/wp-content\/uploads\/2024\/08\/logo-desktop.png\",\"width\":120,\"height\":120,\"caption\":\"ICOM\"},\"image\":{\"@id\":\"https:\/\/icom.tn\/#\/schema\/logo\/image\/\"},\"sameAs\":[\"https:\/\/www.facebook.com\/icomtun\",\"https:\/\/tn.linkedin.com\/company\/icomtun\"]}]}<\/script>\n<!-- \/ Yoast SEO plugin. -->","yoast_head_json":{"title":"Production audio visuelle -","robots":{"index":"index","follow":"follow","max-snippet":"max-snippet:-1","max-image-preview":"max-image-preview:large","max-video-preview":"max-video-preview:-1"},"canonical":"https:\/\/icom.tn\/index.php\/production-audio-visuelle\/","og_locale":"en_US","og_type":"article","og_title":"Production audio visuelle -","og_description":"D\u00c9MARQUEZ-VOUS AVEC IPROD IPROD est une agence audiovisuelle sp\u00e9cialis\u00e9e dans la strat\u00e9gie, la cr\u00e9ation et la production de contenus vid\u00e9o et photo. Gr\u00e2ce \u00e0 notre savoir-faire dans le domaine, nous faisons briller votre marque en cr\u00e9ant le contenu adapt\u00e9 \u00e0 votre besoin et \u00e0 votre budget. Nous pouvons r\u00e9aliser votre projet de A \u00e0 Z, de l\u2019id\u00e9e \u00e0 la post-production. Nos talents mettent le tout \u00e0 votre service pour tout type de prestation audiovisuelle : photographie, film d\u2019entreprise, vid\u00e9o, motion-design, sc\u00e9nario, rep\u00e9rages, casting, story-board, costumes, maquillage, studio. Shooting Photos FILM D&#8217;entreprise mOTION gRAPHIC mINI vIDeo","og_url":"https:\/\/icom.tn\/index.php\/production-audio-visuelle\/","article_publisher":"https:\/\/www.facebook.com\/icomtun","article_modified_time":"2025-08-28T13:44:43+00:00","og_image":[{"width":2048,"height":639,"url":"https:\/\/icom.tn\/wp-content\/uploads\/2024\/09\/prod-2048x639-1.jpg","type":"image\/jpeg"}],"twitter_card":"summary_large_image","twitter_misc":{"Est. reading time":"2 minutes"},"schema":{"@context":"https:\/\/schema.org","@graph":[{"@type":"WebPage","@id":"https:\/\/icom.tn\/index.php\/production-audio-visuelle\/","url":"https:\/\/icom.tn\/index.php\/production-audio-visuelle\/","name":"Production audio visuelle -","isPartOf":{"@id":"https:\/\/icom.tn\/#website"},"primaryImageOfPage":{"@id":"https:\/\/icom.tn\/index.php\/production-audio-visuelle\/#primaryimage"},"image":{"@id":"https:\/\/icom.tn\/index.php\/production-audio-visuelle\/#primaryimage"},"thumbnailUrl":"https:\/\/icom.tn\/wp-content\/uploads\/2024\/09\/prod-2048x639-1.jpg","datePublished":"2024-09-15T18:58:50+00:00","dateModified":"2025-08-28T13:44:43+00:00","breadcrumb":{"@id":"https:\/\/icom.tn\/index.php\/production-audio-visuelle\/#breadcrumb"},"inLanguage":"en-US","potentialAction":[{"@type":"ReadAction","target":["https:\/\/icom.tn\/index.php\/production-audio-visuelle\/"]}]},{"@type":"ImageObject","inLanguage":"en-US","@id":"https:\/\/icom.tn\/index.php\/production-audio-visuelle\/#primaryimage","url":"https:\/\/icom.tn\/wp-content\/uploads\/2024\/09\/prod-2048x639-1.jpg","contentUrl":"https:\/\/icom.tn\/wp-content\/uploads\/2024\/09\/prod-2048x639-1.jpg","width":2048,"height":639},{"@type":"BreadcrumbList","@id":"https:\/\/icom.tn\/index.php\/production-audio-visuelle\/#breadcrumb","itemListElement":[{"@type":"ListItem","position":1,"name":"Accueil","item":"https:\/\/icom.tn\/"},{"@type":"ListItem","position":2,"name":"Production audio visuelle"}]},{"@type":"WebSite","@id":"https:\/\/icom.tn\/#website","url":"https:\/\/icom.tn\/","name":"ICOM","description":"","publisher":{"@id":"https:\/\/icom.tn\/#organization"},"potentialAction":[{"@type":"SearchAction","target":{"@type":"EntryPoint","urlTemplate":"https:\/\/icom.tn\/?s={search_term_string}"},"query-input":{"@type":"PropertyValueSpecification","valueRequired":true,"valueName":"search_term_string"}}],"inLanguage":"en-US"},{"@type":"Organization","@id":"https:\/\/icom.tn\/#organization","name":"ICOM","url":"https:\/\/icom.tn\/","logo":{"@type":"ImageObject","inLanguage":"en-US","@id":"https:\/\/icom.tn\/#\/schema\/logo\/image\/","url":"https:\/\/icom.tn\/wp-content\/uploads\/2024\/08\/logo-desktop.png","contentUrl":"https:\/\/icom.tn\/wp-content\/uploads\/2024\/08\/logo-desktop.png","width":120,"height":120,"caption":"ICOM"},"image":{"@id":"https:\/\/icom.tn\/#\/schema\/logo\/image\/"},"sameAs":["https:\/\/www.facebook.com\/icomtun","https:\/\/tn.linkedin.com\/company\/icomtun"]}]}},"jetpack_sharing_enabled":true,"_links":{"self":[{"href":"https:\/\/icom.tn\/index.php\/wp-json\/wp\/v2\/pages\/2507","targetHints":{"allow":["GET"]}}],"collection":[{"href":"https:\/\/icom.tn\/index.php\/wp-json\/wp\/v2\/pages"}],"about":[{"href":"https:\/\/icom.tn\/index.php\/wp-json\/wp\/v2\/types\/page"}],"author":[{"embeddable":true,"href":"https:\/\/icom.tn\/index.php\/wp-json\/wp\/v2\/users\/1"}],"replies":[{"embeddable":true,"href":"https:\/\/icom.tn\/index.php\/wp-json\/wp\/v2\/comments?post=2507"}],"version-history":[{"count":11,"href":"https:\/\/icom.tn\/index.php\/wp-json\/wp\/v2\/pages\/2507\/revisions"}],"predecessor-version":[{"id":3613,"href":"https:\/\/icom.tn\/index.php\/wp-json\/wp\/v2\/pages\/2507\/revisions\/3613"}],"wp:attachment":[{"href":"https:\/\/icom.tn\/index.php\/wp-json\/wp\/v2\/media?parent=2507"}],"curies":[{"name":"wp","href":"https:\/\/api.w.org\/{rel}","templated":true}]}}