{"id":2466,"date":"2024-09-13T23:40:08","date_gmt":"2024-09-13T21:40:08","guid":{"rendered":"https:\/\/icom.tn\/?page_id=2466"},"modified":"2025-08-28T15:29:37","modified_gmt":"2025-08-28T13:29:37","slug":"elementor-page-2466","status":"publish","type":"page","link":"https:\/\/icom.tn\/index.php\/elementor-page-2466\/","title":{"rendered":"STRUCTURE PLV"},"content":{"rendered":"\t\t<div data-elementor-type=\"wp-page\" data-elementor-id=\"2466\" class=\"elementor elementor-2466\">\n\t\t\t\t<div class=\"elementor-element elementor-element-7b9b1984 e-con-full e-flex wpr-particle-no wpr-jarallax-no wpr-parallax-no wpr-sticky-section-no e-con e-parent\" data-id=\"7b9b1984\" data-element_type=\"container\" data-settings=\"{&quot;background_background&quot;:&quot;classic&quot;}\">\n\t\t\t\t<div class=\"elementor-element elementor-element-34468b2f elementor-widget elementor-widget-image\" data-id=\"34468b2f\" data-element_type=\"widget\" data-widget_type=\"image.default\">\n\t\t\t\t<div class=\"elementor-widget-container\">\n\t\t\t\t\t\t\t\t\t\t\t\t\t\t\t<img fetchpriority=\"high\" decoding=\"async\" width=\"1600\" height=\"499\" src=\"https:\/\/icom.tn\/wp-content\/uploads\/2025\/08\/81787603-1ef7-46f3-8fc1-61152bf12a6b.jpg\" class=\"attachment-full size-full wp-image-3575\" alt=\"\" srcset=\"https:\/\/icom.tn\/wp-content\/uploads\/2025\/08\/81787603-1ef7-46f3-8fc1-61152bf12a6b.jpg 1600w, https:\/\/icom.tn\/wp-content\/uploads\/2025\/08\/81787603-1ef7-46f3-8fc1-61152bf12a6b-300x94.jpg 300w, https:\/\/icom.tn\/wp-content\/uploads\/2025\/08\/81787603-1ef7-46f3-8fc1-61152bf12a6b-1024x319.jpg 1024w, https:\/\/icom.tn\/wp-content\/uploads\/2025\/08\/81787603-1ef7-46f3-8fc1-61152bf12a6b-768x240.jpg 768w, https:\/\/icom.tn\/wp-content\/uploads\/2025\/08\/81787603-1ef7-46f3-8fc1-61152bf12a6b-1536x479.jpg 1536w\" sizes=\"(max-width: 1600px) 100vw, 1600px\" \/>\t\t\t\t\t\t\t\t\t\t\t\t\t\t\t<\/div>\n\t\t\t\t<\/div>\n\t\t\t\t<\/div>\n\t\t<div class=\"elementor-element elementor-element-2cadd431 e-flex e-con-boxed wpr-particle-no wpr-jarallax-no wpr-parallax-no wpr-sticky-section-no e-con e-parent\" data-id=\"2cadd431\" data-element_type=\"container\">\n\t\t\t\t\t<div class=\"e-con-inner\">\n\t\t\t\t<div class=\"elementor-element elementor-element-664fe86d elementor-widget elementor-widget-heading\" data-id=\"664fe86d\" data-element_type=\"widget\" data-widget_type=\"heading.default\">\n\t\t\t\t<div class=\"elementor-widget-container\">\n\t\t\t\t\t<h2 class=\"elementor-heading-title elementor-size-default\">STRUCTURE PLV\n<\/h2>\t\t\t\t<\/div>\n\t\t\t\t<\/div>\n\t\t\t\t\t<\/div>\n\t\t\t\t<\/div>\n\t\t<div class=\"elementor-element elementor-element-23d52a4c e-flex e-con-boxed wpr-particle-no wpr-jarallax-no wpr-parallax-no wpr-sticky-section-no e-con e-parent\" data-id=\"23d52a4c\" data-element_type=\"container\">\n\t\t\t\t\t<div class=\"e-con-inner\">\n\t\t\t\t<div class=\"elementor-element elementor-element-26058cc6 elementor-widget elementor-widget-text-editor\" data-id=\"26058cc6\" data-element_type=\"widget\" data-widget_type=\"text-editor.default\">\n\t\t\t\t<div class=\"elementor-widget-container\">\n\t\t\t\t\t\t\t\t\tSi vous \u00eates \u00e0 la recherche d\u2019un partenaire pour la r\u00e9alisation d\u2019un PLV, Roll Up, X-Banner, stands, desks, cadres d\u2019affichage, drapeaux publicitaires, Press Wall, plaques en Plexiglass, ou autre, Iprint vous accompagnera dans le choix de l\u2019outil de communication le plus ad\u00e9quat pour votre stand ou votre magasin. Avant tout nous vous conseillerons sur le meilleur type de PLV \u00e0 choisir, la taille id\u00e9ale pour un impact maximal de votre communication. Et bien plus encore nous produirons vos PLV de mani\u00e8re professionnelle pour vous satisfaire.\n\n\t\t\t\t\t\t\t\t<\/div>\n\t\t\t\t<\/div>\n\t\t\t\t\t<\/div>\n\t\t\t\t<\/div>\n\t\t<div class=\"elementor-element elementor-element-910fa9d e-flex e-con-boxed wpr-particle-no wpr-jarallax-no wpr-parallax-no wpr-sticky-section-no e-con e-parent\" data-id=\"910fa9d\" data-element_type=\"container\">\n\t\t\t\t\t<div class=\"e-con-inner\">\n\t\t\t\t<div class=\"elementor-element elementor-element-212ffd4 elementor-arrows-position-inside elementor-pagination-position-outside elementor-widget elementor-widget-image-carousel\" data-id=\"212ffd4\" data-element_type=\"widget\" data-settings=\"{&quot;navigation&quot;:&quot;both&quot;,&quot;autoplay&quot;:&quot;yes&quot;,&quot;pause_on_hover&quot;:&quot;yes&quot;,&quot;pause_on_interaction&quot;:&quot;yes&quot;,&quot;autoplay_speed&quot;:5000,&quot;infinite&quot;:&quot;yes&quot;,&quot;speed&quot;:500}\" data-widget_type=\"image-carousel.default\">\n\t\t\t\t<div class=\"elementor-widget-container\">\n\t\t\t\t\t\t\t<div class=\"elementor-image-carousel-wrapper swiper\" role=\"region\" aria-roledescription=\"carousel\" aria-label=\"Carrousel d\u2019images\" dir=\"ltr\">\n\t\t\t<div class=\"elementor-image-carousel swiper-wrapper\" aria-live=\"off\">\n\t\t\t\t\t\t\t\t<div class=\"swiper-slide\" role=\"group\" aria-roledescription=\"slide\" aria-label=\"1 of 4\"><figure class=\"swiper-slide-inner\"><img decoding=\"async\" class=\"swiper-slide-image\" src=\"https:\/\/icom.tn\/wp-content\/uploads\/2024\/09\/12.png\" alt=\"12\" \/><\/figure><\/div><div class=\"swiper-slide\" role=\"group\" aria-roledescription=\"slide\" aria-label=\"2 of 4\"><figure class=\"swiper-slide-inner\"><img decoding=\"async\" class=\"swiper-slide-image\" src=\"https:\/\/icom.tn\/wp-content\/uploads\/2024\/09\/9.png\" alt=\"9\" \/><\/figure><\/div><div class=\"swiper-slide\" role=\"group\" aria-roledescription=\"slide\" aria-label=\"3 of 4\"><figure class=\"swiper-slide-inner\"><img decoding=\"async\" class=\"swiper-slide-image\" src=\"https:\/\/icom.tn\/wp-content\/uploads\/2024\/09\/10.png\" alt=\"10\" \/><\/figure><\/div><div class=\"swiper-slide\" role=\"group\" aria-roledescription=\"slide\" aria-label=\"4 of 4\"><figure class=\"swiper-slide-inner\"><img decoding=\"async\" class=\"swiper-slide-image\" src=\"https:\/\/icom.tn\/wp-content\/uploads\/2024\/09\/11.png\" alt=\"11\" \/><\/figure><\/div>\t\t\t<\/div>\n\t\t\t\t\t\t\t\t\t\t\t\t<div class=\"elementor-swiper-button elementor-swiper-button-prev\" role=\"button\" tabindex=\"0\">\n\t\t\t\t\t\t<svg aria-hidden=\"true\" class=\"e-font-icon-svg e-eicon-chevron-left\" viewBox=\"0 0 1000 1000\" xmlns=\"http:\/\/www.w3.org\/2000\/svg\"><path d=\"M646 125C629 125 613 133 604 142L308 442C296 454 292 471 292 487 292 504 296 521 308 533L604 854C617 867 629 875 646 875 663 875 679 871 692 858 704 846 713 829 713 812 713 796 708 779 692 767L438 487 692 225C700 217 708 204 708 187 708 171 704 154 692 142 675 129 663 125 646 125Z\"><\/path><\/svg>\t\t\t\t\t<\/div>\n\t\t\t\t\t<div class=\"elementor-swiper-button elementor-swiper-button-next\" role=\"button\" tabindex=\"0\">\n\t\t\t\t\t\t<svg aria-hidden=\"true\" class=\"e-font-icon-svg e-eicon-chevron-right\" viewBox=\"0 0 1000 1000\" xmlns=\"http:\/\/www.w3.org\/2000\/svg\"><path d=\"M696 533C708 521 713 504 713 487 713 471 708 454 696 446L400 146C388 133 375 125 354 125 338 125 325 129 313 142 300 154 292 171 292 187 292 204 296 221 308 233L563 492 304 771C292 783 288 800 288 817 288 833 296 850 308 863 321 871 338 875 354 875 371 875 388 867 400 854L696 533Z\"><\/path><\/svg>\t\t\t\t\t<\/div>\n\t\t\t\t\n\t\t\t\t\t\t\t\t\t<div class=\"swiper-pagination\"><\/div>\n\t\t\t\t\t\t\t\t\t<\/div>\n\t\t\t\t\t\t<\/div>\n\t\t\t\t<\/div>\n\t\t\t\t\t<\/div>\n\t\t\t\t<\/div>\n\t\t<div class=\"elementor-element elementor-element-c595cae e-flex e-con-boxed wpr-particle-no wpr-jarallax-no wpr-parallax-no wpr-sticky-section-no e-con e-parent\" data-id=\"c595cae\" data-element_type=\"container\">\n\t\t\t\t\t<div class=\"e-con-inner\">\n\t\t\t\t<div class=\"elementor-element elementor-element-7930574 elementor-widget elementor-widget-heading\" data-id=\"7930574\" data-element_type=\"widget\" data-widget_type=\"heading.default\">\n\t\t\t\t<div class=\"elementor-widget-container\">\n\t\t\t\t\t<h2 class=\"elementor-heading-title elementor-size-default\">Stands et desk<\/h2>\t\t\t\t<\/div>\n\t\t\t\t<\/div>\n\t\t\t\t\t<\/div>\n\t\t\t\t<\/div>\n\t\t<div class=\"elementor-element elementor-element-ae65b33 e-flex e-con-boxed wpr-particle-no wpr-jarallax-no wpr-parallax-no wpr-sticky-section-no e-con e-parent\" data-id=\"ae65b33\" data-element_type=\"container\">\n\t\t\t\t\t<div class=\"e-con-inner\">\n\t\t\t\t<div class=\"elementor-element elementor-element-5a71fdb elementor-arrows-position-inside elementor-pagination-position-outside elementor-widget elementor-widget-image-carousel\" data-id=\"5a71fdb\" data-element_type=\"widget\" data-settings=\"{&quot;navigation&quot;:&quot;both&quot;,&quot;autoplay&quot;:&quot;yes&quot;,&quot;pause_on_hover&quot;:&quot;yes&quot;,&quot;pause_on_interaction&quot;:&quot;yes&quot;,&quot;autoplay_speed&quot;:5000,&quot;infinite&quot;:&quot;yes&quot;,&quot;speed&quot;:500}\" data-widget_type=\"image-carousel.default\">\n\t\t\t\t<div class=\"elementor-widget-container\">\n\t\t\t\t\t\t\t<div class=\"elementor-image-carousel-wrapper swiper\" role=\"region\" aria-roledescription=\"carousel\" aria-label=\"Carrousel d\u2019images\" dir=\"ltr\">\n\t\t\t<div class=\"elementor-image-carousel swiper-wrapper\" aria-live=\"off\">\n\t\t\t\t\t\t\t\t<div class=\"swiper-slide\" role=\"group\" aria-roledescription=\"slide\" aria-label=\"1 of 4\"><figure class=\"swiper-slide-inner\"><img decoding=\"async\" class=\"swiper-slide-image\" src=\"https:\/\/icom.tn\/wp-content\/uploads\/2024\/09\/11-1.jpg\" alt=\"11 (1)\" \/><\/figure><\/div><div class=\"swiper-slide\" role=\"group\" aria-roledescription=\"slide\" aria-label=\"2 of 4\"><figure class=\"swiper-slide-inner\"><img decoding=\"async\" class=\"swiper-slide-image\" src=\"https:\/\/icom.tn\/wp-content\/uploads\/2024\/09\/14.jpg\" alt=\"14\" \/><\/figure><\/div><div class=\"swiper-slide\" role=\"group\" aria-roledescription=\"slide\" aria-label=\"3 of 4\"><figure class=\"swiper-slide-inner\"><img decoding=\"async\" class=\"swiper-slide-image\" src=\"https:\/\/icom.tn\/wp-content\/uploads\/2024\/09\/13.jpg\" alt=\"13\" \/><\/figure><\/div><div class=\"swiper-slide\" role=\"group\" aria-roledescription=\"slide\" aria-label=\"4 of 4\"><figure class=\"swiper-slide-inner\"><img decoding=\"async\" class=\"swiper-slide-image\" src=\"https:\/\/icom.tn\/wp-content\/uploads\/2024\/09\/12.jpg\" alt=\"12\" \/><\/figure><\/div>\t\t\t<\/div>\n\t\t\t\t\t\t\t\t\t\t\t\t<div class=\"elementor-swiper-button elementor-swiper-button-prev\" role=\"button\" tabindex=\"0\">\n\t\t\t\t\t\t<svg aria-hidden=\"true\" class=\"e-font-icon-svg e-eicon-chevron-left\" viewBox=\"0 0 1000 1000\" xmlns=\"http:\/\/www.w3.org\/2000\/svg\"><path d=\"M646 125C629 125 613 133 604 142L308 442C296 454 292 471 292 487 292 504 296 521 308 533L604 854C617 867 629 875 646 875 663 875 679 871 692 858 704 846 713 829 713 812 713 796 708 779 692 767L438 487 692 225C700 217 708 204 708 187 708 171 704 154 692 142 675 129 663 125 646 125Z\"><\/path><\/svg>\t\t\t\t\t<\/div>\n\t\t\t\t\t<div class=\"elementor-swiper-button elementor-swiper-button-next\" role=\"button\" tabindex=\"0\">\n\t\t\t\t\t\t<svg aria-hidden=\"true\" class=\"e-font-icon-svg e-eicon-chevron-right\" viewBox=\"0 0 1000 1000\" xmlns=\"http:\/\/www.w3.org\/2000\/svg\"><path d=\"M696 533C708 521 713 504 713 487 713 471 708 454 696 446L400 146C388 133 375 125 354 125 338 125 325 129 313 142 300 154 292 171 292 187 292 204 296 221 308 233L563 492 304 771C292 783 288 800 288 817 288 833 296 850 308 863 321 871 338 875 354 875 371 875 388 867 400 854L696 533Z\"><\/path><\/svg>\t\t\t\t\t<\/div>\n\t\t\t\t\n\t\t\t\t\t\t\t\t\t<div class=\"swiper-pagination\"><\/div>\n\t\t\t\t\t\t\t\t\t<\/div>\n\t\t\t\t\t\t<\/div>\n\t\t\t\t<\/div>\n\t\t\t\t\t<\/div>\n\t\t\t\t<\/div>\n\t\t<div class=\"elementor-element elementor-element-8443c15 e-flex e-con-boxed wpr-particle-no wpr-jarallax-no wpr-parallax-no wpr-sticky-section-no e-con e-parent\" data-id=\"8443c15\" data-element_type=\"container\">\n\t\t\t\t\t<div class=\"e-con-inner\">\n\t\t\t\t<div class=\"elementor-element elementor-element-f0e2c1f elementor-widget elementor-widget-heading\" data-id=\"f0e2c1f\" data-element_type=\"widget\" data-widget_type=\"heading.default\">\n\t\t\t\t<div class=\"elementor-widget-container\">\n\t\t\t\t\t<h2 class=\"elementor-heading-title elementor-size-default\">CADRES D\u2019AFFICHAGE\n<\/h2>\t\t\t\t<\/div>\n\t\t\t\t<\/div>\n\t\t\t\t\t<\/div>\n\t\t\t\t<\/div>\n\t\t<div class=\"elementor-element elementor-element-894b0b2 e-flex e-con-boxed wpr-particle-no wpr-jarallax-no wpr-parallax-no wpr-sticky-section-no e-con e-parent\" data-id=\"894b0b2\" data-element_type=\"container\">\n\t\t\t\t\t<div class=\"e-con-inner\">\n\t\t\t\t<div class=\"elementor-element elementor-element-bf57608 elementor-arrows-position-inside elementor-pagination-position-outside elementor-widget elementor-widget-image-carousel\" data-id=\"bf57608\" data-element_type=\"widget\" data-settings=\"{&quot;navigation&quot;:&quot;both&quot;,&quot;autoplay&quot;:&quot;yes&quot;,&quot;pause_on_hover&quot;:&quot;yes&quot;,&quot;pause_on_interaction&quot;:&quot;yes&quot;,&quot;autoplay_speed&quot;:5000,&quot;infinite&quot;:&quot;yes&quot;,&quot;speed&quot;:500}\" data-widget_type=\"image-carousel.default\">\n\t\t\t\t<div class=\"elementor-widget-container\">\n\t\t\t\t\t\t\t<div class=\"elementor-image-carousel-wrapper swiper\" role=\"region\" aria-roledescription=\"carousel\" aria-label=\"Carrousel d\u2019images\" dir=\"ltr\">\n\t\t\t<div class=\"elementor-image-carousel swiper-wrapper\" aria-live=\"off\">\n\t\t\t\t\t\t\t\t<div class=\"swiper-slide\" role=\"group\" aria-roledescription=\"slide\" aria-label=\"1 of 4\"><figure class=\"swiper-slide-inner\"><img decoding=\"async\" class=\"swiper-slide-image\" src=\"https:\/\/icom.tn\/wp-content\/uploads\/2024\/09\/8.jpg\" alt=\"8\" \/><\/figure><\/div><div class=\"swiper-slide\" role=\"group\" aria-roledescription=\"slide\" aria-label=\"2 of 4\"><figure class=\"swiper-slide-inner\"><img decoding=\"async\" class=\"swiper-slide-image\" src=\"https:\/\/icom.tn\/wp-content\/uploads\/2024\/09\/Sans-titre-1.jpg\" alt=\"Sans-titre-1\" \/><\/figure><\/div><div class=\"swiper-slide\" role=\"group\" aria-roledescription=\"slide\" aria-label=\"3 of 4\"><figure class=\"swiper-slide-inner\"><img decoding=\"async\" class=\"swiper-slide-image\" src=\"https:\/\/icom.tn\/wp-content\/uploads\/2024\/09\/7.jpg\" alt=\"7\" \/><\/figure><\/div><div class=\"swiper-slide\" role=\"group\" aria-roledescription=\"slide\" aria-label=\"4 of 4\"><figure class=\"swiper-slide-inner\"><img decoding=\"async\" class=\"swiper-slide-image\" src=\"https:\/\/icom.tn\/wp-content\/uploads\/2024\/09\/9.jpg\" alt=\"9\" \/><\/figure><\/div>\t\t\t<\/div>\n\t\t\t\t\t\t\t\t\t\t\t\t<div class=\"elementor-swiper-button elementor-swiper-button-prev\" role=\"button\" tabindex=\"0\">\n\t\t\t\t\t\t<svg aria-hidden=\"true\" class=\"e-font-icon-svg e-eicon-chevron-left\" viewBox=\"0 0 1000 1000\" xmlns=\"http:\/\/www.w3.org\/2000\/svg\"><path d=\"M646 125C629 125 613 133 604 142L308 442C296 454 292 471 292 487 292 504 296 521 308 533L604 854C617 867 629 875 646 875 663 875 679 871 692 858 704 846 713 829 713 812 713 796 708 779 692 767L438 487 692 225C700 217 708 204 708 187 708 171 704 154 692 142 675 129 663 125 646 125Z\"><\/path><\/svg>\t\t\t\t\t<\/div>\n\t\t\t\t\t<div class=\"elementor-swiper-button elementor-swiper-button-next\" role=\"button\" tabindex=\"0\">\n\t\t\t\t\t\t<svg aria-hidden=\"true\" class=\"e-font-icon-svg e-eicon-chevron-right\" viewBox=\"0 0 1000 1000\" xmlns=\"http:\/\/www.w3.org\/2000\/svg\"><path d=\"M696 533C708 521 713 504 713 487 713 471 708 454 696 446L400 146C388 133 375 125 354 125 338 125 325 129 313 142 300 154 292 171 292 187 292 204 296 221 308 233L563 492 304 771C292 783 288 800 288 817 288 833 296 850 308 863 321 871 338 875 354 875 371 875 388 867 400 854L696 533Z\"><\/path><\/svg>\t\t\t\t\t<\/div>\n\t\t\t\t\n\t\t\t\t\t\t\t\t\t<div class=\"swiper-pagination\"><\/div>\n\t\t\t\t\t\t\t\t\t<\/div>\n\t\t\t\t\t\t<\/div>\n\t\t\t\t<\/div>\n\t\t\t\t\t<\/div>\n\t\t\t\t<\/div>\n\t\t\t\t<\/div>\n\t\t","protected":false},"excerpt":{"rendered":"<p>STRUCTURE PLV Si vous \u00eates \u00e0 la recherche d\u2019un partenaire pour la r\u00e9alisation d\u2019un PLV, Roll Up, X-Banner, stands, desks, cadres d\u2019affichage, drapeaux publicitaires, Press Wall, plaques en Plexiglass, ou autre, Iprint vous accompagnera dans le choix de l\u2019outil de communication le plus ad\u00e9quat pour votre stand ou votre magasin. Avant tout nous vous conseillerons sur le meilleur type de PLV \u00e0 choisir, la taille id\u00e9ale pour un impact maximal de votre communication. Et bien plus encore nous produirons vos PLV de mani\u00e8re professionnelle pour vous satisfaire. Stands et desk CADRES D\u2019AFFICHAGE<\/p>\n","protected":false},"author":1,"featured_media":0,"parent":0,"menu_order":0,"comment_status":"closed","ping_status":"closed","template":"","meta":{"footnotes":""},"class_list":["post-2466","page","type-page","status-publish","hentry"],"yoast_head":"<!-- This site is optimized with the Yoast SEO plugin v24.4 - https:\/\/yoast.com\/wordpress\/plugins\/seo\/ -->\n<title>STRUCTURE PLV -<\/title>\n<meta name=\"robots\" content=\"index, follow, max-snippet:-1, max-image-preview:large, max-video-preview:-1\" \/>\n<link rel=\"canonical\" href=\"https:\/\/icom.tn\/index.php\/elementor-page-2466\/\" \/>\n<meta property=\"og:locale\" content=\"en_US\" \/>\n<meta property=\"og:type\" content=\"article\" \/>\n<meta property=\"og:title\" content=\"STRUCTURE PLV -\" \/>\n<meta property=\"og:description\" content=\"STRUCTURE PLV Si vous \u00eates \u00e0 la recherche d\u2019un partenaire pour la r\u00e9alisation d\u2019un PLV, Roll Up, X-Banner, stands, desks, cadres d\u2019affichage, drapeaux publicitaires, Press Wall, plaques en Plexiglass, ou autre, Iprint vous accompagnera dans le choix de l\u2019outil de communication le plus ad\u00e9quat pour votre stand ou votre magasin. Avant tout nous vous conseillerons sur le meilleur type de PLV \u00e0 choisir, la taille id\u00e9ale pour un impact maximal de votre communication. Et bien plus encore nous produirons vos PLV de mani\u00e8re professionnelle pour vous satisfaire. Stands et desk CADRES D\u2019AFFICHAGE\" \/>\n<meta property=\"og:url\" content=\"https:\/\/icom.tn\/index.php\/elementor-page-2466\/\" \/>\n<meta property=\"article:publisher\" content=\"https:\/\/www.facebook.com\/icomtun\" \/>\n<meta property=\"article:modified_time\" content=\"2025-08-28T13:29:37+00:00\" \/>\n<meta property=\"og:image\" content=\"https:\/\/icom.tn\/wp-content\/uploads\/2025\/08\/81787603-1ef7-46f3-8fc1-61152bf12a6b.jpg\" \/>\n<meta name=\"twitter:card\" content=\"summary_large_image\" \/>\n<meta name=\"twitter:label1\" content=\"Est. reading time\" \/>\n\t<meta name=\"twitter:data1\" content=\"7 minutes\" \/>\n<script type=\"application\/ld+json\" class=\"yoast-schema-graph\">{\"@context\":\"https:\/\/schema.org\",\"@graph\":[{\"@type\":\"WebPage\",\"@id\":\"https:\/\/icom.tn\/index.php\/elementor-page-2466\/\",\"url\":\"https:\/\/icom.tn\/index.php\/elementor-page-2466\/\",\"name\":\"STRUCTURE PLV -\",\"isPartOf\":{\"@id\":\"https:\/\/icom.tn\/#website\"},\"primaryImageOfPage\":{\"@id\":\"https:\/\/icom.tn\/index.php\/elementor-page-2466\/#primaryimage\"},\"image\":{\"@id\":\"https:\/\/icom.tn\/index.php\/elementor-page-2466\/#primaryimage\"},\"thumbnailUrl\":\"https:\/\/icom.tn\/wp-content\/uploads\/2025\/08\/81787603-1ef7-46f3-8fc1-61152bf12a6b.jpg\",\"datePublished\":\"2024-09-13T21:40:08+00:00\",\"dateModified\":\"2025-08-28T13:29:37+00:00\",\"breadcrumb\":{\"@id\":\"https:\/\/icom.tn\/index.php\/elementor-page-2466\/#breadcrumb\"},\"inLanguage\":\"en-US\",\"potentialAction\":[{\"@type\":\"ReadAction\",\"target\":[\"https:\/\/icom.tn\/index.php\/elementor-page-2466\/\"]}]},{\"@type\":\"ImageObject\",\"inLanguage\":\"en-US\",\"@id\":\"https:\/\/icom.tn\/index.php\/elementor-page-2466\/#primaryimage\",\"url\":\"https:\/\/icom.tn\/wp-content\/uploads\/2025\/08\/81787603-1ef7-46f3-8fc1-61152bf12a6b.jpg\",\"contentUrl\":\"https:\/\/icom.tn\/wp-content\/uploads\/2025\/08\/81787603-1ef7-46f3-8fc1-61152bf12a6b.jpg\",\"width\":1600,\"height\":499},{\"@type\":\"BreadcrumbList\",\"@id\":\"https:\/\/icom.tn\/index.php\/elementor-page-2466\/#breadcrumb\",\"itemListElement\":[{\"@type\":\"ListItem\",\"position\":1,\"name\":\"Accueil\",\"item\":\"https:\/\/icom.tn\/\"},{\"@type\":\"ListItem\",\"position\":2,\"name\":\"STRUCTURE PLV\"}]},{\"@type\":\"WebSite\",\"@id\":\"https:\/\/icom.tn\/#website\",\"url\":\"https:\/\/icom.tn\/\",\"name\":\"ICOM\",\"description\":\"\",\"publisher\":{\"@id\":\"https:\/\/icom.tn\/#organization\"},\"potentialAction\":[{\"@type\":\"SearchAction\",\"target\":{\"@type\":\"EntryPoint\",\"urlTemplate\":\"https:\/\/icom.tn\/?s={search_term_string}\"},\"query-input\":{\"@type\":\"PropertyValueSpecification\",\"valueRequired\":true,\"valueName\":\"search_term_string\"}}],\"inLanguage\":\"en-US\"},{\"@type\":\"Organization\",\"@id\":\"https:\/\/icom.tn\/#organization\",\"name\":\"ICOM\",\"url\":\"https:\/\/icom.tn\/\",\"logo\":{\"@type\":\"ImageObject\",\"inLanguage\":\"en-US\",\"@id\":\"https:\/\/icom.tn\/#\/schema\/logo\/image\/\",\"url\":\"https:\/\/icom.tn\/wp-content\/uploads\/2024\/08\/logo-desktop.png\",\"contentUrl\":\"https:\/\/icom.tn\/wp-content\/uploads\/2024\/08\/logo-desktop.png\",\"width\":120,\"height\":120,\"caption\":\"ICOM\"},\"image\":{\"@id\":\"https:\/\/icom.tn\/#\/schema\/logo\/image\/\"},\"sameAs\":[\"https:\/\/www.facebook.com\/icomtun\",\"https:\/\/tn.linkedin.com\/company\/icomtun\"]}]}<\/script>\n<!-- \/ Yoast SEO plugin. -->","yoast_head_json":{"title":"STRUCTURE PLV -","robots":{"index":"index","follow":"follow","max-snippet":"max-snippet:-1","max-image-preview":"max-image-preview:large","max-video-preview":"max-video-preview:-1"},"canonical":"https:\/\/icom.tn\/index.php\/elementor-page-2466\/","og_locale":"en_US","og_type":"article","og_title":"STRUCTURE PLV -","og_description":"STRUCTURE PLV Si vous \u00eates \u00e0 la recherche d\u2019un partenaire pour la r\u00e9alisation d\u2019un PLV, Roll Up, X-Banner, stands, desks, cadres d\u2019affichage, drapeaux publicitaires, Press Wall, plaques en Plexiglass, ou autre, Iprint vous accompagnera dans le choix de l\u2019outil de communication le plus ad\u00e9quat pour votre stand ou votre magasin. Avant tout nous vous conseillerons sur le meilleur type de PLV \u00e0 choisir, la taille id\u00e9ale pour un impact maximal de votre communication. Et bien plus encore nous produirons vos PLV de mani\u00e8re professionnelle pour vous satisfaire. Stands et desk CADRES D\u2019AFFICHAGE","og_url":"https:\/\/icom.tn\/index.php\/elementor-page-2466\/","article_publisher":"https:\/\/www.facebook.com\/icomtun","article_modified_time":"2025-08-28T13:29:37+00:00","og_image":[{"url":"https:\/\/icom.tn\/wp-content\/uploads\/2025\/08\/81787603-1ef7-46f3-8fc1-61152bf12a6b.jpg","type":"","width":"","height":""}],"twitter_card":"summary_large_image","twitter_misc":{"Est. reading time":"7 minutes"},"schema":{"@context":"https:\/\/schema.org","@graph":[{"@type":"WebPage","@id":"https:\/\/icom.tn\/index.php\/elementor-page-2466\/","url":"https:\/\/icom.tn\/index.php\/elementor-page-2466\/","name":"STRUCTURE PLV -","isPartOf":{"@id":"https:\/\/icom.tn\/#website"},"primaryImageOfPage":{"@id":"https:\/\/icom.tn\/index.php\/elementor-page-2466\/#primaryimage"},"image":{"@id":"https:\/\/icom.tn\/index.php\/elementor-page-2466\/#primaryimage"},"thumbnailUrl":"https:\/\/icom.tn\/wp-content\/uploads\/2025\/08\/81787603-1ef7-46f3-8fc1-61152bf12a6b.jpg","datePublished":"2024-09-13T21:40:08+00:00","dateModified":"2025-08-28T13:29:37+00:00","breadcrumb":{"@id":"https:\/\/icom.tn\/index.php\/elementor-page-2466\/#breadcrumb"},"inLanguage":"en-US","potentialAction":[{"@type":"ReadAction","target":["https:\/\/icom.tn\/index.php\/elementor-page-2466\/"]}]},{"@type":"ImageObject","inLanguage":"en-US","@id":"https:\/\/icom.tn\/index.php\/elementor-page-2466\/#primaryimage","url":"https:\/\/icom.tn\/wp-content\/uploads\/2025\/08\/81787603-1ef7-46f3-8fc1-61152bf12a6b.jpg","contentUrl":"https:\/\/icom.tn\/wp-content\/uploads\/2025\/08\/81787603-1ef7-46f3-8fc1-61152bf12a6b.jpg","width":1600,"height":499},{"@type":"BreadcrumbList","@id":"https:\/\/icom.tn\/index.php\/elementor-page-2466\/#breadcrumb","itemListElement":[{"@type":"ListItem","position":1,"name":"Accueil","item":"https:\/\/icom.tn\/"},{"@type":"ListItem","position":2,"name":"STRUCTURE PLV"}]},{"@type":"WebSite","@id":"https:\/\/icom.tn\/#website","url":"https:\/\/icom.tn\/","name":"ICOM","description":"","publisher":{"@id":"https:\/\/icom.tn\/#organization"},"potentialAction":[{"@type":"SearchAction","target":{"@type":"EntryPoint","urlTemplate":"https:\/\/icom.tn\/?s={search_term_string}"},"query-input":{"@type":"PropertyValueSpecification","valueRequired":true,"valueName":"search_term_string"}}],"inLanguage":"en-US"},{"@type":"Organization","@id":"https:\/\/icom.tn\/#organization","name":"ICOM","url":"https:\/\/icom.tn\/","logo":{"@type":"ImageObject","inLanguage":"en-US","@id":"https:\/\/icom.tn\/#\/schema\/logo\/image\/","url":"https:\/\/icom.tn\/wp-content\/uploads\/2024\/08\/logo-desktop.png","contentUrl":"https:\/\/icom.tn\/wp-content\/uploads\/2024\/08\/logo-desktop.png","width":120,"height":120,"caption":"ICOM"},"image":{"@id":"https:\/\/icom.tn\/#\/schema\/logo\/image\/"},"sameAs":["https:\/\/www.facebook.com\/icomtun","https:\/\/tn.linkedin.com\/company\/icomtun"]}]}},"jetpack_sharing_enabled":true,"_links":{"self":[{"href":"https:\/\/icom.tn\/index.php\/wp-json\/wp\/v2\/pages\/2466","targetHints":{"allow":["GET"]}}],"collection":[{"href":"https:\/\/icom.tn\/index.php\/wp-json\/wp\/v2\/pages"}],"about":[{"href":"https:\/\/icom.tn\/index.php\/wp-json\/wp\/v2\/types\/page"}],"author":[{"embeddable":true,"href":"https:\/\/icom.tn\/index.php\/wp-json\/wp\/v2\/users\/1"}],"replies":[{"embeddable":true,"href":"https:\/\/icom.tn\/index.php\/wp-json\/wp\/v2\/comments?post=2466"}],"version-history":[{"count":11,"href":"https:\/\/icom.tn\/index.php\/wp-json\/wp\/v2\/pages\/2466\/revisions"}],"predecessor-version":[{"id":3578,"href":"https:\/\/icom.tn\/index.php\/wp-json\/wp\/v2\/pages\/2466\/revisions\/3578"}],"wp:attachment":[{"href":"https:\/\/icom.tn\/index.php\/wp-json\/wp\/v2\/media?parent=2466"}],"curies":[{"name":"wp","href":"https:\/\/api.w.org\/{rel}","templated":true}]}}