{"id":2378,"date":"2024-09-13T14:19:06","date_gmt":"2024-09-13T12:19:06","guid":{"rendered":"https:\/\/icom.tn\/?page_id=2378"},"modified":"2025-08-28T15:37:01","modified_gmt":"2025-08-28T13:37:01","slug":"impression-packaging","status":"publish","type":"page","link":"https:\/\/icom.tn\/index.php\/impression-packaging\/","title":{"rendered":"IMPRESSION &amp; packaging"},"content":{"rendered":"\t\t<div data-elementor-type=\"wp-page\" data-elementor-id=\"2378\" class=\"elementor elementor-2378\">\n\t\t\t\t<div class=\"elementor-element elementor-element-541f0627 e-con-full e-flex wpr-particle-no wpr-jarallax-no wpr-parallax-no wpr-sticky-section-no e-con e-parent\" data-id=\"541f0627\" data-element_type=\"container\" data-settings=\"{&quot;background_background&quot;:&quot;classic&quot;}\">\n\t\t\t\t<div class=\"elementor-element elementor-element-3d41497a elementor-widget elementor-widget-image\" data-id=\"3d41497a\" data-element_type=\"widget\" data-widget_type=\"image.default\">\n\t\t\t\t<div class=\"elementor-widget-container\">\n\t\t\t\t\t\t\t\t\t\t\t\t\t\t\t<img fetchpriority=\"high\" decoding=\"async\" width=\"2048\" height=\"639\" src=\"https:\/\/icom.tn\/wp-content\/uploads\/2024\/09\/1-13-2048x639-1.jpg\" class=\"attachment-full size-full wp-image-2381\" alt=\"\" srcset=\"https:\/\/icom.tn\/wp-content\/uploads\/2024\/09\/1-13-2048x639-1.jpg 2048w, https:\/\/icom.tn\/wp-content\/uploads\/2024\/09\/1-13-2048x639-1-300x94.jpg 300w, https:\/\/icom.tn\/wp-content\/uploads\/2024\/09\/1-13-2048x639-1-1024x320.jpg 1024w, https:\/\/icom.tn\/wp-content\/uploads\/2024\/09\/1-13-2048x639-1-768x240.jpg 768w, https:\/\/icom.tn\/wp-content\/uploads\/2024\/09\/1-13-2048x639-1-1536x479.jpg 1536w\" sizes=\"(max-width: 2048px) 100vw, 2048px\" \/>\t\t\t\t\t\t\t\t\t\t\t\t\t\t\t<\/div>\n\t\t\t\t<\/div>\n\t\t\t\t<\/div>\n\t\t<div class=\"elementor-element elementor-element-60740e27 e-flex e-con-boxed wpr-particle-no wpr-jarallax-no wpr-parallax-no wpr-sticky-section-no e-con e-parent\" data-id=\"60740e27\" data-element_type=\"container\">\n\t\t\t\t\t<div class=\"e-con-inner\">\n\t\t\t\t<div class=\"elementor-element elementor-element-668697c2 elementor-widget elementor-widget-heading\" data-id=\"668697c2\" data-element_type=\"widget\" data-widget_type=\"heading.default\">\n\t\t\t\t<div class=\"elementor-widget-container\">\n\t\t\t\t\t<h2 class=\"elementor-heading-title elementor-size-default\">IMPRESSION &amp; packaging\n<\/h2>\t\t\t\t<\/div>\n\t\t\t\t<\/div>\n\t\t\t\t\t<\/div>\n\t\t\t\t<\/div>\n\t\t<div class=\"elementor-element elementor-element-53068389 e-flex e-con-boxed wpr-particle-no wpr-jarallax-no wpr-parallax-no wpr-sticky-section-no e-con e-parent\" data-id=\"53068389\" data-element_type=\"container\">\n\t\t\t\t\t<div class=\"e-con-inner\">\n\t\t\t\t<div class=\"elementor-element elementor-element-5a9b4802 elementor-widget elementor-widget-text-editor\" data-id=\"5a9b4802\" data-element_type=\"widget\" data-widget_type=\"text-editor.default\">\n\t\t\t\t<div class=\"elementor-widget-container\">\n\t\t\t\t\t\t\t\t\tToujours \u00e0 la pointe du progr\u00e8s ce qui a fait d\u2019Iprint une entreprise bien ancr\u00e9e dans le pr\u00e9sent mais tourn\u00e9e vers l\u2019avenir. Depuis 2012, notre soci\u00e9t\u00e9 a connu une \u00e9volution importante, port\u00e9e par une \u00e9quipe jeune et dynamique dont la direction est principalement ax\u00e9e vers la satisfaction clients. Gr\u00e2ce \u00e0 ses investissements dans des outils performants dans l\u2019impression et le packaging.\n\n\t\t\t\t\t\t\t\t<\/div>\n\t\t\t\t<\/div>\n\t\t\t\t\t<\/div>\n\t\t\t\t<\/div>\n\t\t<div class=\"elementor-element elementor-element-694fd233 e-flex e-con-boxed wpr-particle-no wpr-jarallax-no wpr-parallax-no wpr-sticky-section-no e-con e-parent\" data-id=\"694fd233\" data-element_type=\"container\">\n\t\t\t\t\t<div class=\"e-con-inner\">\n\t\t<div class=\"elementor-element elementor-element-4af461e7 e-con-full e-flex wpr-particle-no wpr-jarallax-no wpr-parallax-no wpr-sticky-section-no e-con e-child\" data-id=\"4af461e7\" data-element_type=\"container\">\n\t\t\t\t<\/div>\n\t\t<div class=\"elementor-element elementor-element-4772a6a e-con-full e-flex wpr-particle-no wpr-jarallax-no wpr-parallax-no wpr-sticky-section-no e-con e-child\" data-id=\"4772a6a\" data-element_type=\"container\">\n\t\t<div class=\"elementor-element elementor-element-f29691a e-con-full e-flex wpr-particle-no wpr-jarallax-no wpr-parallax-no wpr-sticky-section-no e-con e-child\" data-id=\"f29691a\" data-element_type=\"container\">\n\t\t\t\t<div class=\"elementor-element elementor-element-a7edc42 elementor-widget elementor-widget-image\" data-id=\"a7edc42\" data-element_type=\"widget\" data-widget_type=\"image.default\">\n\t\t\t\t<div class=\"elementor-widget-container\">\n\t\t\t\t\t\t\t\t\t\t\t\t\t\t\t\t<a href=\"https:\/\/icom.tn\/index.php\/consommable-et-packaging\/\">\n\t\t\t\t\t\t\t<img decoding=\"async\" width=\"800\" height=\"800\" src=\"https:\/\/icom.tn\/wp-content\/uploads\/2025\/08\/packa-et-cons-1024x1024.png\" class=\"attachment-large size-large wp-image-3591\" alt=\"\" srcset=\"https:\/\/icom.tn\/wp-content\/uploads\/2025\/08\/packa-et-cons-1024x1024.png 1024w, https:\/\/icom.tn\/wp-content\/uploads\/2025\/08\/packa-et-cons-300x300.png 300w, https:\/\/icom.tn\/wp-content\/uploads\/2025\/08\/packa-et-cons-150x150.png 150w, https:\/\/icom.tn\/wp-content\/uploads\/2025\/08\/packa-et-cons-768x768.png 768w, https:\/\/icom.tn\/wp-content\/uploads\/2025\/08\/packa-et-cons-1536x1536.png 1536w, https:\/\/icom.tn\/wp-content\/uploads\/2025\/08\/packa-et-cons-2048x2048.png 2048w, https:\/\/icom.tn\/wp-content\/uploads\/2025\/08\/packa-et-cons-650x650.png 650w, https:\/\/icom.tn\/wp-content\/uploads\/2025\/08\/packa-et-cons-1300x1300.png 1300w\" sizes=\"(max-width: 800px) 100vw, 800px\" \/>\t\t\t\t\t\t\t\t<\/a>\n\t\t\t\t\t\t\t\t\t\t\t\t\t\t\t<\/div>\n\t\t\t\t<\/div>\n\t\t\t\t<\/div>\n\t\t\t\t<div class=\"elementor-element elementor-element-9ff9f99 elementor-widget elementor-widget-heading\" data-id=\"9ff9f99\" data-element_type=\"widget\" data-widget_type=\"heading.default\">\n\t\t\t\t<div class=\"elementor-widget-container\">\n\t\t\t\t\t<h6 class=\"elementor-heading-title elementor-size-default\">consommable et packaging<\/h6>\t\t\t\t<\/div>\n\t\t\t\t<\/div>\n\t\t\t\t<\/div>\n\t\t<div class=\"elementor-element elementor-element-184b1cd9 e-con-full e-flex wpr-particle-no wpr-jarallax-no wpr-parallax-no wpr-sticky-section-no e-con e-child\" data-id=\"184b1cd9\" data-element_type=\"container\">\n\t\t<div class=\"elementor-element elementor-element-534c723 e-con-full e-flex wpr-particle-no wpr-jarallax-no wpr-parallax-no wpr-sticky-section-no e-con e-child\" data-id=\"534c723\" data-element_type=\"container\">\n\t\t\t\t<div class=\"elementor-element elementor-element-59e2fc8c elementor-widget elementor-widget-image\" data-id=\"59e2fc8c\" data-element_type=\"widget\" data-widget_type=\"image.default\">\n\t\t\t\t<div class=\"elementor-widget-container\">\n\t\t\t\t\t\t\t\t\t\t\t\t\t\t\t\t<a href=\"https:\/\/icom.tn\/index.php\/numerique-et-offset\/\">\n\t\t\t\t\t\t\t<img decoding=\"async\" width=\"2560\" height=\"2560\" src=\"https:\/\/icom.tn\/wp-content\/uploads\/2025\/08\/numerique-et-offset-scaled.png\" class=\"attachment-full size-full wp-image-3590\" alt=\"\" srcset=\"https:\/\/icom.tn\/wp-content\/uploads\/2025\/08\/numerique-et-offset-scaled.png 2560w, https:\/\/icom.tn\/wp-content\/uploads\/2025\/08\/numerique-et-offset-300x300.png 300w, https:\/\/icom.tn\/wp-content\/uploads\/2025\/08\/numerique-et-offset-1024x1024.png 1024w, https:\/\/icom.tn\/wp-content\/uploads\/2025\/08\/numerique-et-offset-150x150.png 150w, https:\/\/icom.tn\/wp-content\/uploads\/2025\/08\/numerique-et-offset-768x768.png 768w, https:\/\/icom.tn\/wp-content\/uploads\/2025\/08\/numerique-et-offset-1536x1536.png 1536w, https:\/\/icom.tn\/wp-content\/uploads\/2025\/08\/numerique-et-offset-2048x2048.png 2048w, https:\/\/icom.tn\/wp-content\/uploads\/2025\/08\/numerique-et-offset-650x650.png 650w, https:\/\/icom.tn\/wp-content\/uploads\/2025\/08\/numerique-et-offset-1300x1300.png 1300w\" sizes=\"(max-width: 2560px) 100vw, 2560px\" \/>\t\t\t\t\t\t\t\t<\/a>\n\t\t\t\t\t\t\t\t\t\t\t\t\t\t\t<\/div>\n\t\t\t\t<\/div>\n\t\t\t\t<\/div>\n\t\t\t\t<div class=\"elementor-element elementor-element-5b755e15 elementor-widget elementor-widget-heading\" data-id=\"5b755e15\" data-element_type=\"widget\" data-widget_type=\"heading.default\">\n\t\t\t\t<div class=\"elementor-widget-container\">\n\t\t\t\t\t<h6 class=\"elementor-heading-title elementor-size-default\">num\u00e9rique et offset<\/h6>\t\t\t\t<\/div>\n\t\t\t\t<\/div>\n\t\t\t\t<\/div>\n\t\t<div class=\"elementor-element elementor-element-69341712 e-con-full e-flex wpr-particle-no wpr-jarallax-no wpr-parallax-no wpr-sticky-section-no e-con e-child\" data-id=\"69341712\" data-element_type=\"container\">\n\t\t\t\t<\/div>\n\t\t\t\t\t<\/div>\n\t\t\t\t<\/div>\n\t\t\t\t<\/div>\n\t\t","protected":false},"excerpt":{"rendered":"<p>IMPRESSION &amp; packaging Toujours \u00e0 la pointe du progr\u00e8s ce qui a fait d\u2019Iprint une entreprise bien ancr\u00e9e dans le pr\u00e9sent mais tourn\u00e9e vers l\u2019avenir. Depuis 2012, notre soci\u00e9t\u00e9 a connu une \u00e9volution importante, port\u00e9e par une \u00e9quipe jeune et dynamique dont la direction est principalement ax\u00e9e vers la satisfaction clients. Gr\u00e2ce \u00e0 ses investissements dans des outils performants dans l\u2019impression et le packaging. consommable et packaging num\u00e9rique et offset<\/p>\n","protected":false},"author":1,"featured_media":0,"parent":0,"menu_order":0,"comment_status":"closed","ping_status":"closed","template":"","meta":{"footnotes":""},"class_list":["post-2378","page","type-page","status-publish","hentry"],"yoast_head":"<!-- This site is optimized with the Yoast SEO plugin v24.4 - https:\/\/yoast.com\/wordpress\/plugins\/seo\/ -->\n<title>IMPRESSION &amp; packaging -<\/title>\n<meta name=\"robots\" content=\"index, follow, max-snippet:-1, max-image-preview:large, max-video-preview:-1\" \/>\n<link rel=\"canonical\" href=\"https:\/\/icom.tn\/index.php\/impression-packaging\/\" \/>\n<meta property=\"og:locale\" content=\"en_US\" \/>\n<meta property=\"og:type\" content=\"article\" \/>\n<meta property=\"og:title\" content=\"IMPRESSION &amp; packaging -\" \/>\n<meta property=\"og:description\" content=\"IMPRESSION &amp; packaging Toujours \u00e0 la pointe du progr\u00e8s ce qui a fait d\u2019Iprint une entreprise bien ancr\u00e9e dans le pr\u00e9sent mais tourn\u00e9e vers l\u2019avenir. Depuis 2012, notre soci\u00e9t\u00e9 a connu une \u00e9volution importante, port\u00e9e par une \u00e9quipe jeune et dynamique dont la direction est principalement ax\u00e9e vers la satisfaction clients. Gr\u00e2ce \u00e0 ses investissements dans des outils performants dans l\u2019impression et le packaging. consommable et packaging num\u00e9rique et offset\" \/>\n<meta property=\"og:url\" content=\"https:\/\/icom.tn\/index.php\/impression-packaging\/\" \/>\n<meta property=\"article:publisher\" content=\"https:\/\/www.facebook.com\/icomtun\" \/>\n<meta property=\"article:modified_time\" content=\"2025-08-28T13:37:01+00:00\" \/>\n<meta property=\"og:image\" content=\"https:\/\/icom.tn\/wp-content\/uploads\/2024\/09\/1-13-2048x639-1.jpg\" \/>\n\t<meta property=\"og:image:width\" content=\"2048\" \/>\n\t<meta property=\"og:image:height\" content=\"639\" \/>\n\t<meta property=\"og:image:type\" content=\"image\/jpeg\" \/>\n<meta name=\"twitter:card\" content=\"summary_large_image\" \/>\n<meta name=\"twitter:label1\" content=\"Est. reading time\" \/>\n\t<meta name=\"twitter:data1\" content=\"1 minute\" \/>\n<script type=\"application\/ld+json\" class=\"yoast-schema-graph\">{\"@context\":\"https:\/\/schema.org\",\"@graph\":[{\"@type\":\"WebPage\",\"@id\":\"https:\/\/icom.tn\/index.php\/impression-packaging\/\",\"url\":\"https:\/\/icom.tn\/index.php\/impression-packaging\/\",\"name\":\"IMPRESSION &amp; packaging -\",\"isPartOf\":{\"@id\":\"https:\/\/icom.tn\/#website\"},\"primaryImageOfPage\":{\"@id\":\"https:\/\/icom.tn\/index.php\/impression-packaging\/#primaryimage\"},\"image\":{\"@id\":\"https:\/\/icom.tn\/index.php\/impression-packaging\/#primaryimage\"},\"thumbnailUrl\":\"https:\/\/icom.tn\/wp-content\/uploads\/2024\/09\/1-13-2048x639-1.jpg\",\"datePublished\":\"2024-09-13T12:19:06+00:00\",\"dateModified\":\"2025-08-28T13:37:01+00:00\",\"breadcrumb\":{\"@id\":\"https:\/\/icom.tn\/index.php\/impression-packaging\/#breadcrumb\"},\"inLanguage\":\"en-US\",\"potentialAction\":[{\"@type\":\"ReadAction\",\"target\":[\"https:\/\/icom.tn\/index.php\/impression-packaging\/\"]}]},{\"@type\":\"ImageObject\",\"inLanguage\":\"en-US\",\"@id\":\"https:\/\/icom.tn\/index.php\/impression-packaging\/#primaryimage\",\"url\":\"https:\/\/icom.tn\/wp-content\/uploads\/2024\/09\/1-13-2048x639-1.jpg\",\"contentUrl\":\"https:\/\/icom.tn\/wp-content\/uploads\/2024\/09\/1-13-2048x639-1.jpg\",\"width\":2048,\"height\":639},{\"@type\":\"BreadcrumbList\",\"@id\":\"https:\/\/icom.tn\/index.php\/impression-packaging\/#breadcrumb\",\"itemListElement\":[{\"@type\":\"ListItem\",\"position\":1,\"name\":\"Accueil\",\"item\":\"https:\/\/icom.tn\/\"},{\"@type\":\"ListItem\",\"position\":2,\"name\":\"IMPRESSION &amp; packaging\"}]},{\"@type\":\"WebSite\",\"@id\":\"https:\/\/icom.tn\/#website\",\"url\":\"https:\/\/icom.tn\/\",\"name\":\"ICOM\",\"description\":\"\",\"publisher\":{\"@id\":\"https:\/\/icom.tn\/#organization\"},\"potentialAction\":[{\"@type\":\"SearchAction\",\"target\":{\"@type\":\"EntryPoint\",\"urlTemplate\":\"https:\/\/icom.tn\/?s={search_term_string}\"},\"query-input\":{\"@type\":\"PropertyValueSpecification\",\"valueRequired\":true,\"valueName\":\"search_term_string\"}}],\"inLanguage\":\"en-US\"},{\"@type\":\"Organization\",\"@id\":\"https:\/\/icom.tn\/#organization\",\"name\":\"ICOM\",\"url\":\"https:\/\/icom.tn\/\",\"logo\":{\"@type\":\"ImageObject\",\"inLanguage\":\"en-US\",\"@id\":\"https:\/\/icom.tn\/#\/schema\/logo\/image\/\",\"url\":\"https:\/\/icom.tn\/wp-content\/uploads\/2024\/08\/logo-desktop.png\",\"contentUrl\":\"https:\/\/icom.tn\/wp-content\/uploads\/2024\/08\/logo-desktop.png\",\"width\":120,\"height\":120,\"caption\":\"ICOM\"},\"image\":{\"@id\":\"https:\/\/icom.tn\/#\/schema\/logo\/image\/\"},\"sameAs\":[\"https:\/\/www.facebook.com\/icomtun\",\"https:\/\/tn.linkedin.com\/company\/icomtun\"]}]}<\/script>\n<!-- \/ Yoast SEO plugin. -->","yoast_head_json":{"title":"IMPRESSION &amp; packaging -","robots":{"index":"index","follow":"follow","max-snippet":"max-snippet:-1","max-image-preview":"max-image-preview:large","max-video-preview":"max-video-preview:-1"},"canonical":"https:\/\/icom.tn\/index.php\/impression-packaging\/","og_locale":"en_US","og_type":"article","og_title":"IMPRESSION &amp; packaging -","og_description":"IMPRESSION &amp; packaging Toujours \u00e0 la pointe du progr\u00e8s ce qui a fait d\u2019Iprint une entreprise bien ancr\u00e9e dans le pr\u00e9sent mais tourn\u00e9e vers l\u2019avenir. Depuis 2012, notre soci\u00e9t\u00e9 a connu une \u00e9volution importante, port\u00e9e par une \u00e9quipe jeune et dynamique dont la direction est principalement ax\u00e9e vers la satisfaction clients. Gr\u00e2ce \u00e0 ses investissements dans des outils performants dans l\u2019impression et le packaging. consommable et packaging num\u00e9rique et offset","og_url":"https:\/\/icom.tn\/index.php\/impression-packaging\/","article_publisher":"https:\/\/www.facebook.com\/icomtun","article_modified_time":"2025-08-28T13:37:01+00:00","og_image":[{"width":2048,"height":639,"url":"https:\/\/icom.tn\/wp-content\/uploads\/2024\/09\/1-13-2048x639-1.jpg","type":"image\/jpeg"}],"twitter_card":"summary_large_image","twitter_misc":{"Est. reading time":"1 minute"},"schema":{"@context":"https:\/\/schema.org","@graph":[{"@type":"WebPage","@id":"https:\/\/icom.tn\/index.php\/impression-packaging\/","url":"https:\/\/icom.tn\/index.php\/impression-packaging\/","name":"IMPRESSION &amp; packaging -","isPartOf":{"@id":"https:\/\/icom.tn\/#website"},"primaryImageOfPage":{"@id":"https:\/\/icom.tn\/index.php\/impression-packaging\/#primaryimage"},"image":{"@id":"https:\/\/icom.tn\/index.php\/impression-packaging\/#primaryimage"},"thumbnailUrl":"https:\/\/icom.tn\/wp-content\/uploads\/2024\/09\/1-13-2048x639-1.jpg","datePublished":"2024-09-13T12:19:06+00:00","dateModified":"2025-08-28T13:37:01+00:00","breadcrumb":{"@id":"https:\/\/icom.tn\/index.php\/impression-packaging\/#breadcrumb"},"inLanguage":"en-US","potentialAction":[{"@type":"ReadAction","target":["https:\/\/icom.tn\/index.php\/impression-packaging\/"]}]},{"@type":"ImageObject","inLanguage":"en-US","@id":"https:\/\/icom.tn\/index.php\/impression-packaging\/#primaryimage","url":"https:\/\/icom.tn\/wp-content\/uploads\/2024\/09\/1-13-2048x639-1.jpg","contentUrl":"https:\/\/icom.tn\/wp-content\/uploads\/2024\/09\/1-13-2048x639-1.jpg","width":2048,"height":639},{"@type":"BreadcrumbList","@id":"https:\/\/icom.tn\/index.php\/impression-packaging\/#breadcrumb","itemListElement":[{"@type":"ListItem","position":1,"name":"Accueil","item":"https:\/\/icom.tn\/"},{"@type":"ListItem","position":2,"name":"IMPRESSION &amp; packaging"}]},{"@type":"WebSite","@id":"https:\/\/icom.tn\/#website","url":"https:\/\/icom.tn\/","name":"ICOM","description":"","publisher":{"@id":"https:\/\/icom.tn\/#organization"},"potentialAction":[{"@type":"SearchAction","target":{"@type":"EntryPoint","urlTemplate":"https:\/\/icom.tn\/?s={search_term_string}"},"query-input":{"@type":"PropertyValueSpecification","valueRequired":true,"valueName":"search_term_string"}}],"inLanguage":"en-US"},{"@type":"Organization","@id":"https:\/\/icom.tn\/#organization","name":"ICOM","url":"https:\/\/icom.tn\/","logo":{"@type":"ImageObject","inLanguage":"en-US","@id":"https:\/\/icom.tn\/#\/schema\/logo\/image\/","url":"https:\/\/icom.tn\/wp-content\/uploads\/2024\/08\/logo-desktop.png","contentUrl":"https:\/\/icom.tn\/wp-content\/uploads\/2024\/08\/logo-desktop.png","width":120,"height":120,"caption":"ICOM"},"image":{"@id":"https:\/\/icom.tn\/#\/schema\/logo\/image\/"},"sameAs":["https:\/\/www.facebook.com\/icomtun","https:\/\/tn.linkedin.com\/company\/icomtun"]}]}},"jetpack_sharing_enabled":true,"_links":{"self":[{"href":"https:\/\/icom.tn\/index.php\/wp-json\/wp\/v2\/pages\/2378","targetHints":{"allow":["GET"]}}],"collection":[{"href":"https:\/\/icom.tn\/index.php\/wp-json\/wp\/v2\/pages"}],"about":[{"href":"https:\/\/icom.tn\/index.php\/wp-json\/wp\/v2\/types\/page"}],"author":[{"embeddable":true,"href":"https:\/\/icom.tn\/index.php\/wp-json\/wp\/v2\/users\/1"}],"replies":[{"embeddable":true,"href":"https:\/\/icom.tn\/index.php\/wp-json\/wp\/v2\/comments?post=2378"}],"version-history":[{"count":10,"href":"https:\/\/icom.tn\/index.php\/wp-json\/wp\/v2\/pages\/2378\/revisions"}],"predecessor-version":[{"id":3600,"href":"https:\/\/icom.tn\/index.php\/wp-json\/wp\/v2\/pages\/2378\/revisions\/3600"}],"wp:attachment":[{"href":"https:\/\/icom.tn\/index.php\/wp-json\/wp\/v2\/media?parent=2378"}],"curies":[{"name":"wp","href":"https:\/\/api.w.org\/{rel}","templated":true}]}}