{"id":2277,"date":"2024-09-12T12:53:11","date_gmt":"2024-09-12T10:53:11","guid":{"rendered":"https:\/\/icom.tn\/?page_id=2277"},"modified":"2025-11-20T12:00:51","modified_gmt":"2025-11-20T11:00:51","slug":"icom-adds-wings","status":"publish","type":"page","link":"https:\/\/icom.tn\/","title":{"rendered":"icom adds wings"},"content":{"rendered":"\t\t<div data-elementor-type=\"wp-page\" data-elementor-id=\"2277\" class=\"elementor elementor-2277\">\n\t\t\t\t<div class=\"elementor-element elementor-element-364f244 e-con-full e-flex wpr-particle-no wpr-jarallax-no wpr-parallax-no wpr-sticky-section-no e-con e-parent\" data-id=\"364f244\" data-element_type=\"container\">\n\t\t\t\t<div class=\"elementor-element elementor-element-d15213b elementor-widget elementor-widget-image\" data-id=\"d15213b\" data-element_type=\"widget\" data-widget_type=\"image.default\">\n\t\t\t\t<div class=\"elementor-widget-container\">\n\t\t\t\t\t\t\t\t\t\t\t\t\t\t\t<img fetchpriority=\"high\" decoding=\"async\" width=\"2048\" height=\"639\" src=\"https:\/\/icom.tn\/wp-content\/uploads\/2024\/08\/general-2048x639-1.jpg\" class=\"attachment-full size-full wp-image-1557\" alt=\"\" srcset=\"https:\/\/icom.tn\/wp-content\/uploads\/2024\/08\/general-2048x639-1.jpg 2048w, https:\/\/icom.tn\/wp-content\/uploads\/2024\/08\/general-2048x639-1-300x94.jpg 300w, https:\/\/icom.tn\/wp-content\/uploads\/2024\/08\/general-2048x639-1-1024x320.jpg 1024w, https:\/\/icom.tn\/wp-content\/uploads\/2024\/08\/general-2048x639-1-768x240.jpg 768w, https:\/\/icom.tn\/wp-content\/uploads\/2024\/08\/general-2048x639-1-1536x479.jpg 1536w, https:\/\/icom.tn\/wp-content\/uploads\/2024\/08\/general-2048x639-1-600x187.jpg 600w\" sizes=\"(max-width: 2048px) 100vw, 2048px\" \/>\t\t\t\t\t\t\t\t\t\t\t\t\t\t\t<\/div>\n\t\t\t\t<\/div>\n\t\t\t\t<\/div>\n\t\t<div class=\"elementor-element elementor-element-c838b89 e-flex e-con-boxed wpr-particle-no wpr-jarallax-no wpr-parallax-no wpr-sticky-section-no e-con e-parent\" data-id=\"c838b89\" data-element_type=\"container\">\n\t\t\t\t\t<div class=\"e-con-inner\">\n\t\t<div class=\"elementor-element elementor-element-d12b7b9 e-con-full e-flex wpr-particle-no wpr-jarallax-no wpr-parallax-no wpr-sticky-section-no e-con e-child\" data-id=\"d12b7b9\" data-element_type=\"container\">\n\t\t\t\t<div class=\"elementor-element elementor-element-1b66e58 elementor-hidden-tablet elementor-hidden-mobile eael-dual-header-content-align-center elementor-widget elementor-widget-eael-dual-color-header\" data-id=\"1b66e58\" data-element_type=\"widget\" data-widget_type=\"eael-dual-color-header.default\">\n\t\t\t\t<div class=\"elementor-widget-container\">\n\t\t\t\t\t\t\t\t<div class=\"eael-dual-header\">\n\t\t\t\t<h2 class=\"title\"><span class=\"lead solid-color\">ICOM<\/span> <span>Cr\u00e9ativit\u00e9<\/span><\/h2>\t\t\t\t<span class=\"subtext\"><\/span>\n\t\t\t\t\t\t\t<\/div>\n\n\t\t\t\t\t\t<\/div>\n\t\t\t\t<\/div>\n\t\t\t\t<div class=\"elementor-element elementor-element-3540aa2 elementor-hidden-desktop elementor-hidden-tablet eael-dual-header-content-align-center elementor-widget elementor-widget-eael-dual-color-header\" data-id=\"3540aa2\" data-element_type=\"widget\" data-widget_type=\"eael-dual-color-header.default\">\n\t\t\t\t<div class=\"elementor-widget-container\">\n\t\t\t\t\t\t\t\t<div class=\"eael-dual-header\">\n\t\t\t\t<h2 class=\"title\"><span class=\"lead solid-color\">ICOM<\/span> <span><\/span><\/h2>\t\t\t\t<span class=\"subtext\"><\/span>\n\t\t\t\t\t\t\t<\/div>\n\n\t\t\t\t\t\t<\/div>\n\t\t\t\t<\/div>\n\t\t\t\t<div class=\"elementor-element elementor-element-17ee183 elementor-hidden-desktop elementor-hidden-tablet eael-dual-header-content-align-center elementor-widget elementor-widget-eael-dual-color-header\" data-id=\"17ee183\" data-element_type=\"widget\" data-widget_type=\"eael-dual-color-header.default\">\n\t\t\t\t<div class=\"elementor-widget-container\">\n\t\t\t\t\t\t\t\t<div class=\"eael-dual-header\">\n\t\t\t\t<h2 class=\"title\"><span class=\"lead solid-color\"><\/span> <span>Cr\u00e9ativit\u00e9<\/span><\/h2>\t\t\t\t<span class=\"subtext\"><\/span>\n\t\t\t\t\t\t\t<\/div>\n\n\t\t\t\t\t\t<\/div>\n\t\t\t\t<\/div>\n\t\t\t\t<div class=\"elementor-element elementor-element-03e7603 elementor-widget elementor-widget-text-editor\" data-id=\"03e7603\" data-element_type=\"widget\" data-widget_type=\"text-editor.default\">\n\t\t\t\t<div class=\"elementor-widget-container\">\n\t\t\t\t\t\t\t\t\t<p>Chez ICOM, notre objectif est d\u2019\u00eatre la meilleure bo\u00eete de communication et de conseil avec laquelle nos clients et nos collaborateurs peuvent travailler.<br \/>Notre mission est de veiller sur vous, sur vos int\u00e9r\u00eats et sur votre strat\u00e9gie. Prendre de la hauteur sur vos probl\u00e9matiques et vous accompagner main dans la main gr\u00e2ce \u00e0 notre savoir-faire et notre expertise dans ce domaine. Nous mettons tout en \u0153uvre pour r\u00e9ussir vos projets. Rencontrons-nous et pensons ensemble vos strat\u00e9gies de demain.<\/p>\t\t\t\t\t\t\t\t<\/div>\n\t\t\t\t<\/div>\n\t\t\t\t<div class=\"elementor-element elementor-element-7fabaeb elementor-widget elementor-widget-button\" data-id=\"7fabaeb\" data-element_type=\"widget\" data-widget_type=\"button.default\">\n\t\t\t\t<div class=\"elementor-widget-container\">\n\t\t\t\t\t\t\t\t\t<div class=\"elementor-button-wrapper\">\n\t\t\t\t\t<a class=\"elementor-button elementor-button-link elementor-size-sm\" href=\"https:\/\/icom.tn\/index.php\/icom\/\">\n\t\t\t\t\t\t<span class=\"elementor-button-content-wrapper\">\n\t\t\t\t\t\t\t\t\t<span class=\"elementor-button-text\">ICOM<\/span>\n\t\t\t\t\t<\/span>\n\t\t\t\t\t<\/a>\n\t\t\t\t<\/div>\n\t\t\t\t\t\t\t\t<\/div>\n\t\t\t\t<\/div>\n\t\t\t\t<\/div>\n\t\t<div class=\"elementor-element elementor-element-9e34649 e-con-full e-flex wpr-particle-no wpr-jarallax-no wpr-parallax-no wpr-sticky-section-no e-con e-child\" data-id=\"9e34649\" data-element_type=\"container\">\n\t\t\t\t<div class=\"elementor-element elementor-element-4f7067a elementor-widget elementor-widget-image\" data-id=\"4f7067a\" data-element_type=\"widget\" data-widget_type=\"image.default\">\n\t\t\t\t<div class=\"elementor-widget-container\">\n\t\t\t\t\t\t\t\t\t\t\t\t\t\t\t<img decoding=\"async\" width=\"489\" height=\"400\" src=\"https:\/\/icom.tn\/wp-content\/uploads\/2024\/10\/banane.gif\" class=\"attachment-full size-full wp-image-2932\" alt=\"\" \/>\t\t\t\t\t\t\t\t\t\t\t\t\t\t\t<\/div>\n\t\t\t\t<\/div>\n\t\t\t\t<\/div>\n\t\t\t\t\t<\/div>\n\t\t\t\t<\/div>\n\t\t<div class=\"elementor-element elementor-element-b81ee5f e-flex e-con-boxed wpr-particle-no wpr-jarallax-no wpr-parallax-no wpr-sticky-section-no e-con e-parent\" data-id=\"b81ee5f\" data-element_type=\"container\">\n\t\t\t\t\t<div class=\"e-con-inner\">\n\t\t<div class=\"elementor-element elementor-element-96294f7 e-con-full e-flex wpr-particle-no wpr-jarallax-no wpr-parallax-no wpr-sticky-section-no e-con e-child\" data-id=\"96294f7\" data-element_type=\"container\">\n\t\t\t\t<div class=\"elementor-element elementor-element-3cc0ac9 elementor-widget elementor-widget-image\" data-id=\"3cc0ac9\" data-element_type=\"widget\" data-widget_type=\"image.default\">\n\t\t\t\t<div class=\"elementor-widget-container\">\n\t\t\t\t\t\t\t\t\t\t\t\t\t\t\t<img decoding=\"async\" width=\"489\" height=\"400\" src=\"https:\/\/icom.tn\/wp-content\/uploads\/2024\/10\/poire-4.gif\" class=\"attachment-large size-large wp-image-2931\" alt=\"\" \/>\t\t\t\t\t\t\t\t\t\t\t\t\t\t\t<\/div>\n\t\t\t\t<\/div>\n\t\t\t\t<div class=\"elementor-element elementor-element-54c65e9 elementor-align-left elementor-widget elementor-widget-button\" data-id=\"54c65e9\" data-element_type=\"widget\" data-widget_type=\"button.default\">\n\t\t\t\t<div class=\"elementor-widget-container\">\n\t\t\t\t\t\t\t\t\t<div class=\"elementor-button-wrapper\">\n\t\t\t\t\t<a class=\"elementor-button elementor-button-link elementor-size-sm\" href=\"https:\/\/icom.tn\/index.php\/iprint\/\">\n\t\t\t\t\t\t<span class=\"elementor-button-content-wrapper\">\n\t\t\t\t\t\t\t\t\t<span class=\"elementor-button-text\">IPRINT<\/span>\n\t\t\t\t\t<\/span>\n\t\t\t\t\t<\/a>\n\t\t\t\t<\/div>\n\t\t\t\t\t\t\t\t<\/div>\n\t\t\t\t<\/div>\n\t\t\t\t<\/div>\n\t\t<div class=\"elementor-element elementor-element-cd7784f e-con-full e-flex wpr-particle-no wpr-jarallax-no wpr-parallax-no wpr-sticky-section-no e-con e-child\" data-id=\"cd7784f\" data-element_type=\"container\">\n\t\t\t\t<div class=\"elementor-element elementor-element-8b62116 eael-dual-header-content-align-center elementor-widget elementor-widget-eael-dual-color-header\" data-id=\"8b62116\" data-element_type=\"widget\" data-widget_type=\"eael-dual-color-header.default\">\n\t\t\t\t<div class=\"elementor-widget-container\">\n\t\t\t\t\t\t\t\t<div class=\"eael-dual-header\">\n\t\t\t\t<h2 class=\"title\"><span class=\"lead solid-color\">Iprint <\/span> <span>Originalit\u00e9<\/span><\/h2>\t\t\t\t<span class=\"subtext\"><\/span>\n\t\t\t\t\t\t\t<\/div>\n\n\t\t\t\t\t\t<\/div>\n\t\t\t\t<\/div>\n\t\t\t\t<div class=\"elementor-element elementor-element-e4f6532 elementor-widget elementor-widget-text-editor\" data-id=\"e4f6532\" data-element_type=\"widget\" data-widget_type=\"text-editor.default\">\n\t\t\t\t<div class=\"elementor-widget-container\">\n\t\t\t\t\t\t\t\t\t<p>Vous cherchez des solutions d\u2019impression personnalis\u00e9es et de haute d\u00e9finition\u2009? Poussez la porte de notre agence IPRINT. Une \u00e9quipe de sp\u00e9cialistes vous accueille et met ses comp\u00e9tences au service de votre projet. Aussi, nous mettons \u00e0 votre disposition si vous avez besoin, une \u00e9quipe de designers qualifi\u00e9s pour la conception de vos supports de communication imprim\u00e9s.<br \/>Quelle que soit la complexit\u00e9 de votre projet, n\u2019h\u00e9sitez pas \u00e0 prendre rendez-vous, nous vous proposerons des solutions adapt\u00e9es \u00e0 vos besoins et \u00e0 votre budget. Nous vous pr\u00e9sentons ci-dessous nos domaines d\u2019intervention dans le domaine de l\u2019imprimerie.<\/p>\t\t\t\t\t\t\t\t<\/div>\n\t\t\t\t<\/div>\n\t\t\t\t<\/div>\n\t\t\t\t\t<\/div>\n\t\t\t\t<\/div>\n\t\t<div class=\"elementor-element elementor-element-def9b33 e-flex e-con-boxed wpr-particle-no wpr-jarallax-no wpr-parallax-no wpr-sticky-section-no e-con e-parent\" data-id=\"def9b33\" data-element_type=\"container\">\n\t\t\t\t\t<div class=\"e-con-inner\">\n\t\t<div class=\"elementor-element elementor-element-7933674 e-con-full e-flex wpr-particle-no wpr-jarallax-no wpr-parallax-no wpr-sticky-section-no e-con e-child\" data-id=\"7933674\" data-element_type=\"container\">\n\t\t\t\t<div class=\"elementor-element elementor-element-8c45f77 eael-dual-header-content-align-center elementor-widget elementor-widget-eael-dual-color-header\" data-id=\"8c45f77\" data-element_type=\"widget\" data-widget_type=\"eael-dual-color-header.default\">\n\t\t\t\t<div class=\"elementor-widget-container\">\n\t\t\t\t\t\t\t\t<div class=\"eael-dual-header\">\n\t\t\t\t<h2 class=\"title\"><span class=\"lead solid-color\">IPROD<\/span> <span>Innovation<\/span><\/h2>\t\t\t\t<span class=\"subtext\"><\/span>\n\t\t\t\t\t\t\t<\/div>\n\n\t\t\t\t\t\t<\/div>\n\t\t\t\t<\/div>\n\t\t\t\t<div class=\"elementor-element elementor-element-4a09e1d elementor-widget elementor-widget-text-editor\" data-id=\"4a09e1d\" data-element_type=\"widget\" data-widget_type=\"text-editor.default\">\n\t\t\t\t<div class=\"elementor-widget-container\">\n\t\t\t\t\t\t\t\t\tNotre ambition : Vous surprendre !\nNous proposons le talent et l\u2019expertise de nos sc\u00e9naristes, r\u00e9alisateurs, graphistes, monteurs, vid\u00e9astes, photographes au service des entreprises, des associations et des particuliers. Le r\u00e9sultat final parle de lui-m\u00eame, et ce, gr\u00e2ce \u00e0 un excellent travail d\u2019\u00e9quipe, et \u00e0 notre mat\u00e9riel haute d\u00e9finition. Veuillez trouver ci-apr\u00e8s nos domaines d\u2019interventions.\n\n\n\t\t\t\t\t\t\t\t<\/div>\n\t\t\t\t<\/div>\n\t\t\t\t<\/div>\n\t\t<div class=\"elementor-element elementor-element-e0d6cfa e-con-full e-flex wpr-particle-no wpr-jarallax-no wpr-parallax-no wpr-sticky-section-no e-con e-child\" data-id=\"e0d6cfa\" data-element_type=\"container\">\n\t\t\t\t<div class=\"elementor-element elementor-element-c84bdec elementor-widget elementor-widget-image\" data-id=\"c84bdec\" data-element_type=\"widget\" data-widget_type=\"image.default\">\n\t\t\t\t<div class=\"elementor-widget-container\">\n\t\t\t\t\t\t\t\t\t\t\t\t\t\t\t<img decoding=\"async\" src=\"https:\/\/icom.tn\/wp-content\/uploads\/2024\/09\/ananas.gif\" title=\"\" alt=\"\" loading=\"lazy\" \/>\t\t\t\t\t\t\t\t\t\t\t\t\t\t\t<\/div>\n\t\t\t\t<\/div>\n\t\t\t\t<div class=\"elementor-element elementor-element-fff737a elementor-widget elementor-widget-image\" data-id=\"fff737a\" data-element_type=\"widget\" data-widget_type=\"image.default\">\n\t\t\t\t<div class=\"elementor-widget-container\">\n\t\t\t\t\t\t\t\t\t\t\t\t\t\t\t<img loading=\"lazy\" decoding=\"async\" width=\"461\" height=\"400\" src=\"https:\/\/icom.tn\/wp-content\/uploads\/2024\/10\/ananas.gif\" class=\"attachment-large size-large wp-image-2930\" alt=\"\" \/>\t\t\t\t\t\t\t\t\t\t\t\t\t\t\t<\/div>\n\t\t\t\t<\/div>\n\t\t\t\t<\/div>\n\t\t\t\t\t<\/div>\n\t\t\t\t<\/div>\n\t\t<div class=\"elementor-element elementor-element-e3aa21b e-flex e-con-boxed wpr-particle-no wpr-jarallax-no wpr-parallax-no wpr-sticky-section-no e-con e-parent\" data-id=\"e3aa21b\" data-element_type=\"container\">\n\t\t\t\t\t<div class=\"e-con-inner\">\n\t\t\t\t<div class=\"elementor-element elementor-element-4337690 elementor-align-left elementor-widget elementor-widget-button\" data-id=\"4337690\" data-element_type=\"widget\" data-widget_type=\"button.default\">\n\t\t\t\t<div class=\"elementor-widget-container\">\n\t\t\t\t\t\t\t\t\t<div class=\"elementor-button-wrapper\">\n\t\t\t\t\t<a class=\"elementor-button elementor-button-link elementor-size-sm\" href=\"https:\/\/icom.tn\/index.php\/iprod\/\" id=\"https:\/\/icom.tn\/index.php\/iprod\/\">\n\t\t\t\t\t\t<span class=\"elementor-button-content-wrapper\">\n\t\t\t\t\t\t\t\t\t<span class=\"elementor-button-text\">IPROD<\/span>\n\t\t\t\t\t<\/span>\n\t\t\t\t\t<\/a>\n\t\t\t\t<\/div>\n\t\t\t\t\t\t\t\t<\/div>\n\t\t\t\t<\/div>\n\t\t\t\t\t<\/div>\n\t\t\t\t<\/div>\n\t\t\t\t<\/div>\n\t\t","protected":false},"excerpt":{"rendered":"<p>ICOM Cr\u00e9ativit\u00e9 ICOM Cr\u00e9ativit\u00e9 Chez ICOM, notre objectif est d\u2019\u00eatre la meilleure bo\u00eete de communication et de conseil avec laquelle nos clients et nos collaborateurs peuvent travailler.Notre mission est de veiller sur vous, sur vos int\u00e9r\u00eats et sur votre strat\u00e9gie. Prendre de la hauteur sur vos probl\u00e9matiques et vous accompagner main dans la main gr\u00e2ce \u00e0 notre savoir-faire et notre expertise dans ce domaine. Nous mettons tout en \u0153uvre pour r\u00e9ussir vos projets. Rencontrons-nous et pensons ensemble vos strat\u00e9gies de demain. ICOM IPRINT Iprint Originalit\u00e9 Vous cherchez des solutions d\u2019impression personnalis\u00e9es et de haute d\u00e9finition\u2009? Poussez la porte de notre agence IPRINT. Une \u00e9quipe de sp\u00e9cialistes vous accueille et met ses comp\u00e9tences au service de votre projet. Aussi, nous mettons \u00e0 votre disposition si vous avez besoin, une \u00e9quipe de designers qualifi\u00e9s pour la conception de vos supports de communication imprim\u00e9s.Quelle que soit la complexit\u00e9 de votre projet, n\u2019h\u00e9sitez pas \u00e0 prendre rendez-vous, nous vous proposerons des solutions adapt\u00e9es \u00e0 vos besoins et \u00e0 votre budget. Nous vous pr\u00e9sentons ci-dessous nos domaines d\u2019intervention dans le domaine de l\u2019imprimerie. IPROD Innovation Notre ambition : Vous surprendre ! Nous proposons le talent et l\u2019expertise de nos sc\u00e9naristes, r\u00e9alisateurs, graphistes, monteurs, vid\u00e9astes, photographes au service des entreprises, des associations et des particuliers. Le r\u00e9sultat final parle de lui-m\u00eame, et ce, gr\u00e2ce \u00e0 un excellent travail d\u2019\u00e9quipe, et \u00e0 notre mat\u00e9riel haute d\u00e9finition. Veuillez trouver ci-apr\u00e8s nos domaines d\u2019interventions. IPROD<\/p>\n","protected":false},"author":1,"featured_media":0,"parent":0,"menu_order":0,"comment_status":"closed","ping_status":"closed","template":"","meta":{"footnotes":""},"class_list":["post-2277","page","type-page","status-publish","hentry"],"yoast_head":"<!-- This site is optimized with the Yoast SEO plugin v24.4 - https:\/\/yoast.com\/wordpress\/plugins\/seo\/ -->\n<title>icom adds wings -<\/title>\n<meta name=\"robots\" content=\"index, follow, max-snippet:-1, max-image-preview:large, max-video-preview:-1\" \/>\n<link rel=\"canonical\" href=\"https:\/\/icom.tn\/\" \/>\n<meta property=\"og:locale\" content=\"en_US\" \/>\n<meta property=\"og:type\" content=\"article\" \/>\n<meta property=\"og:title\" content=\"icom adds wings -\" \/>\n<meta property=\"og:description\" content=\"ICOM Cr\u00e9ativit\u00e9 ICOM Cr\u00e9ativit\u00e9 Chez ICOM, notre objectif est d\u2019\u00eatre la meilleure bo\u00eete de communication et de conseil avec laquelle nos clients et nos collaborateurs peuvent travailler.Notre mission est de veiller sur vous, sur vos int\u00e9r\u00eats et sur votre strat\u00e9gie. Prendre de la hauteur sur vos probl\u00e9matiques et vous accompagner main dans la main gr\u00e2ce \u00e0 notre savoir-faire et notre expertise dans ce domaine. Nous mettons tout en \u0153uvre pour r\u00e9ussir vos projets. Rencontrons-nous et pensons ensemble vos strat\u00e9gies de demain. ICOM IPRINT Iprint Originalit\u00e9 Vous cherchez des solutions d\u2019impression personnalis\u00e9es et de haute d\u00e9finition\u2009? Poussez la porte de notre agence IPRINT. Une \u00e9quipe de sp\u00e9cialistes vous accueille et met ses comp\u00e9tences au service de votre projet. Aussi, nous mettons \u00e0 votre disposition si vous avez besoin, une \u00e9quipe de designers qualifi\u00e9s pour la conception de vos supports de communication imprim\u00e9s.Quelle que soit la complexit\u00e9 de votre projet, n\u2019h\u00e9sitez pas \u00e0 prendre rendez-vous, nous vous proposerons des solutions adapt\u00e9es \u00e0 vos besoins et \u00e0 votre budget. Nous vous pr\u00e9sentons ci-dessous nos domaines d\u2019intervention dans le domaine de l\u2019imprimerie. IPROD Innovation Notre ambition : Vous surprendre ! Nous proposons le talent et l\u2019expertise de nos sc\u00e9naristes, r\u00e9alisateurs, graphistes, monteurs, vid\u00e9astes, photographes au service des entreprises, des associations et des particuliers. Le r\u00e9sultat final parle de lui-m\u00eame, et ce, gr\u00e2ce \u00e0 un excellent travail d\u2019\u00e9quipe, et \u00e0 notre mat\u00e9riel haute d\u00e9finition. Veuillez trouver ci-apr\u00e8s nos domaines d\u2019interventions. IPROD\" \/>\n<meta property=\"og:url\" content=\"https:\/\/icom.tn\/\" \/>\n<meta property=\"article:publisher\" content=\"https:\/\/www.facebook.com\/icomtun\" \/>\n<meta property=\"article:modified_time\" content=\"2025-11-20T11:00:51+00:00\" \/>\n<meta property=\"og:image\" content=\"https:\/\/icom.tn\/wp-content\/uploads\/2024\/08\/general-2048x639-1.jpg\" \/>\n\t<meta property=\"og:image:width\" content=\"2048\" \/>\n\t<meta property=\"og:image:height\" content=\"639\" \/>\n\t<meta property=\"og:image:type\" content=\"image\/jpeg\" \/>\n<meta name=\"twitter:card\" content=\"summary_large_image\" \/>\n<meta name=\"twitter:label1\" content=\"Est. reading time\" \/>\n\t<meta name=\"twitter:data1\" content=\"3 minutes\" \/>\n<script type=\"application\/ld+json\" class=\"yoast-schema-graph\">{\"@context\":\"https:\/\/schema.org\",\"@graph\":[{\"@type\":\"WebPage\",\"@id\":\"https:\/\/icom.tn\/\",\"url\":\"https:\/\/icom.tn\/\",\"name\":\"icom adds wings -\",\"isPartOf\":{\"@id\":\"https:\/\/icom.tn\/#website\"},\"primaryImageOfPage\":{\"@id\":\"https:\/\/icom.tn\/#primaryimage\"},\"image\":{\"@id\":\"https:\/\/icom.tn\/#primaryimage\"},\"thumbnailUrl\":\"https:\/\/icom.tn\/wp-content\/uploads\/2024\/08\/general-2048x639-1.jpg\",\"datePublished\":\"2024-09-12T10:53:11+00:00\",\"dateModified\":\"2025-11-20T11:00:51+00:00\",\"breadcrumb\":{\"@id\":\"https:\/\/icom.tn\/#breadcrumb\"},\"inLanguage\":\"en-US\",\"potentialAction\":[{\"@type\":\"ReadAction\",\"target\":[\"https:\/\/icom.tn\/\"]}]},{\"@type\":\"ImageObject\",\"inLanguage\":\"en-US\",\"@id\":\"https:\/\/icom.tn\/#primaryimage\",\"url\":\"https:\/\/icom.tn\/wp-content\/uploads\/2024\/08\/general-2048x639-1.jpg\",\"contentUrl\":\"https:\/\/icom.tn\/wp-content\/uploads\/2024\/08\/general-2048x639-1.jpg\",\"width\":2048,\"height\":639},{\"@type\":\"BreadcrumbList\",\"@id\":\"https:\/\/icom.tn\/#breadcrumb\",\"itemListElement\":[{\"@type\":\"ListItem\",\"position\":1,\"name\":\"Accueil\",\"item\":\"https:\/\/icom.tn\/\"},{\"@type\":\"ListItem\",\"position\":2,\"name\":\"icom adds wings\"}]},{\"@type\":\"WebSite\",\"@id\":\"https:\/\/icom.tn\/#website\",\"url\":\"https:\/\/icom.tn\/\",\"name\":\"ICOM\",\"description\":\"\",\"publisher\":{\"@id\":\"https:\/\/icom.tn\/#organization\"},\"potentialAction\":[{\"@type\":\"SearchAction\",\"target\":{\"@type\":\"EntryPoint\",\"urlTemplate\":\"https:\/\/icom.tn\/?s={search_term_string}\"},\"query-input\":{\"@type\":\"PropertyValueSpecification\",\"valueRequired\":true,\"valueName\":\"search_term_string\"}}],\"inLanguage\":\"en-US\"},{\"@type\":\"Organization\",\"@id\":\"https:\/\/icom.tn\/#organization\",\"name\":\"ICOM\",\"url\":\"https:\/\/icom.tn\/\",\"logo\":{\"@type\":\"ImageObject\",\"inLanguage\":\"en-US\",\"@id\":\"https:\/\/icom.tn\/#\/schema\/logo\/image\/\",\"url\":\"https:\/\/icom.tn\/wp-content\/uploads\/2024\/08\/logo-desktop.png\",\"contentUrl\":\"https:\/\/icom.tn\/wp-content\/uploads\/2024\/08\/logo-desktop.png\",\"width\":120,\"height\":120,\"caption\":\"ICOM\"},\"image\":{\"@id\":\"https:\/\/icom.tn\/#\/schema\/logo\/image\/\"},\"sameAs\":[\"https:\/\/www.facebook.com\/icomtun\",\"https:\/\/tn.linkedin.com\/company\/icomtun\"]}]}<\/script>\n<!-- \/ Yoast SEO plugin. -->","yoast_head_json":{"title":"icom adds wings -","robots":{"index":"index","follow":"follow","max-snippet":"max-snippet:-1","max-image-preview":"max-image-preview:large","max-video-preview":"max-video-preview:-1"},"canonical":"https:\/\/icom.tn\/","og_locale":"en_US","og_type":"article","og_title":"icom adds wings -","og_description":"ICOM Cr\u00e9ativit\u00e9 ICOM Cr\u00e9ativit\u00e9 Chez ICOM, notre objectif est d\u2019\u00eatre la meilleure bo\u00eete de communication et de conseil avec laquelle nos clients et nos collaborateurs peuvent travailler.Notre mission est de veiller sur vous, sur vos int\u00e9r\u00eats et sur votre strat\u00e9gie. Prendre de la hauteur sur vos probl\u00e9matiques et vous accompagner main dans la main gr\u00e2ce \u00e0 notre savoir-faire et notre expertise dans ce domaine. Nous mettons tout en \u0153uvre pour r\u00e9ussir vos projets. Rencontrons-nous et pensons ensemble vos strat\u00e9gies de demain. ICOM IPRINT Iprint Originalit\u00e9 Vous cherchez des solutions d\u2019impression personnalis\u00e9es et de haute d\u00e9finition\u2009? Poussez la porte de notre agence IPRINT. Une \u00e9quipe de sp\u00e9cialistes vous accueille et met ses comp\u00e9tences au service de votre projet. Aussi, nous mettons \u00e0 votre disposition si vous avez besoin, une \u00e9quipe de designers qualifi\u00e9s pour la conception de vos supports de communication imprim\u00e9s.Quelle que soit la complexit\u00e9 de votre projet, n\u2019h\u00e9sitez pas \u00e0 prendre rendez-vous, nous vous proposerons des solutions adapt\u00e9es \u00e0 vos besoins et \u00e0 votre budget. Nous vous pr\u00e9sentons ci-dessous nos domaines d\u2019intervention dans le domaine de l\u2019imprimerie. IPROD Innovation Notre ambition : Vous surprendre ! Nous proposons le talent et l\u2019expertise de nos sc\u00e9naristes, r\u00e9alisateurs, graphistes, monteurs, vid\u00e9astes, photographes au service des entreprises, des associations et des particuliers. Le r\u00e9sultat final parle de lui-m\u00eame, et ce, gr\u00e2ce \u00e0 un excellent travail d\u2019\u00e9quipe, et \u00e0 notre mat\u00e9riel haute d\u00e9finition. Veuillez trouver ci-apr\u00e8s nos domaines d\u2019interventions. IPROD","og_url":"https:\/\/icom.tn\/","article_publisher":"https:\/\/www.facebook.com\/icomtun","article_modified_time":"2025-11-20T11:00:51+00:00","og_image":[{"width":2048,"height":639,"url":"https:\/\/icom.tn\/wp-content\/uploads\/2024\/08\/general-2048x639-1.jpg","type":"image\/jpeg"}],"twitter_card":"summary_large_image","twitter_misc":{"Est. reading time":"3 minutes"},"schema":{"@context":"https:\/\/schema.org","@graph":[{"@type":"WebPage","@id":"https:\/\/icom.tn\/","url":"https:\/\/icom.tn\/","name":"icom adds wings -","isPartOf":{"@id":"https:\/\/icom.tn\/#website"},"primaryImageOfPage":{"@id":"https:\/\/icom.tn\/#primaryimage"},"image":{"@id":"https:\/\/icom.tn\/#primaryimage"},"thumbnailUrl":"https:\/\/icom.tn\/wp-content\/uploads\/2024\/08\/general-2048x639-1.jpg","datePublished":"2024-09-12T10:53:11+00:00","dateModified":"2025-11-20T11:00:51+00:00","breadcrumb":{"@id":"https:\/\/icom.tn\/#breadcrumb"},"inLanguage":"en-US","potentialAction":[{"@type":"ReadAction","target":["https:\/\/icom.tn\/"]}]},{"@type":"ImageObject","inLanguage":"en-US","@id":"https:\/\/icom.tn\/#primaryimage","url":"https:\/\/icom.tn\/wp-content\/uploads\/2024\/08\/general-2048x639-1.jpg","contentUrl":"https:\/\/icom.tn\/wp-content\/uploads\/2024\/08\/general-2048x639-1.jpg","width":2048,"height":639},{"@type":"BreadcrumbList","@id":"https:\/\/icom.tn\/#breadcrumb","itemListElement":[{"@type":"ListItem","position":1,"name":"Accueil","item":"https:\/\/icom.tn\/"},{"@type":"ListItem","position":2,"name":"icom adds wings"}]},{"@type":"WebSite","@id":"https:\/\/icom.tn\/#website","url":"https:\/\/icom.tn\/","name":"ICOM","description":"","publisher":{"@id":"https:\/\/icom.tn\/#organization"},"potentialAction":[{"@type":"SearchAction","target":{"@type":"EntryPoint","urlTemplate":"https:\/\/icom.tn\/?s={search_term_string}"},"query-input":{"@type":"PropertyValueSpecification","valueRequired":true,"valueName":"search_term_string"}}],"inLanguage":"en-US"},{"@type":"Organization","@id":"https:\/\/icom.tn\/#organization","name":"ICOM","url":"https:\/\/icom.tn\/","logo":{"@type":"ImageObject","inLanguage":"en-US","@id":"https:\/\/icom.tn\/#\/schema\/logo\/image\/","url":"https:\/\/icom.tn\/wp-content\/uploads\/2024\/08\/logo-desktop.png","contentUrl":"https:\/\/icom.tn\/wp-content\/uploads\/2024\/08\/logo-desktop.png","width":120,"height":120,"caption":"ICOM"},"image":{"@id":"https:\/\/icom.tn\/#\/schema\/logo\/image\/"},"sameAs":["https:\/\/www.facebook.com\/icomtun","https:\/\/tn.linkedin.com\/company\/icomtun"]}]}},"jetpack_sharing_enabled":true,"_links":{"self":[{"href":"https:\/\/icom.tn\/index.php\/wp-json\/wp\/v2\/pages\/2277","targetHints":{"allow":["GET"]}}],"collection":[{"href":"https:\/\/icom.tn\/index.php\/wp-json\/wp\/v2\/pages"}],"about":[{"href":"https:\/\/icom.tn\/index.php\/wp-json\/wp\/v2\/types\/page"}],"author":[{"embeddable":true,"href":"https:\/\/icom.tn\/index.php\/wp-json\/wp\/v2\/users\/1"}],"replies":[{"embeddable":true,"href":"https:\/\/icom.tn\/index.php\/wp-json\/wp\/v2\/comments?post=2277"}],"version-history":[{"count":131,"href":"https:\/\/icom.tn\/index.php\/wp-json\/wp\/v2\/pages\/2277\/revisions"}],"predecessor-version":[{"id":3827,"href":"https:\/\/icom.tn\/index.php\/wp-json\/wp\/v2\/pages\/2277\/revisions\/3827"}],"wp:attachment":[{"href":"https:\/\/icom.tn\/index.php\/wp-json\/wp\/v2\/media?parent=2277"}],"curies":[{"name":"wp","href":"https:\/\/api.w.org\/{rel}","templated":true}]}}