{"id":2047,"date":"2024-09-02T16:00:41","date_gmt":"2024-09-02T14:00:41","guid":{"rendered":"https:\/\/icom.tn\/?page_id=2047"},"modified":"2024-09-06T17:17:30","modified_gmt":"2024-09-06T15:17:30","slug":"street-marketing","status":"publish","type":"page","link":"https:\/\/icom.tn\/index.php\/street-marketing\/","title":{"rendered":"Street Marketing"},"content":{"rendered":"\t\t<div data-elementor-type=\"wp-page\" data-elementor-id=\"2047\" class=\"elementor elementor-2047\">\n\t\t\t\t<div class=\"elementor-element elementor-element-367ee76c e-flex e-con-boxed wpr-particle-no wpr-jarallax-no wpr-parallax-no wpr-sticky-section-no e-con e-parent\" data-id=\"367ee76c\" data-element_type=\"container\">\n\t\t\t\t\t<div class=\"e-con-inner\">\n\t\t<div class=\"elementor-element elementor-element-527dd84b e-con-full e-flex wpr-particle-no wpr-jarallax-no wpr-parallax-no wpr-sticky-section-no e-con e-child\" data-id=\"527dd84b\" data-element_type=\"container\">\n\t\t\t\t<div class=\"elementor-element elementor-element-40d48e1e elementor-widget elementor-widget-image\" data-id=\"40d48e1e\" data-element_type=\"widget\" data-widget_type=\"image.default\">\n\t\t\t\t<div class=\"elementor-widget-container\">\n\t\t\t\t\t\t\t\t\t\t\t\t\t\t\t<img fetchpriority=\"high\" decoding=\"async\" width=\"300\" height=\"300\" src=\"https:\/\/icom.tn\/wp-content\/uploads\/2024\/09\/logotype-300x300-1.png\" class=\"attachment-large size-large wp-image-1902\" alt=\"\" srcset=\"https:\/\/icom.tn\/wp-content\/uploads\/2024\/09\/logotype-300x300-1.png 300w, https:\/\/icom.tn\/wp-content\/uploads\/2024\/09\/logotype-300x300-1-150x150.png 150w, https:\/\/icom.tn\/wp-content\/uploads\/2024\/09\/logotype-300x300-1-100x100.png 100w\" sizes=\"(max-width: 300px) 100vw, 300px\" \/>\t\t\t\t\t\t\t\t\t\t\t\t\t\t\t<\/div>\n\t\t\t\t<\/div>\n\t\t\t\t<\/div>\n\t\t<div class=\"elementor-element elementor-element-65f12a7f e-con-full e-flex wpr-particle-no wpr-jarallax-no wpr-parallax-no wpr-sticky-section-no e-con e-child\" data-id=\"65f12a7f\" data-element_type=\"container\">\n\t\t\t\t<div class=\"elementor-element elementor-element-f1da375 elementor-widget elementor-widget-heading\" data-id=\"f1da375\" data-element_type=\"widget\" data-widget_type=\"heading.default\">\n\t\t\t\t<div class=\"elementor-widget-container\">\n\t\t\t\t\t<h1 class=\"elementor-heading-title elementor-size-default\">Street Marketing<\/h1>\t\t\t\t<\/div>\n\t\t\t\t<\/div>\n\t\t\t\t<div class=\"elementor-element elementor-element-3b5461ee elementor-widget elementor-widget-text-editor\" data-id=\"3b5461ee\" data-element_type=\"widget\" data-widget_type=\"text-editor.default\">\n\t\t\t\t<div class=\"elementor-widget-container\">\n\t\t\t\t\t\t\t\t\t<p><strong>Le street marketing<\/strong>\u00a0ne consiste pas uniquement \u00e0 distribuer des \u00e9chantillons gratuits dans la rue. Dans notre agence, le street marketing peut avoir une multitude d\u2019id\u00e9es cr\u00e9atives suivant votre entreprise, votre marque, votre service, votre produit et la mani\u00e8re dont vous voulez communiquer avec cette m\u00e9thode ! Nous pouvons faire des animations tr\u00e8s diff\u00e9rentes et d\u00e9cal\u00e9es, c\u2019est l\u2019un des moyens les plus appropriable pour montrer notre cr\u00e9ativit\u00e9 et pour nous le contextualiser.<\/p>\t\t\t\t\t\t\t\t<\/div>\n\t\t\t\t<\/div>\n\t\t\t\t<\/div>\n\t\t\t\t\t<\/div>\n\t\t\t\t<\/div>\n\t\t\t\t<\/div>\n\t\t","protected":false},"excerpt":{"rendered":"<p>Street Marketing Le street marketing\u00a0ne consiste pas uniquement \u00e0 distribuer des \u00e9chantillons gratuits dans la rue. Dans notre agence, le street marketing peut avoir une multitude d\u2019id\u00e9es cr\u00e9atives suivant votre entreprise, votre marque, votre service, votre produit et la mani\u00e8re dont vous voulez communiquer avec cette m\u00e9thode ! Nous pouvons faire des animations tr\u00e8s diff\u00e9rentes et d\u00e9cal\u00e9es, c\u2019est l\u2019un des moyens les plus appropriable pour montrer notre cr\u00e9ativit\u00e9 et pour nous le contextualiser.<\/p>\n","protected":false},"author":1,"featured_media":0,"parent":0,"menu_order":0,"comment_status":"closed","ping_status":"closed","template":"","meta":{"footnotes":""},"class_list":["post-2047","page","type-page","status-publish","hentry"],"yoast_head":"<!-- This site is optimized with the Yoast SEO plugin v24.4 - https:\/\/yoast.com\/wordpress\/plugins\/seo\/ -->\n<title>Street Marketing -<\/title>\n<meta name=\"robots\" content=\"index, follow, max-snippet:-1, max-image-preview:large, max-video-preview:-1\" \/>\n<link rel=\"canonical\" href=\"https:\/\/icom.tn\/index.php\/street-marketing\/\" \/>\n<meta property=\"og:locale\" content=\"en_US\" \/>\n<meta property=\"og:type\" content=\"article\" \/>\n<meta property=\"og:title\" content=\"Street Marketing -\" \/>\n<meta property=\"og:description\" content=\"Street Marketing Le street marketing\u00a0ne consiste pas uniquement \u00e0 distribuer des \u00e9chantillons gratuits dans la rue. Dans notre agence, le street marketing peut avoir une multitude d\u2019id\u00e9es cr\u00e9atives suivant votre entreprise, votre marque, votre service, votre produit et la mani\u00e8re dont vous voulez communiquer avec cette m\u00e9thode ! Nous pouvons faire des animations tr\u00e8s diff\u00e9rentes et d\u00e9cal\u00e9es, c\u2019est l\u2019un des moyens les plus appropriable pour montrer notre cr\u00e9ativit\u00e9 et pour nous le contextualiser.\" \/>\n<meta property=\"og:url\" content=\"https:\/\/icom.tn\/index.php\/street-marketing\/\" \/>\n<meta property=\"article:publisher\" content=\"https:\/\/www.facebook.com\/icomtun\" \/>\n<meta property=\"article:modified_time\" content=\"2024-09-06T15:17:30+00:00\" \/>\n<meta property=\"og:image\" content=\"https:\/\/icom.tn\/wp-content\/uploads\/2024\/09\/logotype-300x300-1.png\" \/>\n\t<meta property=\"og:image:width\" content=\"300\" \/>\n\t<meta property=\"og:image:height\" content=\"300\" \/>\n\t<meta property=\"og:image:type\" content=\"image\/png\" \/>\n<meta name=\"twitter:card\" content=\"summary_large_image\" \/>\n<script type=\"application\/ld+json\" class=\"yoast-schema-graph\">{\"@context\":\"https:\/\/schema.org\",\"@graph\":[{\"@type\":\"WebPage\",\"@id\":\"https:\/\/icom.tn\/index.php\/street-marketing\/\",\"url\":\"https:\/\/icom.tn\/index.php\/street-marketing\/\",\"name\":\"Street Marketing -\",\"isPartOf\":{\"@id\":\"https:\/\/icom.tn\/#website\"},\"primaryImageOfPage\":{\"@id\":\"https:\/\/icom.tn\/index.php\/street-marketing\/#primaryimage\"},\"image\":{\"@id\":\"https:\/\/icom.tn\/index.php\/street-marketing\/#primaryimage\"},\"thumbnailUrl\":\"https:\/\/icom.tn\/wp-content\/uploads\/2024\/09\/logotype-300x300-1.png\",\"datePublished\":\"2024-09-02T14:00:41+00:00\",\"dateModified\":\"2024-09-06T15:17:30+00:00\",\"breadcrumb\":{\"@id\":\"https:\/\/icom.tn\/index.php\/street-marketing\/#breadcrumb\"},\"inLanguage\":\"en-US\",\"potentialAction\":[{\"@type\":\"ReadAction\",\"target\":[\"https:\/\/icom.tn\/index.php\/street-marketing\/\"]}]},{\"@type\":\"ImageObject\",\"inLanguage\":\"en-US\",\"@id\":\"https:\/\/icom.tn\/index.php\/street-marketing\/#primaryimage\",\"url\":\"https:\/\/icom.tn\/wp-content\/uploads\/2024\/09\/logotype-300x300-1.png\",\"contentUrl\":\"https:\/\/icom.tn\/wp-content\/uploads\/2024\/09\/logotype-300x300-1.png\",\"width\":300,\"height\":300},{\"@type\":\"BreadcrumbList\",\"@id\":\"https:\/\/icom.tn\/index.php\/street-marketing\/#breadcrumb\",\"itemListElement\":[{\"@type\":\"ListItem\",\"position\":1,\"name\":\"Accueil\",\"item\":\"https:\/\/icom.tn\/\"},{\"@type\":\"ListItem\",\"position\":2,\"name\":\"Street Marketing\"}]},{\"@type\":\"WebSite\",\"@id\":\"https:\/\/icom.tn\/#website\",\"url\":\"https:\/\/icom.tn\/\",\"name\":\"ICOM\",\"description\":\"\",\"publisher\":{\"@id\":\"https:\/\/icom.tn\/#organization\"},\"potentialAction\":[{\"@type\":\"SearchAction\",\"target\":{\"@type\":\"EntryPoint\",\"urlTemplate\":\"https:\/\/icom.tn\/?s={search_term_string}\"},\"query-input\":{\"@type\":\"PropertyValueSpecification\",\"valueRequired\":true,\"valueName\":\"search_term_string\"}}],\"inLanguage\":\"en-US\"},{\"@type\":\"Organization\",\"@id\":\"https:\/\/icom.tn\/#organization\",\"name\":\"ICOM\",\"url\":\"https:\/\/icom.tn\/\",\"logo\":{\"@type\":\"ImageObject\",\"inLanguage\":\"en-US\",\"@id\":\"https:\/\/icom.tn\/#\/schema\/logo\/image\/\",\"url\":\"https:\/\/icom.tn\/wp-content\/uploads\/2024\/08\/logo-desktop.png\",\"contentUrl\":\"https:\/\/icom.tn\/wp-content\/uploads\/2024\/08\/logo-desktop.png\",\"width\":120,\"height\":120,\"caption\":\"ICOM\"},\"image\":{\"@id\":\"https:\/\/icom.tn\/#\/schema\/logo\/image\/\"},\"sameAs\":[\"https:\/\/www.facebook.com\/icomtun\",\"https:\/\/tn.linkedin.com\/company\/icomtun\"]}]}<\/script>\n<!-- \/ Yoast SEO plugin. -->","yoast_head_json":{"title":"Street Marketing -","robots":{"index":"index","follow":"follow","max-snippet":"max-snippet:-1","max-image-preview":"max-image-preview:large","max-video-preview":"max-video-preview:-1"},"canonical":"https:\/\/icom.tn\/index.php\/street-marketing\/","og_locale":"en_US","og_type":"article","og_title":"Street Marketing -","og_description":"Street Marketing Le street marketing\u00a0ne consiste pas uniquement \u00e0 distribuer des \u00e9chantillons gratuits dans la rue. Dans notre agence, le street marketing peut avoir une multitude d\u2019id\u00e9es cr\u00e9atives suivant votre entreprise, votre marque, votre service, votre produit et la mani\u00e8re dont vous voulez communiquer avec cette m\u00e9thode ! Nous pouvons faire des animations tr\u00e8s diff\u00e9rentes et d\u00e9cal\u00e9es, c\u2019est l\u2019un des moyens les plus appropriable pour montrer notre cr\u00e9ativit\u00e9 et pour nous le contextualiser.","og_url":"https:\/\/icom.tn\/index.php\/street-marketing\/","article_publisher":"https:\/\/www.facebook.com\/icomtun","article_modified_time":"2024-09-06T15:17:30+00:00","og_image":[{"width":300,"height":300,"url":"https:\/\/icom.tn\/wp-content\/uploads\/2024\/09\/logotype-300x300-1.png","type":"image\/png"}],"twitter_card":"summary_large_image","schema":{"@context":"https:\/\/schema.org","@graph":[{"@type":"WebPage","@id":"https:\/\/icom.tn\/index.php\/street-marketing\/","url":"https:\/\/icom.tn\/index.php\/street-marketing\/","name":"Street Marketing -","isPartOf":{"@id":"https:\/\/icom.tn\/#website"},"primaryImageOfPage":{"@id":"https:\/\/icom.tn\/index.php\/street-marketing\/#primaryimage"},"image":{"@id":"https:\/\/icom.tn\/index.php\/street-marketing\/#primaryimage"},"thumbnailUrl":"https:\/\/icom.tn\/wp-content\/uploads\/2024\/09\/logotype-300x300-1.png","datePublished":"2024-09-02T14:00:41+00:00","dateModified":"2024-09-06T15:17:30+00:00","breadcrumb":{"@id":"https:\/\/icom.tn\/index.php\/street-marketing\/#breadcrumb"},"inLanguage":"en-US","potentialAction":[{"@type":"ReadAction","target":["https:\/\/icom.tn\/index.php\/street-marketing\/"]}]},{"@type":"ImageObject","inLanguage":"en-US","@id":"https:\/\/icom.tn\/index.php\/street-marketing\/#primaryimage","url":"https:\/\/icom.tn\/wp-content\/uploads\/2024\/09\/logotype-300x300-1.png","contentUrl":"https:\/\/icom.tn\/wp-content\/uploads\/2024\/09\/logotype-300x300-1.png","width":300,"height":300},{"@type":"BreadcrumbList","@id":"https:\/\/icom.tn\/index.php\/street-marketing\/#breadcrumb","itemListElement":[{"@type":"ListItem","position":1,"name":"Accueil","item":"https:\/\/icom.tn\/"},{"@type":"ListItem","position":2,"name":"Street Marketing"}]},{"@type":"WebSite","@id":"https:\/\/icom.tn\/#website","url":"https:\/\/icom.tn\/","name":"ICOM","description":"","publisher":{"@id":"https:\/\/icom.tn\/#organization"},"potentialAction":[{"@type":"SearchAction","target":{"@type":"EntryPoint","urlTemplate":"https:\/\/icom.tn\/?s={search_term_string}"},"query-input":{"@type":"PropertyValueSpecification","valueRequired":true,"valueName":"search_term_string"}}],"inLanguage":"en-US"},{"@type":"Organization","@id":"https:\/\/icom.tn\/#organization","name":"ICOM","url":"https:\/\/icom.tn\/","logo":{"@type":"ImageObject","inLanguage":"en-US","@id":"https:\/\/icom.tn\/#\/schema\/logo\/image\/","url":"https:\/\/icom.tn\/wp-content\/uploads\/2024\/08\/logo-desktop.png","contentUrl":"https:\/\/icom.tn\/wp-content\/uploads\/2024\/08\/logo-desktop.png","width":120,"height":120,"caption":"ICOM"},"image":{"@id":"https:\/\/icom.tn\/#\/schema\/logo\/image\/"},"sameAs":["https:\/\/www.facebook.com\/icomtun","https:\/\/tn.linkedin.com\/company\/icomtun"]}]}},"jetpack_sharing_enabled":true,"_links":{"self":[{"href":"https:\/\/icom.tn\/index.php\/wp-json\/wp\/v2\/pages\/2047","targetHints":{"allow":["GET"]}}],"collection":[{"href":"https:\/\/icom.tn\/index.php\/wp-json\/wp\/v2\/pages"}],"about":[{"href":"https:\/\/icom.tn\/index.php\/wp-json\/wp\/v2\/types\/page"}],"author":[{"embeddable":true,"href":"https:\/\/icom.tn\/index.php\/wp-json\/wp\/v2\/users\/1"}],"replies":[{"embeddable":true,"href":"https:\/\/icom.tn\/index.php\/wp-json\/wp\/v2\/comments?post=2047"}],"version-history":[{"count":7,"href":"https:\/\/icom.tn\/index.php\/wp-json\/wp\/v2\/pages\/2047\/revisions"}],"predecessor-version":[{"id":2166,"href":"https:\/\/icom.tn\/index.php\/wp-json\/wp\/v2\/pages\/2047\/revisions\/2166"}],"wp:attachment":[{"href":"https:\/\/icom.tn\/index.php\/wp-json\/wp\/v2\/media?parent=2047"}],"curies":[{"name":"wp","href":"https:\/\/api.w.org\/{rel}","templated":true}]}}