{"id":2008,"date":"2024-09-02T15:48:05","date_gmt":"2024-09-02T13:48:05","guid":{"rendered":"https:\/\/icom.tn\/?page_id=2008"},"modified":"2024-09-02T15:50:53","modified_gmt":"2024-09-02T13:50:53","slug":"community-management","status":"publish","type":"page","link":"https:\/\/icom.tn\/index.php\/community-management\/","title":{"rendered":"Community Management"},"content":{"rendered":"\t\t<div data-elementor-type=\"wp-page\" data-elementor-id=\"2008\" class=\"elementor elementor-2008\">\n\t\t\t\t<div class=\"elementor-element elementor-element-26986a12 e-flex e-con-boxed wpr-particle-no wpr-jarallax-no wpr-parallax-no wpr-sticky-section-no e-con e-parent\" data-id=\"26986a12\" data-element_type=\"container\">\n\t\t\t\t\t<div class=\"e-con-inner\">\n\t\t<div class=\"elementor-element elementor-element-66a2a989 e-con-full e-flex wpr-particle-no wpr-jarallax-no wpr-parallax-no wpr-sticky-section-no e-con e-child\" data-id=\"66a2a989\" data-element_type=\"container\">\n\t\t\t\t<div class=\"elementor-element elementor-element-2f0aa871 elementor-widget elementor-widget-image\" data-id=\"2f0aa871\" data-element_type=\"widget\" data-widget_type=\"image.default\">\n\t\t\t\t<div class=\"elementor-widget-container\">\n\t\t\t\t\t\t\t\t\t\t\t\t\t\t\t<img fetchpriority=\"high\" decoding=\"async\" width=\"300\" height=\"300\" src=\"https:\/\/icom.tn\/wp-content\/uploads\/2024\/09\/cm-300x300-1.png\" class=\"attachment-large size-large wp-image-2011\" alt=\"\" srcset=\"https:\/\/icom.tn\/wp-content\/uploads\/2024\/09\/cm-300x300-1.png 300w, https:\/\/icom.tn\/wp-content\/uploads\/2024\/09\/cm-300x300-1-150x150.png 150w, https:\/\/icom.tn\/wp-content\/uploads\/2024\/09\/cm-300x300-1-100x100.png 100w\" sizes=\"(max-width: 300px) 100vw, 300px\" \/>\t\t\t\t\t\t\t\t\t\t\t\t\t\t\t<\/div>\n\t\t\t\t<\/div>\n\t\t\t\t<\/div>\n\t\t\t\t\t<\/div>\n\t\t\t\t<\/div>\n\t\t<div class=\"elementor-element elementor-element-6fd5b1d e-con-full e-flex wpr-particle-no wpr-jarallax-no wpr-parallax-no wpr-sticky-section-no e-con e-child\" data-id=\"6fd5b1d\" data-element_type=\"container\">\n\t\t\t\t<div class=\"elementor-element elementor-element-6e45dcc elementor-widget elementor-widget-heading\" data-id=\"6e45dcc\" data-element_type=\"widget\" data-widget_type=\"heading.default\">\n\t\t\t\t<div class=\"elementor-widget-container\">\n\t\t\t\t\t<h1 class=\"elementor-heading-title elementor-size-default\">Community Management\n<\/h1>\t\t\t\t<\/div>\n\t\t\t\t<\/div>\n\t\t\t\t<div class=\"elementor-element elementor-element-9a37abb elementor-widget elementor-widget-heading\" data-id=\"9a37abb\" data-element_type=\"widget\" data-widget_type=\"heading.default\">\n\t\t\t\t<div class=\"elementor-widget-container\">\n\t\t\t\t\t<h3 class=\"elementor-heading-title elementor-size-default\">Communiquer, C\u2019est exister !<\/h3>\t\t\t\t<\/div>\n\t\t\t\t<\/div>\n\t\t\t\t<div class=\"elementor-element elementor-element-b3e8f96 elementor-widget elementor-widget-text-editor\" data-id=\"b3e8f96\" data-element_type=\"widget\" data-widget_type=\"text-editor.default\">\n\t\t\t\t<div class=\"elementor-widget-container\">\n\t\t\t\t\t\t\t\t\t<p>Afin de vous permettre d\u2019\u00eatre toujours\u00a0au plus proche de vos communaut\u00e9s\u00a0et d\u2019accro\u00eetre votre\u00a0taux d\u2019engagement, ICOM vous accompagne sur le Community management.<br \/>Notre \u00e9quipe de Community managers \u00e9labore, anime et mod\u00e8re pour vous les r\u00e9seaux sociaux de votre marque. \u00a0Elle d\u00e9termine avec vous l\u2019image et le style de votre communication, votre identit\u00e9 sociale, afin de cr\u00e9er et g\u00e9rer vos pages selon les types d\u2019engagements et d\u2019interactions les plus appropri\u00e9s.<br \/>Nos offres comprennent la r\u00e9daction, la publication, et la gestion de votre communaut\u00e9. Chaque fin du mois, un rapport complet et d\u00e9taill\u00e9 vous sera fourni.<\/p>\t\t\t\t\t\t\t\t<\/div>\n\t\t\t\t<\/div>\n\t\t\t\t<\/div>\n\t\t\t\t<\/div>\n\t\t","protected":false},"excerpt":{"rendered":"<p>Community Management Communiquer, C\u2019est exister ! Afin de vous permettre d\u2019\u00eatre toujours\u00a0au plus proche de vos communaut\u00e9s\u00a0et d\u2019accro\u00eetre votre\u00a0taux d\u2019engagement, ICOM vous accompagne sur le Community management.Notre \u00e9quipe de Community managers \u00e9labore, anime et mod\u00e8re pour vous les r\u00e9seaux sociaux de votre marque. \u00a0Elle d\u00e9termine avec vous l\u2019image et le style de votre communication, votre identit\u00e9 sociale, afin de cr\u00e9er et g\u00e9rer vos pages selon les types d\u2019engagements et d\u2019interactions les plus appropri\u00e9s.Nos offres comprennent la r\u00e9daction, la publication, et la gestion de votre communaut\u00e9. Chaque fin du mois, un rapport complet et d\u00e9taill\u00e9 vous sera fourni.<\/p>\n","protected":false},"author":1,"featured_media":0,"parent":0,"menu_order":0,"comment_status":"closed","ping_status":"closed","template":"","meta":{"footnotes":""},"class_list":["post-2008","page","type-page","status-publish","hentry"],"yoast_head":"<!-- This site is optimized with the Yoast SEO plugin v24.4 - https:\/\/yoast.com\/wordpress\/plugins\/seo\/ -->\n<title>Community Management -<\/title>\n<meta name=\"robots\" content=\"index, follow, max-snippet:-1, max-image-preview:large, max-video-preview:-1\" \/>\n<link rel=\"canonical\" href=\"https:\/\/icom.tn\/index.php\/community-management\/\" \/>\n<meta property=\"og:locale\" content=\"en_US\" \/>\n<meta property=\"og:type\" content=\"article\" \/>\n<meta property=\"og:title\" content=\"Community Management -\" \/>\n<meta property=\"og:description\" content=\"Community Management Communiquer, C\u2019est exister ! Afin de vous permettre d\u2019\u00eatre toujours\u00a0au plus proche de vos communaut\u00e9s\u00a0et d\u2019accro\u00eetre votre\u00a0taux d\u2019engagement, ICOM vous accompagne sur le Community management.Notre \u00e9quipe de Community managers \u00e9labore, anime et mod\u00e8re pour vous les r\u00e9seaux sociaux de votre marque. \u00a0Elle d\u00e9termine avec vous l\u2019image et le style de votre communication, votre identit\u00e9 sociale, afin de cr\u00e9er et g\u00e9rer vos pages selon les types d\u2019engagements et d\u2019interactions les plus appropri\u00e9s.Nos offres comprennent la r\u00e9daction, la publication, et la gestion de votre communaut\u00e9. Chaque fin du mois, un rapport complet et d\u00e9taill\u00e9 vous sera fourni.\" \/>\n<meta property=\"og:url\" content=\"https:\/\/icom.tn\/index.php\/community-management\/\" \/>\n<meta property=\"article:publisher\" content=\"https:\/\/www.facebook.com\/icomtun\" \/>\n<meta property=\"article:modified_time\" content=\"2024-09-02T13:50:53+00:00\" \/>\n<meta property=\"og:image\" content=\"https:\/\/icom.tn\/wp-content\/uploads\/2024\/09\/cm-300x300-1.png\" \/>\n\t<meta property=\"og:image:width\" content=\"300\" \/>\n\t<meta property=\"og:image:height\" content=\"300\" \/>\n\t<meta property=\"og:image:type\" content=\"image\/png\" \/>\n<meta name=\"twitter:card\" content=\"summary_large_image\" \/>\n<meta name=\"twitter:label1\" content=\"Est. reading time\" \/>\n\t<meta name=\"twitter:data1\" content=\"1 minute\" \/>\n<script type=\"application\/ld+json\" class=\"yoast-schema-graph\">{\"@context\":\"https:\/\/schema.org\",\"@graph\":[{\"@type\":\"WebPage\",\"@id\":\"https:\/\/icom.tn\/index.php\/community-management\/\",\"url\":\"https:\/\/icom.tn\/index.php\/community-management\/\",\"name\":\"Community Management -\",\"isPartOf\":{\"@id\":\"https:\/\/icom.tn\/#website\"},\"primaryImageOfPage\":{\"@id\":\"https:\/\/icom.tn\/index.php\/community-management\/#primaryimage\"},\"image\":{\"@id\":\"https:\/\/icom.tn\/index.php\/community-management\/#primaryimage\"},\"thumbnailUrl\":\"https:\/\/icom.tn\/wp-content\/uploads\/2024\/09\/cm-300x300-1.png\",\"datePublished\":\"2024-09-02T13:48:05+00:00\",\"dateModified\":\"2024-09-02T13:50:53+00:00\",\"breadcrumb\":{\"@id\":\"https:\/\/icom.tn\/index.php\/community-management\/#breadcrumb\"},\"inLanguage\":\"en-US\",\"potentialAction\":[{\"@type\":\"ReadAction\",\"target\":[\"https:\/\/icom.tn\/index.php\/community-management\/\"]}]},{\"@type\":\"ImageObject\",\"inLanguage\":\"en-US\",\"@id\":\"https:\/\/icom.tn\/index.php\/community-management\/#primaryimage\",\"url\":\"https:\/\/icom.tn\/wp-content\/uploads\/2024\/09\/cm-300x300-1.png\",\"contentUrl\":\"https:\/\/icom.tn\/wp-content\/uploads\/2024\/09\/cm-300x300-1.png\",\"width\":300,\"height\":300},{\"@type\":\"BreadcrumbList\",\"@id\":\"https:\/\/icom.tn\/index.php\/community-management\/#breadcrumb\",\"itemListElement\":[{\"@type\":\"ListItem\",\"position\":1,\"name\":\"Accueil\",\"item\":\"https:\/\/icom.tn\/\"},{\"@type\":\"ListItem\",\"position\":2,\"name\":\"Community Management\"}]},{\"@type\":\"WebSite\",\"@id\":\"https:\/\/icom.tn\/#website\",\"url\":\"https:\/\/icom.tn\/\",\"name\":\"ICOM\",\"description\":\"\",\"publisher\":{\"@id\":\"https:\/\/icom.tn\/#organization\"},\"potentialAction\":[{\"@type\":\"SearchAction\",\"target\":{\"@type\":\"EntryPoint\",\"urlTemplate\":\"https:\/\/icom.tn\/?s={search_term_string}\"},\"query-input\":{\"@type\":\"PropertyValueSpecification\",\"valueRequired\":true,\"valueName\":\"search_term_string\"}}],\"inLanguage\":\"en-US\"},{\"@type\":\"Organization\",\"@id\":\"https:\/\/icom.tn\/#organization\",\"name\":\"ICOM\",\"url\":\"https:\/\/icom.tn\/\",\"logo\":{\"@type\":\"ImageObject\",\"inLanguage\":\"en-US\",\"@id\":\"https:\/\/icom.tn\/#\/schema\/logo\/image\/\",\"url\":\"https:\/\/icom.tn\/wp-content\/uploads\/2024\/08\/logo-desktop.png\",\"contentUrl\":\"https:\/\/icom.tn\/wp-content\/uploads\/2024\/08\/logo-desktop.png\",\"width\":120,\"height\":120,\"caption\":\"ICOM\"},\"image\":{\"@id\":\"https:\/\/icom.tn\/#\/schema\/logo\/image\/\"},\"sameAs\":[\"https:\/\/www.facebook.com\/icomtun\",\"https:\/\/tn.linkedin.com\/company\/icomtun\"]}]}<\/script>\n<!-- \/ Yoast SEO plugin. -->","yoast_head_json":{"title":"Community Management -","robots":{"index":"index","follow":"follow","max-snippet":"max-snippet:-1","max-image-preview":"max-image-preview:large","max-video-preview":"max-video-preview:-1"},"canonical":"https:\/\/icom.tn\/index.php\/community-management\/","og_locale":"en_US","og_type":"article","og_title":"Community Management -","og_description":"Community Management Communiquer, C\u2019est exister ! Afin de vous permettre d\u2019\u00eatre toujours\u00a0au plus proche de vos communaut\u00e9s\u00a0et d\u2019accro\u00eetre votre\u00a0taux d\u2019engagement, ICOM vous accompagne sur le Community management.Notre \u00e9quipe de Community managers \u00e9labore, anime et mod\u00e8re pour vous les r\u00e9seaux sociaux de votre marque. \u00a0Elle d\u00e9termine avec vous l\u2019image et le style de votre communication, votre identit\u00e9 sociale, afin de cr\u00e9er et g\u00e9rer vos pages selon les types d\u2019engagements et d\u2019interactions les plus appropri\u00e9s.Nos offres comprennent la r\u00e9daction, la publication, et la gestion de votre communaut\u00e9. Chaque fin du mois, un rapport complet et d\u00e9taill\u00e9 vous sera fourni.","og_url":"https:\/\/icom.tn\/index.php\/community-management\/","article_publisher":"https:\/\/www.facebook.com\/icomtun","article_modified_time":"2024-09-02T13:50:53+00:00","og_image":[{"width":300,"height":300,"url":"https:\/\/icom.tn\/wp-content\/uploads\/2024\/09\/cm-300x300-1.png","type":"image\/png"}],"twitter_card":"summary_large_image","twitter_misc":{"Est. reading time":"1 minute"},"schema":{"@context":"https:\/\/schema.org","@graph":[{"@type":"WebPage","@id":"https:\/\/icom.tn\/index.php\/community-management\/","url":"https:\/\/icom.tn\/index.php\/community-management\/","name":"Community Management -","isPartOf":{"@id":"https:\/\/icom.tn\/#website"},"primaryImageOfPage":{"@id":"https:\/\/icom.tn\/index.php\/community-management\/#primaryimage"},"image":{"@id":"https:\/\/icom.tn\/index.php\/community-management\/#primaryimage"},"thumbnailUrl":"https:\/\/icom.tn\/wp-content\/uploads\/2024\/09\/cm-300x300-1.png","datePublished":"2024-09-02T13:48:05+00:00","dateModified":"2024-09-02T13:50:53+00:00","breadcrumb":{"@id":"https:\/\/icom.tn\/index.php\/community-management\/#breadcrumb"},"inLanguage":"en-US","potentialAction":[{"@type":"ReadAction","target":["https:\/\/icom.tn\/index.php\/community-management\/"]}]},{"@type":"ImageObject","inLanguage":"en-US","@id":"https:\/\/icom.tn\/index.php\/community-management\/#primaryimage","url":"https:\/\/icom.tn\/wp-content\/uploads\/2024\/09\/cm-300x300-1.png","contentUrl":"https:\/\/icom.tn\/wp-content\/uploads\/2024\/09\/cm-300x300-1.png","width":300,"height":300},{"@type":"BreadcrumbList","@id":"https:\/\/icom.tn\/index.php\/community-management\/#breadcrumb","itemListElement":[{"@type":"ListItem","position":1,"name":"Accueil","item":"https:\/\/icom.tn\/"},{"@type":"ListItem","position":2,"name":"Community Management"}]},{"@type":"WebSite","@id":"https:\/\/icom.tn\/#website","url":"https:\/\/icom.tn\/","name":"ICOM","description":"","publisher":{"@id":"https:\/\/icom.tn\/#organization"},"potentialAction":[{"@type":"SearchAction","target":{"@type":"EntryPoint","urlTemplate":"https:\/\/icom.tn\/?s={search_term_string}"},"query-input":{"@type":"PropertyValueSpecification","valueRequired":true,"valueName":"search_term_string"}}],"inLanguage":"en-US"},{"@type":"Organization","@id":"https:\/\/icom.tn\/#organization","name":"ICOM","url":"https:\/\/icom.tn\/","logo":{"@type":"ImageObject","inLanguage":"en-US","@id":"https:\/\/icom.tn\/#\/schema\/logo\/image\/","url":"https:\/\/icom.tn\/wp-content\/uploads\/2024\/08\/logo-desktop.png","contentUrl":"https:\/\/icom.tn\/wp-content\/uploads\/2024\/08\/logo-desktop.png","width":120,"height":120,"caption":"ICOM"},"image":{"@id":"https:\/\/icom.tn\/#\/schema\/logo\/image\/"},"sameAs":["https:\/\/www.facebook.com\/icomtun","https:\/\/tn.linkedin.com\/company\/icomtun"]}]}},"jetpack_sharing_enabled":true,"_links":{"self":[{"href":"https:\/\/icom.tn\/index.php\/wp-json\/wp\/v2\/pages\/2008","targetHints":{"allow":["GET"]}}],"collection":[{"href":"https:\/\/icom.tn\/index.php\/wp-json\/wp\/v2\/pages"}],"about":[{"href":"https:\/\/icom.tn\/index.php\/wp-json\/wp\/v2\/types\/page"}],"author":[{"embeddable":true,"href":"https:\/\/icom.tn\/index.php\/wp-json\/wp\/v2\/users\/1"}],"replies":[{"embeddable":true,"href":"https:\/\/icom.tn\/index.php\/wp-json\/wp\/v2\/comments?post=2008"}],"version-history":[{"count":4,"href":"https:\/\/icom.tn\/index.php\/wp-json\/wp\/v2\/pages\/2008\/revisions"}],"predecessor-version":[{"id":2014,"href":"https:\/\/icom.tn\/index.php\/wp-json\/wp\/v2\/pages\/2008\/revisions\/2014"}],"wp:attachment":[{"href":"https:\/\/icom.tn\/index.php\/wp-json\/wp\/v2\/media?parent=2008"}],"curies":[{"name":"wp","href":"https:\/\/api.w.org\/{rel}","templated":true}]}}