{"id":1997,"date":"2024-09-02T15:40:06","date_gmt":"2024-09-02T13:40:06","guid":{"rendered":"https:\/\/icom.tn\/?page_id=1997"},"modified":"2024-09-02T15:47:15","modified_gmt":"2024-09-02T13:47:15","slug":"sem","status":"publish","type":"page","link":"https:\/\/icom.tn\/index.php\/sem\/","title":{"rendered":"SEM"},"content":{"rendered":"\t\t<div data-elementor-type=\"wp-page\" data-elementor-id=\"1997\" class=\"elementor elementor-1997\">\n\t\t\t\t<div class=\"elementor-element elementor-element-6584a831 e-flex e-con-boxed wpr-particle-no wpr-jarallax-no wpr-parallax-no wpr-sticky-section-no e-con e-parent\" data-id=\"6584a831\" data-element_type=\"container\">\n\t\t\t\t\t<div class=\"e-con-inner\">\n\t\t<div class=\"elementor-element elementor-element-3496319a e-con-full e-flex wpr-particle-no wpr-jarallax-no wpr-parallax-no wpr-sticky-section-no e-con e-child\" data-id=\"3496319a\" data-element_type=\"container\">\n\t\t\t\t<div class=\"elementor-element elementor-element-534622da elementor-widget elementor-widget-image\" data-id=\"534622da\" data-element_type=\"widget\" data-widget_type=\"image.default\">\n\t\t\t\t<div class=\"elementor-widget-container\">\n\t\t\t\t\t\t\t\t\t\t\t\t\t\t\t<img fetchpriority=\"high\" decoding=\"async\" width=\"300\" height=\"300\" src=\"https:\/\/icom.tn\/wp-content\/uploads\/2024\/09\/1-4-300x300-1.jpg\" class=\"attachment-large size-large wp-image-1998\" alt=\"\" srcset=\"https:\/\/icom.tn\/wp-content\/uploads\/2024\/09\/1-4-300x300-1.jpg 300w, https:\/\/icom.tn\/wp-content\/uploads\/2024\/09\/1-4-300x300-1-150x150.jpg 150w, https:\/\/icom.tn\/wp-content\/uploads\/2024\/09\/1-4-300x300-1-100x100.jpg 100w\" sizes=\"(max-width: 300px) 100vw, 300px\" \/>\t\t\t\t\t\t\t\t\t\t\t\t\t\t\t<\/div>\n\t\t\t\t<\/div>\n\t\t\t\t<\/div>\n\t\t<div class=\"elementor-element elementor-element-670780bf e-con-full e-flex wpr-particle-no wpr-jarallax-no wpr-parallax-no wpr-sticky-section-no e-con e-child\" data-id=\"670780bf\" data-element_type=\"container\">\n\t\t\t\t<div class=\"elementor-element elementor-element-40b5a7c8 elementor-widget elementor-widget-heading\" data-id=\"40b5a7c8\" data-element_type=\"widget\" data-widget_type=\"heading.default\">\n\t\t\t\t<div class=\"elementor-widget-container\">\n\t\t\t\t\t<h1 class=\"elementor-heading-title elementor-size-default\">SEM<\/h1>\t\t\t\t<\/div>\n\t\t\t\t<\/div>\n\t\t\t\t<div class=\"elementor-element elementor-element-6f82e537 elementor-widget elementor-widget-text-editor\" data-id=\"6f82e537\" data-element_type=\"widget\" data-widget_type=\"text-editor.default\">\n\t\t\t\t<div class=\"elementor-widget-container\">\n\t\t\t\t\t\t\t\t\t<section class=\"elementor-section elementor-top-section elementor-element elementor-element-3559b075 elementor-section-boxed elementor-section-height-default elementor-section-height-default jet-parallax-section\" data-id=\"3559b075\" data-element_type=\"section\" data-settings=\"{&quot;background_background&quot;:&quot;classic&quot;,&quot;jet_parallax_layout_list&quot;:[{&quot;jet_parallax_layout_image&quot;:{&quot;url&quot;:&quot;&quot;,&quot;id&quot;:&quot;&quot;,&quot;size&quot;:&quot;&quot;},&quot;_id&quot;:&quot;e644cfd&quot;,&quot;jet_parallax_layout_image_tablet&quot;:{&quot;url&quot;:&quot;&quot;,&quot;id&quot;:&quot;&quot;,&quot;size&quot;:&quot;&quot;},&quot;jet_parallax_layout_image_mobile&quot;:{&quot;url&quot;:&quot;&quot;,&quot;id&quot;:&quot;&quot;,&quot;size&quot;:&quot;&quot;},&quot;jet_parallax_layout_speed&quot;:{&quot;unit&quot;:&quot;%&quot;,&quot;size&quot;:50,&quot;sizes&quot;:[]},&quot;jet_parallax_layout_type&quot;:&quot;scroll&quot;,&quot;jet_parallax_layout_direction&quot;:null,&quot;jet_parallax_layout_fx_direction&quot;:null,&quot;jet_parallax_layout_z_index&quot;:&quot;&quot;,&quot;jet_parallax_layout_bg_x&quot;:50,&quot;jet_parallax_layout_bg_x_tablet&quot;:&quot;&quot;,&quot;jet_parallax_layout_bg_x_mobile&quot;:&quot;&quot;,&quot;jet_parallax_layout_bg_y&quot;:50,&quot;jet_parallax_layout_bg_y_tablet&quot;:&quot;&quot;,&quot;jet_parallax_layout_bg_y_mobile&quot;:&quot;&quot;,&quot;jet_parallax_layout_bg_size&quot;:&quot;auto&quot;,&quot;jet_parallax_layout_bg_size_tablet&quot;:&quot;&quot;,&quot;jet_parallax_layout_bg_size_mobile&quot;:&quot;&quot;,&quot;jet_parallax_layout_animation_prop&quot;:&quot;transform&quot;,&quot;jet_parallax_layout_on&quot;:[&quot;desktop&quot;,&quot;tablet&quot;]}]}\"><div class=\"elementor-container elementor-column-gap-default\"><div class=\"elementor-column elementor-col-50 elementor-top-column elementor-element elementor-element-1a4b3a7\" data-id=\"1a4b3a7\" data-element_type=\"column\"><div class=\"elementor-widget-wrap elementor-element-populated\"><div class=\"elementor-element elementor-element-5b99532 elementor-widget elementor-widget-text-editor\" data-id=\"5b99532\" data-element_type=\"widget\" data-widget_type=\"text-editor.default\"><div class=\"elementor-widget-container\"><p>Notre \u00e9quipe d\u2019experts SEM d\u00e9di\u00e9s, sp\u00e9cialis\u00e9s dans les techniques de r\u00e9f\u00e9rencement naturel et payant vous accompagnent dans vos projets digitaux.<\/p><p>Nous intervenons aupr\u00e8s de nos clients en tant qu\u2019op\u00e9rationnels, conseillers et accompagnateurs sur vos probl\u00e9matiques de g\u00e9n\u00e9ration de trafic qualifi\u00e9, de prospects \/ leads et de ventes.<\/p><\/div><\/div><\/div><\/div><\/div><\/section><section class=\"elementor-section elementor-top-section elementor-element elementor-element-aa1a03c elementor-section-boxed elementor-section-height-default elementor-section-height-default jet-parallax-section\" data-id=\"aa1a03c\" data-element_type=\"section\" data-settings=\"{&quot;jet_parallax_layout_list&quot;:[{&quot;jet_parallax_layout_image&quot;:{&quot;url&quot;:&quot;&quot;,&quot;id&quot;:&quot;&quot;,&quot;size&quot;:&quot;&quot;},&quot;_id&quot;:&quot;7878db1&quot;,&quot;jet_parallax_layout_image_tablet&quot;:{&quot;url&quot;:&quot;&quot;,&quot;id&quot;:&quot;&quot;,&quot;size&quot;:&quot;&quot;},&quot;jet_parallax_layout_image_mobile&quot;:{&quot;url&quot;:&quot;&quot;,&quot;id&quot;:&quot;&quot;,&quot;size&quot;:&quot;&quot;},&quot;jet_parallax_layout_speed&quot;:{&quot;unit&quot;:&quot;%&quot;,&quot;size&quot;:50,&quot;sizes&quot;:[]},&quot;jet_parallax_layout_type&quot;:&quot;scroll&quot;,&quot;jet_parallax_layout_direction&quot;:null,&quot;jet_parallax_layout_fx_direction&quot;:null,&quot;jet_parallax_layout_z_index&quot;:&quot;&quot;,&quot;jet_parallax_layout_bg_x&quot;:50,&quot;jet_parallax_layout_bg_x_tablet&quot;:&quot;&quot;,&quot;jet_parallax_layout_bg_x_mobile&quot;:&quot;&quot;,&quot;jet_parallax_layout_bg_y&quot;:50,&quot;jet_parallax_layout_bg_y_tablet&quot;:&quot;&quot;,&quot;jet_parallax_layout_bg_y_mobile&quot;:&quot;&quot;,&quot;jet_parallax_layout_bg_size&quot;:&quot;auto&quot;,&quot;jet_parallax_layout_bg_size_tablet&quot;:&quot;&quot;,&quot;jet_parallax_layout_bg_size_mobile&quot;:&quot;&quot;,&quot;jet_parallax_layout_animation_prop&quot;:&quot;transform&quot;,&quot;jet_parallax_layout_on&quot;:[&quot;desktop&quot;,&quot;tablet&quot;]}]}\"><div class=\"jet-parallax-section__layout elementor-repeater-item-7878db1 jet-parallax-section__scroll-layout\">\u00a0<\/div><\/section>\t\t\t\t\t\t\t\t<\/div>\n\t\t\t\t<\/div>\n\t\t\t\t<\/div>\n\t\t\t\t\t<\/div>\n\t\t\t\t<\/div>\n\t\t<div class=\"elementor-element elementor-element-5a20a8e e-flex e-con-boxed wpr-particle-no wpr-jarallax-no wpr-parallax-no wpr-sticky-section-no e-con e-parent\" data-id=\"5a20a8e\" data-element_type=\"container\">\n\t\t\t\t\t<div class=\"e-con-inner\">\n\t\t<div class=\"elementor-element elementor-element-ed33011 e-con-full e-flex wpr-particle-no wpr-jarallax-no wpr-parallax-no wpr-sticky-section-no e-con e-child\" data-id=\"ed33011\" data-element_type=\"container\">\n\t\t\t\t<div class=\"elementor-element elementor-element-9578af8 ekit-equal-height-enable elementor-widget elementor-widget-elementskit-icon-box\" data-id=\"9578af8\" data-element_type=\"widget\" data-widget_type=\"elementskit-icon-box.default\">\n\t\t\t\t<div class=\"elementor-widget-container\">\n\t\t\t\t\t<div class=\"ekit-wid-con\" >        <!-- link opening -->\n                <!-- end link opening -->\n\n        <div class=\"elementskit-infobox text-center text-center icon-top-align elementor-animation-   \">\n                            <div class=\"elementskit-box-header\">\n                <div class=\"elementskit-info-box-icon \">\n                    <img decoding=\"async\" width=\"800\" height=\"800\" src=\"https:\/\/icom.tn\/wp-content\/uploads\/2024\/09\/1-11.png\" class=\"attachment- size-\" alt=\"\" srcset=\"https:\/\/icom.tn\/wp-content\/uploads\/2024\/09\/1-11.png 800w, https:\/\/icom.tn\/wp-content\/uploads\/2024\/09\/1-11-300x300.png 300w, https:\/\/icom.tn\/wp-content\/uploads\/2024\/09\/1-11-150x150.png 150w, https:\/\/icom.tn\/wp-content\/uploads\/2024\/09\/1-11-768x768.png 768w, https:\/\/icom.tn\/wp-content\/uploads\/2024\/09\/1-11-650x650.png 650w, https:\/\/icom.tn\/wp-content\/uploads\/2024\/09\/1-11-600x600.png 600w, https:\/\/icom.tn\/wp-content\/uploads\/2024\/09\/1-11-100x100.png 100w\" sizes=\"(max-width: 800px) 100vw, 800px\" \/>                <\/div>\n          <\/div>\n                <div class=\"box-body\">\n                            <h3 class=\"elementskit-info-box-title\">\n                    SEA                <\/h3>\n                        \t\t  \t<p>Le SEA \u2013Search Engine Advertising \u2013 ou r\u00e9f\u00e9rencement payant, consiste \u00e0 diffuser des annonces cibl\u00e9es, en g\u00e9n\u00e9ral au-dessus et sur les c\u00f4t\u00e9s des pages de r\u00e9sultat des moteurs de recherche. \n\nAvec le r\u00e9f\u00e9rencement payant, nous vous aidons \u00e0 toucher vos prospects, au bon endroit, au bon moment. Nous pratiquons un SEA bas\u00e9 sur la conversion, pas juste le trafic, pour que la landing derri\u00e8re soit vraiment performante et vous rapporte des client.<\/p>\n                                <\/div>\n        \n        \n                <\/div>\n        <\/div>\t\t\t\t<\/div>\n\t\t\t\t<\/div>\n\t\t\t\t<\/div>\n\t\t<div class=\"elementor-element elementor-element-af76c6a e-con-full e-flex wpr-particle-no wpr-jarallax-no wpr-parallax-no wpr-sticky-section-no e-con e-child\" data-id=\"af76c6a\" data-element_type=\"container\">\n\t\t\t\t<div class=\"elementor-element elementor-element-b71986e ekit-equal-height-enable elementor-widget elementor-widget-elementskit-icon-box\" data-id=\"b71986e\" data-element_type=\"widget\" data-widget_type=\"elementskit-icon-box.default\">\n\t\t\t\t<div class=\"elementor-widget-container\">\n\t\t\t\t\t<div class=\"ekit-wid-con\" >        <!-- link opening -->\n                <!-- end link opening -->\n\n        <div class=\"elementskit-infobox text-center text-center icon-top-align elementor-animation-   \">\n                            <div class=\"elementskit-box-header\">\n                <div class=\"elementskit-info-box-icon \">\n                    <img decoding=\"async\" width=\"150\" height=\"150\" src=\"https:\/\/icom.tn\/wp-content\/uploads\/2024\/09\/1-04-1-150x150-1.png\" class=\"attachment- size-\" alt=\"\" srcset=\"https:\/\/icom.tn\/wp-content\/uploads\/2024\/09\/1-04-1-150x150-1.png 150w, https:\/\/icom.tn\/wp-content\/uploads\/2024\/09\/1-04-1-150x150-1-100x100.png 100w\" sizes=\"(max-width: 150px) 100vw, 150px\" \/>                <\/div>\n          <\/div>\n                <div class=\"box-body\">\n                            <h3 class=\"elementskit-info-box-title\">\n                    SEO                <\/h3>\n                        \t\t  \t<p>Le SEO \u2013 Search Engine Optimisation \u2013 consiste \u00e0 analyser la construction technique des pages, et leur contenu r\u00e9dactionnel pour am\u00e9liorer votre visibilit\u00e9.\n\nNotre \u00e9quipe d\u2019experts vous aide \u00e0 optimiser votre r\u00e9f\u00e9rencement naturel gr\u00e2ce \u00e0 une analyse de votre site internet, et \u00e0 la mise en place d\u2019outils techniques qui am\u00e9lioreront votre position dans les r\u00e9sultats de recherches.<\/p>\n                                <\/div>\n        \n        \n                <\/div>\n        <\/div>\t\t\t\t<\/div>\n\t\t\t\t<\/div>\n\t\t\t\t<\/div>\n\t\t<div class=\"elementor-element elementor-element-8be48d6 e-con-full e-flex wpr-particle-no wpr-jarallax-no wpr-parallax-no wpr-sticky-section-no e-con e-child\" data-id=\"8be48d6\" data-element_type=\"container\">\n\t\t\t\t<div class=\"elementor-element elementor-element-646a223 ekit-equal-height-enable elementor-widget elementor-widget-elementskit-icon-box\" data-id=\"646a223\" data-element_type=\"widget\" data-widget_type=\"elementskit-icon-box.default\">\n\t\t\t\t<div class=\"elementor-widget-container\">\n\t\t\t\t\t<div class=\"ekit-wid-con\" >        <!-- link opening -->\n                <!-- end link opening -->\n\n        <div class=\"elementskit-infobox text-center text-center icon-top-align elementor-animation-   \">\n                            <div class=\"elementskit-box-header\">\n                <div class=\"elementskit-info-box-icon \">\n                    <img loading=\"lazy\" decoding=\"async\" width=\"150\" height=\"150\" src=\"https:\/\/icom.tn\/wp-content\/uploads\/2024\/09\/1-05-1-150x150-1.png\" class=\"attachment- size-\" alt=\"\" srcset=\"https:\/\/icom.tn\/wp-content\/uploads\/2024\/09\/1-05-1-150x150-1.png 150w, https:\/\/icom.tn\/wp-content\/uploads\/2024\/09\/1-05-1-150x150-1-100x100.png 100w\" sizes=\"(max-width: 150px) 100vw, 150px\" \/>                <\/div>\n          <\/div>\n                <div class=\"box-body\">\n                            <h3 class=\"elementskit-info-box-title\">\n                    PIXEL FACEBOOK\u200b                <\/h3>\n                        \t\t  \t<p>Le pixel Facebook est un extrait de code que vous placez sur votre site web. Avec cet outil, nous vous permettrons de suivre les conversions g\u00e9n\u00e9r\u00e9es par vos publicit\u00e9s Facebook, d\u2019optimiser les publicit\u00e9s en fonction des donn\u00e9es recueillies, de construire des audiences cibl\u00e9es pour vos futures publicit\u00e9s et de recibler les leads qualifi\u00e9s.<\/p>\n                                <\/div>\n        \n        \n                <\/div>\n        <\/div>\t\t\t\t<\/div>\n\t\t\t\t<\/div>\n\t\t\t\t<\/div>\n\t\t\t\t\t<\/div>\n\t\t\t\t<\/div>\n\t\t\t\t<\/div>\n\t\t","protected":false},"excerpt":{"rendered":"<p>SEM Notre \u00e9quipe d\u2019experts SEM d\u00e9di\u00e9s, sp\u00e9cialis\u00e9s dans les techniques de r\u00e9f\u00e9rencement naturel et payant vous accompagnent dans vos projets digitaux. Nous intervenons aupr\u00e8s de nos clients en tant qu\u2019op\u00e9rationnels, conseillers et accompagnateurs sur vos probl\u00e9matiques de g\u00e9n\u00e9ration de trafic qualifi\u00e9, de prospects \/ leads et de ventes. \u00a0 SEA Le SEA \u2013Search Engine Advertising \u2013 ou r\u00e9f\u00e9rencement payant, consiste \u00e0 diffuser des annonces cibl\u00e9es, en g\u00e9n\u00e9ral au-dessus et sur les c\u00f4t\u00e9s des pages de r\u00e9sultat des moteurs de recherche. Avec le r\u00e9f\u00e9rencement payant, nous vous aidons \u00e0 toucher vos prospects, au bon endroit, au bon moment. Nous pratiquons un SEA bas\u00e9 sur la conversion, pas juste le trafic, pour que la landing derri\u00e8re soit vraiment performante et vous rapporte des client. SEO Le SEO \u2013 Search Engine Optimisation \u2013 consiste \u00e0 analyser la construction technique des pages, et leur contenu r\u00e9dactionnel pour am\u00e9liorer votre visibilit\u00e9. Notre \u00e9quipe d\u2019experts vous aide \u00e0 optimiser votre r\u00e9f\u00e9rencement naturel gr\u00e2ce \u00e0 une analyse de votre site internet, et \u00e0 la mise en place d\u2019outils techniques qui am\u00e9lioreront votre position dans les r\u00e9sultats de recherches. PIXEL FACEBOOK\u200b Le pixel Facebook est un extrait de code que vous placez sur votre site web. Avec cet outil, nous vous permettrons de suivre les conversions g\u00e9n\u00e9r\u00e9es par vos publicit\u00e9s Facebook, d\u2019optimiser les publicit\u00e9s en fonction des donn\u00e9es recueillies, de construire des audiences cibl\u00e9es pour vos futures publicit\u00e9s et de recibler les leads qualifi\u00e9s.<\/p>\n","protected":false},"author":1,"featured_media":0,"parent":0,"menu_order":0,"comment_status":"closed","ping_status":"closed","template":"","meta":{"footnotes":""},"class_list":["post-1997","page","type-page","status-publish","hentry"],"yoast_head":"<!-- This site is optimized with the Yoast SEO plugin v24.4 - https:\/\/yoast.com\/wordpress\/plugins\/seo\/ -->\n<title>SEM -<\/title>\n<meta name=\"robots\" content=\"index, follow, max-snippet:-1, max-image-preview:large, max-video-preview:-1\" \/>\n<link rel=\"canonical\" href=\"https:\/\/icom.tn\/index.php\/sem\/\" \/>\n<meta property=\"og:locale\" content=\"en_US\" \/>\n<meta property=\"og:type\" content=\"article\" \/>\n<meta property=\"og:title\" content=\"SEM -\" \/>\n<meta property=\"og:description\" content=\"SEM Notre \u00e9quipe d\u2019experts SEM d\u00e9di\u00e9s, sp\u00e9cialis\u00e9s dans les techniques de r\u00e9f\u00e9rencement naturel et payant vous accompagnent dans vos projets digitaux. Nous intervenons aupr\u00e8s de nos clients en tant qu\u2019op\u00e9rationnels, conseillers et accompagnateurs sur vos probl\u00e9matiques de g\u00e9n\u00e9ration de trafic qualifi\u00e9, de prospects \/ leads et de ventes. \u00a0 SEA Le SEA \u2013Search Engine Advertising \u2013 ou r\u00e9f\u00e9rencement payant, consiste \u00e0 diffuser des annonces cibl\u00e9es, en g\u00e9n\u00e9ral au-dessus et sur les c\u00f4t\u00e9s des pages de r\u00e9sultat des moteurs de recherche. Avec le r\u00e9f\u00e9rencement payant, nous vous aidons \u00e0 toucher vos prospects, au bon endroit, au bon moment. Nous pratiquons un SEA bas\u00e9 sur la conversion, pas juste le trafic, pour que la landing derri\u00e8re soit vraiment performante et vous rapporte des client. SEO Le SEO \u2013 Search Engine Optimisation \u2013 consiste \u00e0 analyser la construction technique des pages, et leur contenu r\u00e9dactionnel pour am\u00e9liorer votre visibilit\u00e9. Notre \u00e9quipe d\u2019experts vous aide \u00e0 optimiser votre r\u00e9f\u00e9rencement naturel gr\u00e2ce \u00e0 une analyse de votre site internet, et \u00e0 la mise en place d\u2019outils techniques qui am\u00e9lioreront votre position dans les r\u00e9sultats de recherches. PIXEL FACEBOOK\u200b Le pixel Facebook est un extrait de code que vous placez sur votre site web. Avec cet outil, nous vous permettrons de suivre les conversions g\u00e9n\u00e9r\u00e9es par vos publicit\u00e9s Facebook, d\u2019optimiser les publicit\u00e9s en fonction des donn\u00e9es recueillies, de construire des audiences cibl\u00e9es pour vos futures publicit\u00e9s et de recibler les leads qualifi\u00e9s.\" \/>\n<meta property=\"og:url\" content=\"https:\/\/icom.tn\/index.php\/sem\/\" \/>\n<meta property=\"article:publisher\" content=\"https:\/\/www.facebook.com\/icomtun\" \/>\n<meta property=\"article:modified_time\" content=\"2024-09-02T13:47:15+00:00\" \/>\n<meta property=\"og:image\" content=\"https:\/\/icom.tn\/wp-content\/uploads\/2024\/09\/1-4-300x300-1.jpg\" \/>\n\t<meta property=\"og:image:width\" content=\"300\" \/>\n\t<meta property=\"og:image:height\" content=\"300\" \/>\n\t<meta property=\"og:image:type\" content=\"image\/jpeg\" \/>\n<meta name=\"twitter:card\" content=\"summary_large_image\" \/>\n<meta name=\"twitter:label1\" content=\"Est. reading time\" \/>\n\t<meta name=\"twitter:data1\" content=\"1 minute\" \/>\n<script type=\"application\/ld+json\" class=\"yoast-schema-graph\">{\"@context\":\"https:\/\/schema.org\",\"@graph\":[{\"@type\":\"WebPage\",\"@id\":\"https:\/\/icom.tn\/index.php\/sem\/\",\"url\":\"https:\/\/icom.tn\/index.php\/sem\/\",\"name\":\"SEM -\",\"isPartOf\":{\"@id\":\"https:\/\/icom.tn\/#website\"},\"primaryImageOfPage\":{\"@id\":\"https:\/\/icom.tn\/index.php\/sem\/#primaryimage\"},\"image\":{\"@id\":\"https:\/\/icom.tn\/index.php\/sem\/#primaryimage\"},\"thumbnailUrl\":\"https:\/\/icom.tn\/wp-content\/uploads\/2024\/09\/1-4-300x300-1.jpg\",\"datePublished\":\"2024-09-02T13:40:06+00:00\",\"dateModified\":\"2024-09-02T13:47:15+00:00\",\"breadcrumb\":{\"@id\":\"https:\/\/icom.tn\/index.php\/sem\/#breadcrumb\"},\"inLanguage\":\"en-US\",\"potentialAction\":[{\"@type\":\"ReadAction\",\"target\":[\"https:\/\/icom.tn\/index.php\/sem\/\"]}]},{\"@type\":\"ImageObject\",\"inLanguage\":\"en-US\",\"@id\":\"https:\/\/icom.tn\/index.php\/sem\/#primaryimage\",\"url\":\"https:\/\/icom.tn\/wp-content\/uploads\/2024\/09\/1-4-300x300-1.jpg\",\"contentUrl\":\"https:\/\/icom.tn\/wp-content\/uploads\/2024\/09\/1-4-300x300-1.jpg\",\"width\":300,\"height\":300},{\"@type\":\"BreadcrumbList\",\"@id\":\"https:\/\/icom.tn\/index.php\/sem\/#breadcrumb\",\"itemListElement\":[{\"@type\":\"ListItem\",\"position\":1,\"name\":\"Accueil\",\"item\":\"https:\/\/icom.tn\/\"},{\"@type\":\"ListItem\",\"position\":2,\"name\":\"SEM\"}]},{\"@type\":\"WebSite\",\"@id\":\"https:\/\/icom.tn\/#website\",\"url\":\"https:\/\/icom.tn\/\",\"name\":\"ICOM\",\"description\":\"\",\"publisher\":{\"@id\":\"https:\/\/icom.tn\/#organization\"},\"potentialAction\":[{\"@type\":\"SearchAction\",\"target\":{\"@type\":\"EntryPoint\",\"urlTemplate\":\"https:\/\/icom.tn\/?s={search_term_string}\"},\"query-input\":{\"@type\":\"PropertyValueSpecification\",\"valueRequired\":true,\"valueName\":\"search_term_string\"}}],\"inLanguage\":\"en-US\"},{\"@type\":\"Organization\",\"@id\":\"https:\/\/icom.tn\/#organization\",\"name\":\"ICOM\",\"url\":\"https:\/\/icom.tn\/\",\"logo\":{\"@type\":\"ImageObject\",\"inLanguage\":\"en-US\",\"@id\":\"https:\/\/icom.tn\/#\/schema\/logo\/image\/\",\"url\":\"https:\/\/icom.tn\/wp-content\/uploads\/2024\/08\/logo-desktop.png\",\"contentUrl\":\"https:\/\/icom.tn\/wp-content\/uploads\/2024\/08\/logo-desktop.png\",\"width\":120,\"height\":120,\"caption\":\"ICOM\"},\"image\":{\"@id\":\"https:\/\/icom.tn\/#\/schema\/logo\/image\/\"},\"sameAs\":[\"https:\/\/www.facebook.com\/icomtun\",\"https:\/\/tn.linkedin.com\/company\/icomtun\"]}]}<\/script>\n<!-- \/ Yoast SEO plugin. -->","yoast_head_json":{"title":"SEM -","robots":{"index":"index","follow":"follow","max-snippet":"max-snippet:-1","max-image-preview":"max-image-preview:large","max-video-preview":"max-video-preview:-1"},"canonical":"https:\/\/icom.tn\/index.php\/sem\/","og_locale":"en_US","og_type":"article","og_title":"SEM -","og_description":"SEM Notre \u00e9quipe d\u2019experts SEM d\u00e9di\u00e9s, sp\u00e9cialis\u00e9s dans les techniques de r\u00e9f\u00e9rencement naturel et payant vous accompagnent dans vos projets digitaux. Nous intervenons aupr\u00e8s de nos clients en tant qu\u2019op\u00e9rationnels, conseillers et accompagnateurs sur vos probl\u00e9matiques de g\u00e9n\u00e9ration de trafic qualifi\u00e9, de prospects \/ leads et de ventes. \u00a0 SEA Le SEA \u2013Search Engine Advertising \u2013 ou r\u00e9f\u00e9rencement payant, consiste \u00e0 diffuser des annonces cibl\u00e9es, en g\u00e9n\u00e9ral au-dessus et sur les c\u00f4t\u00e9s des pages de r\u00e9sultat des moteurs de recherche. Avec le r\u00e9f\u00e9rencement payant, nous vous aidons \u00e0 toucher vos prospects, au bon endroit, au bon moment. Nous pratiquons un SEA bas\u00e9 sur la conversion, pas juste le trafic, pour que la landing derri\u00e8re soit vraiment performante et vous rapporte des client. SEO Le SEO \u2013 Search Engine Optimisation \u2013 consiste \u00e0 analyser la construction technique des pages, et leur contenu r\u00e9dactionnel pour am\u00e9liorer votre visibilit\u00e9. Notre \u00e9quipe d\u2019experts vous aide \u00e0 optimiser votre r\u00e9f\u00e9rencement naturel gr\u00e2ce \u00e0 une analyse de votre site internet, et \u00e0 la mise en place d\u2019outils techniques qui am\u00e9lioreront votre position dans les r\u00e9sultats de recherches. PIXEL FACEBOOK\u200b Le pixel Facebook est un extrait de code que vous placez sur votre site web. Avec cet outil, nous vous permettrons de suivre les conversions g\u00e9n\u00e9r\u00e9es par vos publicit\u00e9s Facebook, d\u2019optimiser les publicit\u00e9s en fonction des donn\u00e9es recueillies, de construire des audiences cibl\u00e9es pour vos futures publicit\u00e9s et de recibler les leads qualifi\u00e9s.","og_url":"https:\/\/icom.tn\/index.php\/sem\/","article_publisher":"https:\/\/www.facebook.com\/icomtun","article_modified_time":"2024-09-02T13:47:15+00:00","og_image":[{"width":300,"height":300,"url":"https:\/\/icom.tn\/wp-content\/uploads\/2024\/09\/1-4-300x300-1.jpg","type":"image\/jpeg"}],"twitter_card":"summary_large_image","twitter_misc":{"Est. reading time":"1 minute"},"schema":{"@context":"https:\/\/schema.org","@graph":[{"@type":"WebPage","@id":"https:\/\/icom.tn\/index.php\/sem\/","url":"https:\/\/icom.tn\/index.php\/sem\/","name":"SEM -","isPartOf":{"@id":"https:\/\/icom.tn\/#website"},"primaryImageOfPage":{"@id":"https:\/\/icom.tn\/index.php\/sem\/#primaryimage"},"image":{"@id":"https:\/\/icom.tn\/index.php\/sem\/#primaryimage"},"thumbnailUrl":"https:\/\/icom.tn\/wp-content\/uploads\/2024\/09\/1-4-300x300-1.jpg","datePublished":"2024-09-02T13:40:06+00:00","dateModified":"2024-09-02T13:47:15+00:00","breadcrumb":{"@id":"https:\/\/icom.tn\/index.php\/sem\/#breadcrumb"},"inLanguage":"en-US","potentialAction":[{"@type":"ReadAction","target":["https:\/\/icom.tn\/index.php\/sem\/"]}]},{"@type":"ImageObject","inLanguage":"en-US","@id":"https:\/\/icom.tn\/index.php\/sem\/#primaryimage","url":"https:\/\/icom.tn\/wp-content\/uploads\/2024\/09\/1-4-300x300-1.jpg","contentUrl":"https:\/\/icom.tn\/wp-content\/uploads\/2024\/09\/1-4-300x300-1.jpg","width":300,"height":300},{"@type":"BreadcrumbList","@id":"https:\/\/icom.tn\/index.php\/sem\/#breadcrumb","itemListElement":[{"@type":"ListItem","position":1,"name":"Accueil","item":"https:\/\/icom.tn\/"},{"@type":"ListItem","position":2,"name":"SEM"}]},{"@type":"WebSite","@id":"https:\/\/icom.tn\/#website","url":"https:\/\/icom.tn\/","name":"ICOM","description":"","publisher":{"@id":"https:\/\/icom.tn\/#organization"},"potentialAction":[{"@type":"SearchAction","target":{"@type":"EntryPoint","urlTemplate":"https:\/\/icom.tn\/?s={search_term_string}"},"query-input":{"@type":"PropertyValueSpecification","valueRequired":true,"valueName":"search_term_string"}}],"inLanguage":"en-US"},{"@type":"Organization","@id":"https:\/\/icom.tn\/#organization","name":"ICOM","url":"https:\/\/icom.tn\/","logo":{"@type":"ImageObject","inLanguage":"en-US","@id":"https:\/\/icom.tn\/#\/schema\/logo\/image\/","url":"https:\/\/icom.tn\/wp-content\/uploads\/2024\/08\/logo-desktop.png","contentUrl":"https:\/\/icom.tn\/wp-content\/uploads\/2024\/08\/logo-desktop.png","width":120,"height":120,"caption":"ICOM"},"image":{"@id":"https:\/\/icom.tn\/#\/schema\/logo\/image\/"},"sameAs":["https:\/\/www.facebook.com\/icomtun","https:\/\/tn.linkedin.com\/company\/icomtun"]}]}},"jetpack_sharing_enabled":true,"_links":{"self":[{"href":"https:\/\/icom.tn\/index.php\/wp-json\/wp\/v2\/pages\/1997","targetHints":{"allow":["GET"]}}],"collection":[{"href":"https:\/\/icom.tn\/index.php\/wp-json\/wp\/v2\/pages"}],"about":[{"href":"https:\/\/icom.tn\/index.php\/wp-json\/wp\/v2\/types\/page"}],"author":[{"embeddable":true,"href":"https:\/\/icom.tn\/index.php\/wp-json\/wp\/v2\/users\/1"}],"replies":[{"embeddable":true,"href":"https:\/\/icom.tn\/index.php\/wp-json\/wp\/v2\/comments?post=1997"}],"version-history":[{"count":6,"href":"https:\/\/icom.tn\/index.php\/wp-json\/wp\/v2\/pages\/1997\/revisions"}],"predecessor-version":[{"id":2007,"href":"https:\/\/icom.tn\/index.php\/wp-json\/wp\/v2\/pages\/1997\/revisions\/2007"}],"wp:attachment":[{"href":"https:\/\/icom.tn\/index.php\/wp-json\/wp\/v2\/media?parent=1997"}],"curies":[{"name":"wp","href":"https:\/\/api.w.org\/{rel}","templated":true}]}}