{"id":1970,"date":"2024-09-02T15:21:17","date_gmt":"2024-09-02T13:21:17","guid":{"rendered":"https:\/\/icom.tn\/?page_id=1970"},"modified":"2024-09-02T15:23:47","modified_gmt":"2024-09-02T13:23:47","slug":"lagence-qui-va-booster-votre-business","status":"publish","type":"page","link":"https:\/\/icom.tn\/index.php\/lagence-qui-va-booster-votre-business\/","title":{"rendered":"Etude de march\u00e9 &#038; Strat\u00e9gie"},"content":{"rendered":"\t\t<div data-elementor-type=\"wp-page\" data-elementor-id=\"1970\" class=\"elementor elementor-1970\">\n\t\t\t\t<div class=\"elementor-element elementor-element-127498b4 e-con-full e-flex wpr-particle-no wpr-jarallax-no wpr-parallax-no wpr-sticky-section-no e-con e-parent\" data-id=\"127498b4\" data-element_type=\"container\" data-settings=\"{&quot;background_background&quot;:&quot;classic&quot;}\">\n\t\t\t\t<div class=\"elementor-element elementor-element-57e295fa elementor-widget elementor-widget-image\" data-id=\"57e295fa\" data-element_type=\"widget\" data-widget_type=\"image.default\">\n\t\t\t\t<div class=\"elementor-widget-container\">\n\t\t\t\t\t\t\t\t\t\t\t\t\t\t\t<img fetchpriority=\"high\" decoding=\"async\" width=\"2048\" height=\"639\" src=\"https:\/\/icom.tn\/wp-content\/uploads\/2024\/09\/5-23-2048x639-1.jpg\" class=\"attachment-full size-full wp-image-1975\" alt=\"\" srcset=\"https:\/\/icom.tn\/wp-content\/uploads\/2024\/09\/5-23-2048x639-1.jpg 2048w, https:\/\/icom.tn\/wp-content\/uploads\/2024\/09\/5-23-2048x639-1-300x94.jpg 300w, https:\/\/icom.tn\/wp-content\/uploads\/2024\/09\/5-23-2048x639-1-1024x320.jpg 1024w, https:\/\/icom.tn\/wp-content\/uploads\/2024\/09\/5-23-2048x639-1-768x240.jpg 768w, https:\/\/icom.tn\/wp-content\/uploads\/2024\/09\/5-23-2048x639-1-1536x479.jpg 1536w, https:\/\/icom.tn\/wp-content\/uploads\/2024\/09\/5-23-2048x639-1-600x187.jpg 600w\" sizes=\"(max-width: 2048px) 100vw, 2048px\" \/>\t\t\t\t\t\t\t\t\t\t\t\t\t\t\t<\/div>\n\t\t\t\t<\/div>\n\t\t\t\t<\/div>\n\t\t<div class=\"elementor-element elementor-element-7c71fd81 e-flex e-con-boxed wpr-particle-no wpr-jarallax-no wpr-parallax-no wpr-sticky-section-no e-con e-parent\" data-id=\"7c71fd81\" data-element_type=\"container\">\n\t\t\t\t\t<div class=\"e-con-inner\">\n\t\t\t\t<div class=\"elementor-element elementor-element-1a095458 elementor-widget elementor-widget-heading\" data-id=\"1a095458\" data-element_type=\"widget\" data-widget_type=\"heading.default\">\n\t\t\t\t<div class=\"elementor-widget-container\">\n\t\t\t\t\t<h2 class=\"elementor-heading-title elementor-size-default\">L\u2019agence qui va booster\nvotre business !<\/h2>\t\t\t\t<\/div>\n\t\t\t\t<\/div>\n\t\t\t\t\t<\/div>\n\t\t\t\t<\/div>\n\t\t<div class=\"elementor-element elementor-element-560afef2 e-flex e-con-boxed wpr-particle-no wpr-jarallax-no wpr-parallax-no wpr-sticky-section-no e-con e-parent\" data-id=\"560afef2\" data-element_type=\"container\">\n\t\t\t\t\t<div class=\"e-con-inner\">\n\t\t\t\t<div class=\"elementor-element elementor-element-342127c7 elementor-widget elementor-widget-text-editor\" data-id=\"342127c7\" data-element_type=\"widget\" data-widget_type=\"text-editor.default\">\n\t\t\t\t<div class=\"elementor-widget-container\">\n\t\t\t\t\t\t\t\t\t<p>Tout commence par la strat\u00e9gie parfaite.\u00a0Passionn\u00e9s et exp\u00e9riment\u00e9s, nous d\u00e9veloppons des strat\u00e9gies bas\u00e9es sur vos objectifs commerciaux et nous nous assurons qu\u2019ils sont align\u00e9s sur les tendances actuelles.<br \/>\u00a0Dans un premier temps, nous effectuons une analyse compl\u00e8te de votre pr\u00e9sence et, en fonction des r\u00e9sultats, nous \u00e9laborons un plan avec des objectifs clairement d\u00e9termin\u00e9s \u00e0 court et \u00e0 long terme.<\/p>\t\t\t\t\t\t\t\t<\/div>\n\t\t\t\t<\/div>\n\t\t\t\t\t<\/div>\n\t\t\t\t<\/div>\n\t\t\t\t<\/div>\n\t\t","protected":false},"excerpt":{"rendered":"<p>L\u2019agence qui va booster votre business ! Tout commence par la strat\u00e9gie parfaite.\u00a0Passionn\u00e9s et exp\u00e9riment\u00e9s, nous d\u00e9veloppons des strat\u00e9gies bas\u00e9es sur vos objectifs commerciaux et nous nous assurons qu\u2019ils sont align\u00e9s sur les tendances actuelles.\u00a0Dans un premier temps, nous effectuons une analyse compl\u00e8te de votre pr\u00e9sence et, en fonction des r\u00e9sultats, nous \u00e9laborons un plan avec des objectifs clairement d\u00e9termin\u00e9s \u00e0 court et \u00e0 long terme.<\/p>\n","protected":false},"author":1,"featured_media":0,"parent":0,"menu_order":0,"comment_status":"closed","ping_status":"closed","template":"","meta":{"footnotes":""},"class_list":["post-1970","page","type-page","status-publish","hentry"],"yoast_head":"<!-- This site is optimized with the Yoast SEO plugin v24.4 - https:\/\/yoast.com\/wordpress\/plugins\/seo\/ -->\n<title>Etude de march\u00e9 &amp; Strat\u00e9gie -<\/title>\n<meta name=\"robots\" content=\"index, follow, max-snippet:-1, max-image-preview:large, max-video-preview:-1\" \/>\n<link rel=\"canonical\" href=\"https:\/\/icom.tn\/index.php\/lagence-qui-va-booster-votre-business\/\" \/>\n<meta property=\"og:locale\" content=\"en_US\" \/>\n<meta property=\"og:type\" content=\"article\" \/>\n<meta property=\"og:title\" content=\"Etude de march\u00e9 &amp; Strat\u00e9gie -\" \/>\n<meta property=\"og:description\" content=\"L\u2019agence qui va booster votre business ! Tout commence par la strat\u00e9gie parfaite.\u00a0Passionn\u00e9s et exp\u00e9riment\u00e9s, nous d\u00e9veloppons des strat\u00e9gies bas\u00e9es sur vos objectifs commerciaux et nous nous assurons qu\u2019ils sont align\u00e9s sur les tendances actuelles.\u00a0Dans un premier temps, nous effectuons une analyse compl\u00e8te de votre pr\u00e9sence et, en fonction des r\u00e9sultats, nous \u00e9laborons un plan avec des objectifs clairement d\u00e9termin\u00e9s \u00e0 court et \u00e0 long terme.\" \/>\n<meta property=\"og:url\" content=\"https:\/\/icom.tn\/index.php\/lagence-qui-va-booster-votre-business\/\" \/>\n<meta property=\"article:publisher\" content=\"https:\/\/www.facebook.com\/icomtun\" \/>\n<meta property=\"article:modified_time\" content=\"2024-09-02T13:23:47+00:00\" \/>\n<meta property=\"og:image\" content=\"https:\/\/icom.tn\/wp-content\/uploads\/2024\/09\/5-23-2048x639-1.jpg\" \/>\n\t<meta property=\"og:image:width\" content=\"2048\" \/>\n\t<meta property=\"og:image:height\" content=\"639\" \/>\n\t<meta property=\"og:image:type\" content=\"image\/jpeg\" \/>\n<meta name=\"twitter:card\" content=\"summary_large_image\" \/>\n<script type=\"application\/ld+json\" class=\"yoast-schema-graph\">{\"@context\":\"https:\/\/schema.org\",\"@graph\":[{\"@type\":\"WebPage\",\"@id\":\"https:\/\/icom.tn\/index.php\/lagence-qui-va-booster-votre-business\/\",\"url\":\"https:\/\/icom.tn\/index.php\/lagence-qui-va-booster-votre-business\/\",\"name\":\"Etude de march\u00e9 & Strat\u00e9gie -\",\"isPartOf\":{\"@id\":\"https:\/\/icom.tn\/#website\"},\"primaryImageOfPage\":{\"@id\":\"https:\/\/icom.tn\/index.php\/lagence-qui-va-booster-votre-business\/#primaryimage\"},\"image\":{\"@id\":\"https:\/\/icom.tn\/index.php\/lagence-qui-va-booster-votre-business\/#primaryimage\"},\"thumbnailUrl\":\"https:\/\/icom.tn\/wp-content\/uploads\/2024\/09\/5-23-2048x639-1.jpg\",\"datePublished\":\"2024-09-02T13:21:17+00:00\",\"dateModified\":\"2024-09-02T13:23:47+00:00\",\"breadcrumb\":{\"@id\":\"https:\/\/icom.tn\/index.php\/lagence-qui-va-booster-votre-business\/#breadcrumb\"},\"inLanguage\":\"en-US\",\"potentialAction\":[{\"@type\":\"ReadAction\",\"target\":[\"https:\/\/icom.tn\/index.php\/lagence-qui-va-booster-votre-business\/\"]}]},{\"@type\":\"ImageObject\",\"inLanguage\":\"en-US\",\"@id\":\"https:\/\/icom.tn\/index.php\/lagence-qui-va-booster-votre-business\/#primaryimage\",\"url\":\"https:\/\/icom.tn\/wp-content\/uploads\/2024\/09\/5-23-2048x639-1.jpg\",\"contentUrl\":\"https:\/\/icom.tn\/wp-content\/uploads\/2024\/09\/5-23-2048x639-1.jpg\",\"width\":2048,\"height\":639},{\"@type\":\"BreadcrumbList\",\"@id\":\"https:\/\/icom.tn\/index.php\/lagence-qui-va-booster-votre-business\/#breadcrumb\",\"itemListElement\":[{\"@type\":\"ListItem\",\"position\":1,\"name\":\"Accueil\",\"item\":\"https:\/\/icom.tn\/\"},{\"@type\":\"ListItem\",\"position\":2,\"name\":\"Etude de march\u00e9 &#038; Strat\u00e9gie\"}]},{\"@type\":\"WebSite\",\"@id\":\"https:\/\/icom.tn\/#website\",\"url\":\"https:\/\/icom.tn\/\",\"name\":\"ICOM\",\"description\":\"\",\"publisher\":{\"@id\":\"https:\/\/icom.tn\/#organization\"},\"potentialAction\":[{\"@type\":\"SearchAction\",\"target\":{\"@type\":\"EntryPoint\",\"urlTemplate\":\"https:\/\/icom.tn\/?s={search_term_string}\"},\"query-input\":{\"@type\":\"PropertyValueSpecification\",\"valueRequired\":true,\"valueName\":\"search_term_string\"}}],\"inLanguage\":\"en-US\"},{\"@type\":\"Organization\",\"@id\":\"https:\/\/icom.tn\/#organization\",\"name\":\"ICOM\",\"url\":\"https:\/\/icom.tn\/\",\"logo\":{\"@type\":\"ImageObject\",\"inLanguage\":\"en-US\",\"@id\":\"https:\/\/icom.tn\/#\/schema\/logo\/image\/\",\"url\":\"https:\/\/icom.tn\/wp-content\/uploads\/2024\/08\/logo-desktop.png\",\"contentUrl\":\"https:\/\/icom.tn\/wp-content\/uploads\/2024\/08\/logo-desktop.png\",\"width\":120,\"height\":120,\"caption\":\"ICOM\"},\"image\":{\"@id\":\"https:\/\/icom.tn\/#\/schema\/logo\/image\/\"},\"sameAs\":[\"https:\/\/www.facebook.com\/icomtun\",\"https:\/\/tn.linkedin.com\/company\/icomtun\"]}]}<\/script>\n<!-- \/ Yoast SEO plugin. -->","yoast_head_json":{"title":"Etude de march\u00e9 & Strat\u00e9gie -","robots":{"index":"index","follow":"follow","max-snippet":"max-snippet:-1","max-image-preview":"max-image-preview:large","max-video-preview":"max-video-preview:-1"},"canonical":"https:\/\/icom.tn\/index.php\/lagence-qui-va-booster-votre-business\/","og_locale":"en_US","og_type":"article","og_title":"Etude de march\u00e9 & Strat\u00e9gie -","og_description":"L\u2019agence qui va booster votre business ! Tout commence par la strat\u00e9gie parfaite.\u00a0Passionn\u00e9s et exp\u00e9riment\u00e9s, nous d\u00e9veloppons des strat\u00e9gies bas\u00e9es sur vos objectifs commerciaux et nous nous assurons qu\u2019ils sont align\u00e9s sur les tendances actuelles.\u00a0Dans un premier temps, nous effectuons une analyse compl\u00e8te de votre pr\u00e9sence et, en fonction des r\u00e9sultats, nous \u00e9laborons un plan avec des objectifs clairement d\u00e9termin\u00e9s \u00e0 court et \u00e0 long terme.","og_url":"https:\/\/icom.tn\/index.php\/lagence-qui-va-booster-votre-business\/","article_publisher":"https:\/\/www.facebook.com\/icomtun","article_modified_time":"2024-09-02T13:23:47+00:00","og_image":[{"width":2048,"height":639,"url":"https:\/\/icom.tn\/wp-content\/uploads\/2024\/09\/5-23-2048x639-1.jpg","type":"image\/jpeg"}],"twitter_card":"summary_large_image","schema":{"@context":"https:\/\/schema.org","@graph":[{"@type":"WebPage","@id":"https:\/\/icom.tn\/index.php\/lagence-qui-va-booster-votre-business\/","url":"https:\/\/icom.tn\/index.php\/lagence-qui-va-booster-votre-business\/","name":"Etude de march\u00e9 & Strat\u00e9gie -","isPartOf":{"@id":"https:\/\/icom.tn\/#website"},"primaryImageOfPage":{"@id":"https:\/\/icom.tn\/index.php\/lagence-qui-va-booster-votre-business\/#primaryimage"},"image":{"@id":"https:\/\/icom.tn\/index.php\/lagence-qui-va-booster-votre-business\/#primaryimage"},"thumbnailUrl":"https:\/\/icom.tn\/wp-content\/uploads\/2024\/09\/5-23-2048x639-1.jpg","datePublished":"2024-09-02T13:21:17+00:00","dateModified":"2024-09-02T13:23:47+00:00","breadcrumb":{"@id":"https:\/\/icom.tn\/index.php\/lagence-qui-va-booster-votre-business\/#breadcrumb"},"inLanguage":"en-US","potentialAction":[{"@type":"ReadAction","target":["https:\/\/icom.tn\/index.php\/lagence-qui-va-booster-votre-business\/"]}]},{"@type":"ImageObject","inLanguage":"en-US","@id":"https:\/\/icom.tn\/index.php\/lagence-qui-va-booster-votre-business\/#primaryimage","url":"https:\/\/icom.tn\/wp-content\/uploads\/2024\/09\/5-23-2048x639-1.jpg","contentUrl":"https:\/\/icom.tn\/wp-content\/uploads\/2024\/09\/5-23-2048x639-1.jpg","width":2048,"height":639},{"@type":"BreadcrumbList","@id":"https:\/\/icom.tn\/index.php\/lagence-qui-va-booster-votre-business\/#breadcrumb","itemListElement":[{"@type":"ListItem","position":1,"name":"Accueil","item":"https:\/\/icom.tn\/"},{"@type":"ListItem","position":2,"name":"Etude de march\u00e9 &#038; Strat\u00e9gie"}]},{"@type":"WebSite","@id":"https:\/\/icom.tn\/#website","url":"https:\/\/icom.tn\/","name":"ICOM","description":"","publisher":{"@id":"https:\/\/icom.tn\/#organization"},"potentialAction":[{"@type":"SearchAction","target":{"@type":"EntryPoint","urlTemplate":"https:\/\/icom.tn\/?s={search_term_string}"},"query-input":{"@type":"PropertyValueSpecification","valueRequired":true,"valueName":"search_term_string"}}],"inLanguage":"en-US"},{"@type":"Organization","@id":"https:\/\/icom.tn\/#organization","name":"ICOM","url":"https:\/\/icom.tn\/","logo":{"@type":"ImageObject","inLanguage":"en-US","@id":"https:\/\/icom.tn\/#\/schema\/logo\/image\/","url":"https:\/\/icom.tn\/wp-content\/uploads\/2024\/08\/logo-desktop.png","contentUrl":"https:\/\/icom.tn\/wp-content\/uploads\/2024\/08\/logo-desktop.png","width":120,"height":120,"caption":"ICOM"},"image":{"@id":"https:\/\/icom.tn\/#\/schema\/logo\/image\/"},"sameAs":["https:\/\/www.facebook.com\/icomtun","https:\/\/tn.linkedin.com\/company\/icomtun"]}]}},"jetpack_sharing_enabled":true,"_links":{"self":[{"href":"https:\/\/icom.tn\/index.php\/wp-json\/wp\/v2\/pages\/1970","targetHints":{"allow":["GET"]}}],"collection":[{"href":"https:\/\/icom.tn\/index.php\/wp-json\/wp\/v2\/pages"}],"about":[{"href":"https:\/\/icom.tn\/index.php\/wp-json\/wp\/v2\/types\/page"}],"author":[{"embeddable":true,"href":"https:\/\/icom.tn\/index.php\/wp-json\/wp\/v2\/users\/1"}],"replies":[{"embeddable":true,"href":"https:\/\/icom.tn\/index.php\/wp-json\/wp\/v2\/comments?post=1970"}],"version-history":[{"count":6,"href":"https:\/\/icom.tn\/index.php\/wp-json\/wp\/v2\/pages\/1970\/revisions"}],"predecessor-version":[{"id":1978,"href":"https:\/\/icom.tn\/index.php\/wp-json\/wp\/v2\/pages\/1970\/revisions\/1978"}],"wp:attachment":[{"href":"https:\/\/icom.tn\/index.php\/wp-json\/wp\/v2\/media?parent=1970"}],"curies":[{"name":"wp","href":"https:\/\/api.w.org\/{rel}","templated":true}]}}