{"id":1956,"date":"2024-09-02T15:09:25","date_gmt":"2024-09-02T13:09:25","guid":{"rendered":"https:\/\/icom.tn\/?page_id=1956"},"modified":"2025-08-28T15:38:59","modified_gmt":"2025-08-28T13:38:59","slug":"organisation-devenements","status":"publish","type":"page","link":"https:\/\/icom.tn\/index.php\/organisation-devenements\/","title":{"rendered":"Organisation d&#8217;\u00e9v\u00e8nements"},"content":{"rendered":"\t\t<div data-elementor-type=\"wp-page\" data-elementor-id=\"1956\" class=\"elementor elementor-1956\">\n\t\t\t\t<div class=\"elementor-element elementor-element-5cd4cac0 e-con-full e-flex wpr-particle-no wpr-jarallax-no wpr-parallax-no wpr-sticky-section-no e-con e-parent\" data-id=\"5cd4cac0\" data-element_type=\"container\" data-settings=\"{&quot;background_background&quot;:&quot;classic&quot;}\">\n\t\t\t\t<div class=\"elementor-element elementor-element-15fca85 elementor-widget elementor-widget-image\" data-id=\"15fca85\" data-element_type=\"widget\" data-widget_type=\"image.default\">\n\t\t\t\t<div class=\"elementor-widget-container\">\n\t\t\t\t\t\t\t\t\t\t\t\t\t\t\t<img fetchpriority=\"high\" decoding=\"async\" width=\"2048\" height=\"639\" src=\"https:\/\/icom.tn\/wp-content\/uploads\/2024\/09\/events-2048x639-1.jpg\" class=\"attachment-full size-full wp-image-1962\" alt=\"\" srcset=\"https:\/\/icom.tn\/wp-content\/uploads\/2024\/09\/events-2048x639-1.jpg 2048w, https:\/\/icom.tn\/wp-content\/uploads\/2024\/09\/events-2048x639-1-300x94.jpg 300w, https:\/\/icom.tn\/wp-content\/uploads\/2024\/09\/events-2048x639-1-1024x320.jpg 1024w, https:\/\/icom.tn\/wp-content\/uploads\/2024\/09\/events-2048x639-1-768x240.jpg 768w, https:\/\/icom.tn\/wp-content\/uploads\/2024\/09\/events-2048x639-1-1536x479.jpg 1536w, https:\/\/icom.tn\/wp-content\/uploads\/2024\/09\/events-2048x639-1-600x187.jpg 600w\" sizes=\"(max-width: 2048px) 100vw, 2048px\" \/>\t\t\t\t\t\t\t\t\t\t\t\t\t\t\t<\/div>\n\t\t\t\t<\/div>\n\t\t\t\t<\/div>\n\t\t<div class=\"elementor-element elementor-element-6d29b56f e-flex e-con-boxed wpr-particle-no wpr-jarallax-no wpr-parallax-no wpr-sticky-section-no e-con e-parent\" data-id=\"6d29b56f\" data-element_type=\"container\">\n\t\t\t\t\t<div class=\"e-con-inner\">\n\t\t\t\t<div class=\"elementor-element elementor-element-6990a7e6 elementor-widget elementor-widget-heading\" data-id=\"6990a7e6\" data-element_type=\"widget\" data-widget_type=\"heading.default\">\n\t\t\t\t<div class=\"elementor-widget-container\">\n\t\t\t\t\t<h2 class=\"elementor-heading-title elementor-size-default\">Organisation d'\u00e9v\u00e8nements\n<\/h2>\t\t\t\t<\/div>\n\t\t\t\t<\/div>\n\t\t\t\t\t<\/div>\n\t\t\t\t<\/div>\n\t\t<div class=\"elementor-element elementor-element-1fa7b802 e-flex e-con-boxed wpr-particle-no wpr-jarallax-no wpr-parallax-no wpr-sticky-section-no e-con e-parent\" data-id=\"1fa7b802\" data-element_type=\"container\">\n\t\t\t\t\t<div class=\"e-con-inner\">\n\t\t\t\t<div class=\"elementor-element elementor-element-577b8a7a elementor-widget elementor-widget-text-editor\" data-id=\"577b8a7a\" data-element_type=\"widget\" data-widget_type=\"text-editor.default\">\n\t\t\t\t<div class=\"elementor-widget-container\">\n\t\t\t\t\t\t\t\t\tNotre agence \u00e9v\u00e9nementielle vous propose ses services de conseil pour vous accompagner dans l\u2019\u00e9laboration, la cr\u00e9ation et la r\u00e9alisation de vos \u00e9v\u00e9nements.\nNous mettons l\u2019ensemble de nos talents au service de l\u2019image de votre soci\u00e9t\u00e9, votre marque, pour vous proposer les meilleurs dispositifs en fonction de votre identit\u00e9 et de vos besoins, et vous garantir donc des \u00e9v\u00e8nements impactant pour une communication inoubliable. D\u00e9couvrez nos 3 p\u00f4les d\u2019activit\u00e9 pour concevoir et organiser votre prochain \u00e9v\u00e9nement.\n\t\t\t\t\t\t\t\t<\/div>\n\t\t\t\t<\/div>\n\t\t\t\t\t<\/div>\n\t\t\t\t<\/div>\n\t\t<div class=\"elementor-element elementor-element-c8b6e92 e-flex e-con-boxed wpr-particle-no wpr-jarallax-no wpr-parallax-no wpr-sticky-section-no e-con e-parent\" data-id=\"c8b6e92\" data-element_type=\"container\">\n\t\t\t\t\t<div class=\"e-con-inner\">\n\t\t<div class=\"elementor-element elementor-element-a5a57bd e-con-full e-flex wpr-particle-no wpr-jarallax-no wpr-parallax-no wpr-sticky-section-no e-con e-child\" data-id=\"a5a57bd\" data-element_type=\"container\">\n\t\t<div class=\"elementor-element elementor-element-a9a80bb e-con-full e-flex wpr-particle-no wpr-jarallax-no wpr-parallax-no wpr-sticky-section-no e-con e-child\" data-id=\"a9a80bb\" data-element_type=\"container\">\n\t\t\t\t<div class=\"elementor-element elementor-element-2e0e9c4 elementor-widget elementor-widget-image\" data-id=\"2e0e9c4\" data-element_type=\"widget\" data-widget_type=\"image.default\">\n\t\t\t\t<div class=\"elementor-widget-container\">\n\t\t\t\t\t\t\t\t\t\t\t\t\t\t\t<img decoding=\"async\" width=\"300\" height=\"300\" src=\"https:\/\/icom.tn\/wp-content\/uploads\/2024\/09\/1-15-300x300-1.png\" class=\"attachment-full size-full wp-image-1961\" alt=\"\" srcset=\"https:\/\/icom.tn\/wp-content\/uploads\/2024\/09\/1-15-300x300-1.png 300w, https:\/\/icom.tn\/wp-content\/uploads\/2024\/09\/1-15-300x300-1-150x150.png 150w, https:\/\/icom.tn\/wp-content\/uploads\/2024\/09\/1-15-300x300-1-100x100.png 100w\" sizes=\"(max-width: 300px) 100vw, 300px\" \/>\t\t\t\t\t\t\t\t\t\t\t\t\t\t\t<\/div>\n\t\t\t\t<\/div>\n\t\t\t\t<\/div>\n\t\t\t\t<div class=\"elementor-element elementor-element-3df7b37 elementor-widget elementor-widget-heading\" data-id=\"3df7b37\" data-element_type=\"widget\" data-widget_type=\"heading.default\">\n\t\t\t\t<div class=\"elementor-widget-container\">\n\t\t\t\t\t<h6 class=\"elementor-heading-title elementor-size-default\">OUVERTURE<\/h6>\t\t\t\t<\/div>\n\t\t\t\t<\/div>\n\t\t\t\t<\/div>\n\t\t<div class=\"elementor-element elementor-element-105c6fd1 e-con-full e-flex wpr-particle-no wpr-jarallax-no wpr-parallax-no wpr-sticky-section-no e-con e-child\" data-id=\"105c6fd1\" data-element_type=\"container\">\n\t\t<div class=\"elementor-element elementor-element-5453679 e-con-full e-flex wpr-particle-no wpr-jarallax-no wpr-parallax-no wpr-sticky-section-no e-con e-child\" data-id=\"5453679\" data-element_type=\"container\">\n\t\t\t\t<div class=\"elementor-element elementor-element-317a5e80 elementor-widget elementor-widget-image\" data-id=\"317a5e80\" data-element_type=\"widget\" data-widget_type=\"image.default\">\n\t\t\t\t<div class=\"elementor-widget-container\">\n\t\t\t\t\t\t\t\t\t\t\t\t\t\t\t<img decoding=\"async\" width=\"300\" height=\"300\" src=\"https:\/\/icom.tn\/wp-content\/uploads\/2024\/09\/1-08-300x300-1.png\" class=\"attachment-large size-large wp-image-1960\" alt=\"\" srcset=\"https:\/\/icom.tn\/wp-content\/uploads\/2024\/09\/1-08-300x300-1.png 300w, https:\/\/icom.tn\/wp-content\/uploads\/2024\/09\/1-08-300x300-1-150x150.png 150w, https:\/\/icom.tn\/wp-content\/uploads\/2024\/09\/1-08-300x300-1-100x100.png 100w\" sizes=\"(max-width: 300px) 100vw, 300px\" \/>\t\t\t\t\t\t\t\t\t\t\t\t\t\t\t<\/div>\n\t\t\t\t<\/div>\n\t\t\t\t<\/div>\n\t\t\t\t<div class=\"elementor-element elementor-element-10c48cb5 elementor-widget elementor-widget-heading\" data-id=\"10c48cb5\" data-element_type=\"widget\" data-widget_type=\"heading.default\">\n\t\t\t\t<div class=\"elementor-widget-container\">\n\t\t\t\t\t<h6 class=\"elementor-heading-title elementor-size-default\">\u00e9v\u00e8nement culturel<\/h6>\t\t\t\t<\/div>\n\t\t\t\t<\/div>\n\t\t\t\t<\/div>\n\t\t<div class=\"elementor-element elementor-element-1d3483d9 e-con-full e-flex wpr-particle-no wpr-jarallax-no wpr-parallax-no wpr-sticky-section-no e-con e-child\" data-id=\"1d3483d9\" data-element_type=\"container\">\n\t\t<div class=\"elementor-element elementor-element-3c8cf062 e-con-full e-flex wpr-particle-no wpr-jarallax-no wpr-parallax-no wpr-sticky-section-no e-con e-child\" data-id=\"3c8cf062\" data-element_type=\"container\">\n\t\t\t\t<div class=\"elementor-element elementor-element-50548d81 elementor-widget elementor-widget-image\" data-id=\"50548d81\" data-element_type=\"widget\" data-widget_type=\"image.default\">\n\t\t\t\t<div class=\"elementor-widget-container\">\n\t\t\t\t\t\t\t\t\t\t\t\t\t\t\t<img loading=\"lazy\" decoding=\"async\" width=\"300\" height=\"300\" src=\"https:\/\/icom.tn\/wp-content\/uploads\/2024\/09\/1-14-300x300-1.png\" class=\"attachment-full size-full wp-image-1959\" alt=\"\" srcset=\"https:\/\/icom.tn\/wp-content\/uploads\/2024\/09\/1-14-300x300-1.png 300w, https:\/\/icom.tn\/wp-content\/uploads\/2024\/09\/1-14-300x300-1-150x150.png 150w, https:\/\/icom.tn\/wp-content\/uploads\/2024\/09\/1-14-300x300-1-100x100.png 100w\" sizes=\"(max-width: 300px) 100vw, 300px\" \/>\t\t\t\t\t\t\t\t\t\t\t\t\t\t\t<\/div>\n\t\t\t\t<\/div>\n\t\t\t\t<\/div>\n\t\t\t\t<div class=\"elementor-element elementor-element-6e20e158 elementor-widget elementor-widget-heading\" data-id=\"6e20e158\" data-element_type=\"widget\" data-widget_type=\"heading.default\">\n\t\t\t\t<div class=\"elementor-widget-container\">\n\t\t\t\t\t<h6 class=\"elementor-heading-title elementor-size-default\">\u00e9v\u00e8nements \u00e0 th\u00e8me\n<\/h6>\t\t\t\t<\/div>\n\t\t\t\t<\/div>\n\t\t\t\t<\/div>\n\t\t\t\t\t<\/div>\n\t\t\t\t<\/div>\n\t\t\t\t<\/div>\n\t\t","protected":false},"excerpt":{"rendered":"<p>Organisation d&#8217;\u00e9v\u00e8nements Notre agence \u00e9v\u00e9nementielle vous propose ses services de conseil pour vous accompagner dans l\u2019\u00e9laboration, la cr\u00e9ation et la r\u00e9alisation de vos \u00e9v\u00e9nements. Nous mettons l\u2019ensemble de nos talents au service de l\u2019image de votre soci\u00e9t\u00e9, votre marque, pour vous proposer les meilleurs dispositifs en fonction de votre identit\u00e9 et de vos besoins, et vous garantir donc des \u00e9v\u00e8nements impactant pour une communication inoubliable. D\u00e9couvrez nos 3 p\u00f4les d\u2019activit\u00e9 pour concevoir et organiser votre prochain \u00e9v\u00e9nement. OUVERTURE \u00e9v\u00e8nement culturel \u00e9v\u00e8nements \u00e0 th\u00e8me<\/p>\n","protected":false},"author":1,"featured_media":0,"parent":0,"menu_order":0,"comment_status":"closed","ping_status":"closed","template":"","meta":{"footnotes":""},"class_list":["post-1956","page","type-page","status-publish","hentry"],"yoast_head":"<!-- This site is optimized with the Yoast SEO plugin v24.4 - https:\/\/yoast.com\/wordpress\/plugins\/seo\/ -->\n<title>Organisation d&#039;\u00e9v\u00e8nements -<\/title>\n<meta name=\"robots\" content=\"index, follow, max-snippet:-1, max-image-preview:large, max-video-preview:-1\" \/>\n<link rel=\"canonical\" href=\"https:\/\/icom.tn\/index.php\/organisation-devenements\/\" \/>\n<meta property=\"og:locale\" content=\"en_US\" \/>\n<meta property=\"og:type\" content=\"article\" \/>\n<meta property=\"og:title\" content=\"Organisation d&#039;\u00e9v\u00e8nements -\" \/>\n<meta property=\"og:description\" content=\"Organisation d&#8217;\u00e9v\u00e8nements Notre agence \u00e9v\u00e9nementielle vous propose ses services de conseil pour vous accompagner dans l\u2019\u00e9laboration, la cr\u00e9ation et la r\u00e9alisation de vos \u00e9v\u00e9nements. Nous mettons l\u2019ensemble de nos talents au service de l\u2019image de votre soci\u00e9t\u00e9, votre marque, pour vous proposer les meilleurs dispositifs en fonction de votre identit\u00e9 et de vos besoins, et vous garantir donc des \u00e9v\u00e8nements impactant pour une communication inoubliable. D\u00e9couvrez nos 3 p\u00f4les d\u2019activit\u00e9 pour concevoir et organiser votre prochain \u00e9v\u00e9nement. OUVERTURE \u00e9v\u00e8nement culturel \u00e9v\u00e8nements \u00e0 th\u00e8me\" \/>\n<meta property=\"og:url\" content=\"https:\/\/icom.tn\/index.php\/organisation-devenements\/\" \/>\n<meta property=\"article:publisher\" content=\"https:\/\/www.facebook.com\/icomtun\" \/>\n<meta property=\"article:modified_time\" content=\"2025-08-28T13:38:59+00:00\" \/>\n<meta property=\"og:image\" content=\"https:\/\/icom.tn\/wp-content\/uploads\/2024\/09\/events-2048x639-1.jpg\" \/>\n\t<meta property=\"og:image:width\" content=\"2048\" \/>\n\t<meta property=\"og:image:height\" content=\"639\" \/>\n\t<meta property=\"og:image:type\" content=\"image\/jpeg\" \/>\n<meta name=\"twitter:card\" content=\"summary_large_image\" \/>\n<meta name=\"twitter:label1\" content=\"Est. reading time\" \/>\n\t<meta name=\"twitter:data1\" content=\"2 minutes\" \/>\n<script type=\"application\/ld+json\" class=\"yoast-schema-graph\">{\"@context\":\"https:\/\/schema.org\",\"@graph\":[{\"@type\":\"WebPage\",\"@id\":\"https:\/\/icom.tn\/index.php\/organisation-devenements\/\",\"url\":\"https:\/\/icom.tn\/index.php\/organisation-devenements\/\",\"name\":\"Organisation d'\u00e9v\u00e8nements -\",\"isPartOf\":{\"@id\":\"https:\/\/icom.tn\/#website\"},\"primaryImageOfPage\":{\"@id\":\"https:\/\/icom.tn\/index.php\/organisation-devenements\/#primaryimage\"},\"image\":{\"@id\":\"https:\/\/icom.tn\/index.php\/organisation-devenements\/#primaryimage\"},\"thumbnailUrl\":\"https:\/\/icom.tn\/wp-content\/uploads\/2024\/09\/events-2048x639-1.jpg\",\"datePublished\":\"2024-09-02T13:09:25+00:00\",\"dateModified\":\"2025-08-28T13:38:59+00:00\",\"breadcrumb\":{\"@id\":\"https:\/\/icom.tn\/index.php\/organisation-devenements\/#breadcrumb\"},\"inLanguage\":\"en-US\",\"potentialAction\":[{\"@type\":\"ReadAction\",\"target\":[\"https:\/\/icom.tn\/index.php\/organisation-devenements\/\"]}]},{\"@type\":\"ImageObject\",\"inLanguage\":\"en-US\",\"@id\":\"https:\/\/icom.tn\/index.php\/organisation-devenements\/#primaryimage\",\"url\":\"https:\/\/icom.tn\/wp-content\/uploads\/2024\/09\/events-2048x639-1.jpg\",\"contentUrl\":\"https:\/\/icom.tn\/wp-content\/uploads\/2024\/09\/events-2048x639-1.jpg\",\"width\":2048,\"height\":639},{\"@type\":\"BreadcrumbList\",\"@id\":\"https:\/\/icom.tn\/index.php\/organisation-devenements\/#breadcrumb\",\"itemListElement\":[{\"@type\":\"ListItem\",\"position\":1,\"name\":\"Accueil\",\"item\":\"https:\/\/icom.tn\/\"},{\"@type\":\"ListItem\",\"position\":2,\"name\":\"Organisation d&rsquo;\u00e9v\u00e8nements\"}]},{\"@type\":\"WebSite\",\"@id\":\"https:\/\/icom.tn\/#website\",\"url\":\"https:\/\/icom.tn\/\",\"name\":\"ICOM\",\"description\":\"\",\"publisher\":{\"@id\":\"https:\/\/icom.tn\/#organization\"},\"potentialAction\":[{\"@type\":\"SearchAction\",\"target\":{\"@type\":\"EntryPoint\",\"urlTemplate\":\"https:\/\/icom.tn\/?s={search_term_string}\"},\"query-input\":{\"@type\":\"PropertyValueSpecification\",\"valueRequired\":true,\"valueName\":\"search_term_string\"}}],\"inLanguage\":\"en-US\"},{\"@type\":\"Organization\",\"@id\":\"https:\/\/icom.tn\/#organization\",\"name\":\"ICOM\",\"url\":\"https:\/\/icom.tn\/\",\"logo\":{\"@type\":\"ImageObject\",\"inLanguage\":\"en-US\",\"@id\":\"https:\/\/icom.tn\/#\/schema\/logo\/image\/\",\"url\":\"https:\/\/icom.tn\/wp-content\/uploads\/2024\/08\/logo-desktop.png\",\"contentUrl\":\"https:\/\/icom.tn\/wp-content\/uploads\/2024\/08\/logo-desktop.png\",\"width\":120,\"height\":120,\"caption\":\"ICOM\"},\"image\":{\"@id\":\"https:\/\/icom.tn\/#\/schema\/logo\/image\/\"},\"sameAs\":[\"https:\/\/www.facebook.com\/icomtun\",\"https:\/\/tn.linkedin.com\/company\/icomtun\"]}]}<\/script>\n<!-- \/ Yoast SEO plugin. -->","yoast_head_json":{"title":"Organisation d'\u00e9v\u00e8nements -","robots":{"index":"index","follow":"follow","max-snippet":"max-snippet:-1","max-image-preview":"max-image-preview:large","max-video-preview":"max-video-preview:-1"},"canonical":"https:\/\/icom.tn\/index.php\/organisation-devenements\/","og_locale":"en_US","og_type":"article","og_title":"Organisation d'\u00e9v\u00e8nements -","og_description":"Organisation d&#8217;\u00e9v\u00e8nements Notre agence \u00e9v\u00e9nementielle vous propose ses services de conseil pour vous accompagner dans l\u2019\u00e9laboration, la cr\u00e9ation et la r\u00e9alisation de vos \u00e9v\u00e9nements. Nous mettons l\u2019ensemble de nos talents au service de l\u2019image de votre soci\u00e9t\u00e9, votre marque, pour vous proposer les meilleurs dispositifs en fonction de votre identit\u00e9 et de vos besoins, et vous garantir donc des \u00e9v\u00e8nements impactant pour une communication inoubliable. D\u00e9couvrez nos 3 p\u00f4les d\u2019activit\u00e9 pour concevoir et organiser votre prochain \u00e9v\u00e9nement. OUVERTURE \u00e9v\u00e8nement culturel \u00e9v\u00e8nements \u00e0 th\u00e8me","og_url":"https:\/\/icom.tn\/index.php\/organisation-devenements\/","article_publisher":"https:\/\/www.facebook.com\/icomtun","article_modified_time":"2025-08-28T13:38:59+00:00","og_image":[{"width":2048,"height":639,"url":"https:\/\/icom.tn\/wp-content\/uploads\/2024\/09\/events-2048x639-1.jpg","type":"image\/jpeg"}],"twitter_card":"summary_large_image","twitter_misc":{"Est. reading time":"2 minutes"},"schema":{"@context":"https:\/\/schema.org","@graph":[{"@type":"WebPage","@id":"https:\/\/icom.tn\/index.php\/organisation-devenements\/","url":"https:\/\/icom.tn\/index.php\/organisation-devenements\/","name":"Organisation d'\u00e9v\u00e8nements -","isPartOf":{"@id":"https:\/\/icom.tn\/#website"},"primaryImageOfPage":{"@id":"https:\/\/icom.tn\/index.php\/organisation-devenements\/#primaryimage"},"image":{"@id":"https:\/\/icom.tn\/index.php\/organisation-devenements\/#primaryimage"},"thumbnailUrl":"https:\/\/icom.tn\/wp-content\/uploads\/2024\/09\/events-2048x639-1.jpg","datePublished":"2024-09-02T13:09:25+00:00","dateModified":"2025-08-28T13:38:59+00:00","breadcrumb":{"@id":"https:\/\/icom.tn\/index.php\/organisation-devenements\/#breadcrumb"},"inLanguage":"en-US","potentialAction":[{"@type":"ReadAction","target":["https:\/\/icom.tn\/index.php\/organisation-devenements\/"]}]},{"@type":"ImageObject","inLanguage":"en-US","@id":"https:\/\/icom.tn\/index.php\/organisation-devenements\/#primaryimage","url":"https:\/\/icom.tn\/wp-content\/uploads\/2024\/09\/events-2048x639-1.jpg","contentUrl":"https:\/\/icom.tn\/wp-content\/uploads\/2024\/09\/events-2048x639-1.jpg","width":2048,"height":639},{"@type":"BreadcrumbList","@id":"https:\/\/icom.tn\/index.php\/organisation-devenements\/#breadcrumb","itemListElement":[{"@type":"ListItem","position":1,"name":"Accueil","item":"https:\/\/icom.tn\/"},{"@type":"ListItem","position":2,"name":"Organisation d&rsquo;\u00e9v\u00e8nements"}]},{"@type":"WebSite","@id":"https:\/\/icom.tn\/#website","url":"https:\/\/icom.tn\/","name":"ICOM","description":"","publisher":{"@id":"https:\/\/icom.tn\/#organization"},"potentialAction":[{"@type":"SearchAction","target":{"@type":"EntryPoint","urlTemplate":"https:\/\/icom.tn\/?s={search_term_string}"},"query-input":{"@type":"PropertyValueSpecification","valueRequired":true,"valueName":"search_term_string"}}],"inLanguage":"en-US"},{"@type":"Organization","@id":"https:\/\/icom.tn\/#organization","name":"ICOM","url":"https:\/\/icom.tn\/","logo":{"@type":"ImageObject","inLanguage":"en-US","@id":"https:\/\/icom.tn\/#\/schema\/logo\/image\/","url":"https:\/\/icom.tn\/wp-content\/uploads\/2024\/08\/logo-desktop.png","contentUrl":"https:\/\/icom.tn\/wp-content\/uploads\/2024\/08\/logo-desktop.png","width":120,"height":120,"caption":"ICOM"},"image":{"@id":"https:\/\/icom.tn\/#\/schema\/logo\/image\/"},"sameAs":["https:\/\/www.facebook.com\/icomtun","https:\/\/tn.linkedin.com\/company\/icomtun"]}]}},"jetpack_sharing_enabled":true,"_links":{"self":[{"href":"https:\/\/icom.tn\/index.php\/wp-json\/wp\/v2\/pages\/1956","targetHints":{"allow":["GET"]}}],"collection":[{"href":"https:\/\/icom.tn\/index.php\/wp-json\/wp\/v2\/pages"}],"about":[{"href":"https:\/\/icom.tn\/index.php\/wp-json\/wp\/v2\/types\/page"}],"author":[{"embeddable":true,"href":"https:\/\/icom.tn\/index.php\/wp-json\/wp\/v2\/users\/1"}],"replies":[{"embeddable":true,"href":"https:\/\/icom.tn\/index.php\/wp-json\/wp\/v2\/comments?post=1956"}],"version-history":[{"count":10,"href":"https:\/\/icom.tn\/index.php\/wp-json\/wp\/v2\/pages\/1956\/revisions"}],"predecessor-version":[{"id":3603,"href":"https:\/\/icom.tn\/index.php\/wp-json\/wp\/v2\/pages\/1956\/revisions\/3603"}],"wp:attachment":[{"href":"https:\/\/icom.tn\/index.php\/wp-json\/wp\/v2\/media?parent=1956"}],"curies":[{"name":"wp","href":"https:\/\/api.w.org\/{rel}","templated":true}]}}