{"id":1945,"date":"2024-09-02T15:03:02","date_gmt":"2024-09-02T13:03:02","guid":{"rendered":"https:\/\/icom.tn\/?page_id=1945"},"modified":"2025-08-28T00:39:27","modified_gmt":"2025-08-27T22:39:27","slug":"publicite","status":"publish","type":"page","link":"https:\/\/icom.tn\/index.php\/publicite\/","title":{"rendered":"Publicit\u00e9"},"content":{"rendered":"\t\t<div data-elementor-type=\"wp-page\" data-elementor-id=\"1945\" class=\"elementor elementor-1945\">\n\t\t\t\t<div class=\"elementor-element elementor-element-1907b349 e-con-full e-flex wpr-particle-no wpr-jarallax-no wpr-parallax-no wpr-sticky-section-no e-con e-parent\" data-id=\"1907b349\" data-element_type=\"container\" data-settings=\"{&quot;background_background&quot;:&quot;classic&quot;}\">\n\t\t\t\t<div class=\"elementor-element elementor-element-568cf2e4 elementor-widget elementor-widget-image\" data-id=\"568cf2e4\" data-element_type=\"widget\" data-widget_type=\"image.default\">\n\t\t\t\t<div class=\"elementor-widget-container\">\n\t\t\t\t\t\t\t\t\t\t\t\t\t\t\t<img fetchpriority=\"high\" decoding=\"async\" width=\"2048\" height=\"639\" src=\"https:\/\/icom.tn\/wp-content\/uploads\/2024\/09\/pub-2048x639-1.jpg\" class=\"attachment-full size-full wp-image-1951\" alt=\"\" srcset=\"https:\/\/icom.tn\/wp-content\/uploads\/2024\/09\/pub-2048x639-1.jpg 2048w, https:\/\/icom.tn\/wp-content\/uploads\/2024\/09\/pub-2048x639-1-300x94.jpg 300w, https:\/\/icom.tn\/wp-content\/uploads\/2024\/09\/pub-2048x639-1-1024x320.jpg 1024w, https:\/\/icom.tn\/wp-content\/uploads\/2024\/09\/pub-2048x639-1-768x240.jpg 768w, https:\/\/icom.tn\/wp-content\/uploads\/2024\/09\/pub-2048x639-1-1536x479.jpg 1536w, https:\/\/icom.tn\/wp-content\/uploads\/2024\/09\/pub-2048x639-1-600x187.jpg 600w\" sizes=\"(max-width: 2048px) 100vw, 2048px\" \/>\t\t\t\t\t\t\t\t\t\t\t\t\t\t\t<\/div>\n\t\t\t\t<\/div>\n\t\t\t\t<\/div>\n\t\t<div class=\"elementor-element elementor-element-ba2d520 e-flex e-con-boxed wpr-particle-no wpr-jarallax-no wpr-parallax-no wpr-sticky-section-no e-con e-parent\" data-id=\"ba2d520\" data-element_type=\"container\">\n\t\t\t\t\t<div class=\"e-con-inner\">\n\t\t\t\t<div class=\"elementor-element elementor-element-5226d70a elementor-widget elementor-widget-heading\" data-id=\"5226d70a\" data-element_type=\"widget\" data-widget_type=\"heading.default\">\n\t\t\t\t<div class=\"elementor-widget-container\">\n\t\t\t\t\t<h2 class=\"elementor-heading-title elementor-size-default\">Publicit\u00e9\n<\/h2>\t\t\t\t<\/div>\n\t\t\t\t<\/div>\n\t\t\t\t\t<\/div>\n\t\t\t\t<\/div>\n\t\t<div class=\"elementor-element elementor-element-55d95fc5 e-flex e-con-boxed wpr-particle-no wpr-jarallax-no wpr-parallax-no wpr-sticky-section-no e-con e-parent\" data-id=\"55d95fc5\" data-element_type=\"container\">\n\t\t\t\t\t<div class=\"e-con-inner\">\n\t\t\t\t<div class=\"elementor-element elementor-element-4f53aa94 elementor-widget elementor-widget-text-editor\" data-id=\"4f53aa94\" data-element_type=\"widget\" data-widget_type=\"text-editor.default\">\n\t\t\t\t<div class=\"elementor-widget-container\">\n\t\t\t\t\t\t\t\t\tQuel que soit votre localisation en Tunisie, nous pourrons vous permettre de d\u00e9velopper durablement vos ventes et votre notori\u00e9t\u00e9.\n\nNotre \u00e9quipe d\u2019experts passionn\u00e9s et cr\u00e9atifs vous accompagne dans l\u2019\u00e9laboration d\u2019une strat\u00e9gie d\u2019affichage urbain ou de street marketing sur-mesure.\n\nB\u00e9n\u00e9ficiez du savoir-faire de notre agence dans la production de contenus originaux et innovants pour booster votre visibilit\u00e9, sublimer votre image de marque et atteindre vos objectifs de croissance.\t\t\t\t\t\t\t\t<\/div>\n\t\t\t\t<\/div>\n\t\t\t\t\t<\/div>\n\t\t\t\t<\/div>\n\t\t<div class=\"elementor-element elementor-element-571fe0f6 e-flex e-con-boxed wpr-particle-no wpr-jarallax-no wpr-parallax-no wpr-sticky-section-no e-con e-parent\" data-id=\"571fe0f6\" data-element_type=\"container\">\n\t\t\t\t\t<div class=\"e-con-inner\">\n\t\t<div class=\"elementor-element elementor-element-c87fa08 e-con-full e-flex wpr-particle-no wpr-jarallax-no wpr-parallax-no wpr-sticky-section-no e-con e-child\" data-id=\"c87fa08\" data-element_type=\"container\">\n\t\t<div class=\"elementor-element elementor-element-6b2a502c e-con-full e-flex wpr-particle-no wpr-jarallax-no wpr-parallax-no wpr-sticky-section-no e-con e-child\" data-id=\"6b2a502c\" data-element_type=\"container\">\n\t\t\t\t<div class=\"elementor-element elementor-element-1188187c elementor-widget elementor-widget-image\" data-id=\"1188187c\" data-element_type=\"widget\" data-widget_type=\"image.default\">\n\t\t\t\t<div class=\"elementor-widget-container\">\n\t\t\t\t\t\t\t\t\t\t\t\t\t\t\t\t<a href=\"https:\/\/icom.tn\/index.php\/affichage-urbain\/\">\n\t\t\t\t\t\t\t<img decoding=\"async\" width=\"300\" height=\"300\" src=\"https:\/\/icom.tn\/wp-content\/uploads\/2024\/09\/1-17-300x300-1.png\" class=\"attachment-large size-large wp-image-1950\" alt=\"\" srcset=\"https:\/\/icom.tn\/wp-content\/uploads\/2024\/09\/1-17-300x300-1.png 300w, https:\/\/icom.tn\/wp-content\/uploads\/2024\/09\/1-17-300x300-1-150x150.png 150w, https:\/\/icom.tn\/wp-content\/uploads\/2024\/09\/1-17-300x300-1-100x100.png 100w\" sizes=\"(max-width: 300px) 100vw, 300px\" \/>\t\t\t\t\t\t\t\t<\/a>\n\t\t\t\t\t\t\t\t\t\t\t\t\t\t\t<\/div>\n\t\t\t\t<\/div>\n\t\t\t\t<\/div>\n\t\t\t\t<div class=\"elementor-element elementor-element-5d3b5a55 elementor-widget elementor-widget-heading\" data-id=\"5d3b5a55\" data-element_type=\"widget\" data-widget_type=\"heading.default\">\n\t\t\t\t<div class=\"elementor-widget-container\">\n\t\t\t\t\t<h6 class=\"elementor-heading-title elementor-size-default\">\n\nAffichage Urbain<\/h6>\t\t\t\t<\/div>\n\t\t\t\t<\/div>\n\t\t\t\t<\/div>\n\t\t<div class=\"elementor-element elementor-element-7ac66cec e-con-full e-flex wpr-particle-no wpr-jarallax-no wpr-parallax-no wpr-sticky-section-no e-con e-child\" data-id=\"7ac66cec\" data-element_type=\"container\">\n\t\t<div class=\"elementor-element elementor-element-2a2207c5 e-con-full e-flex wpr-particle-no wpr-jarallax-no wpr-parallax-no wpr-sticky-section-no e-con e-child\" data-id=\"2a2207c5\" data-element_type=\"container\">\n\t\t\t\t<div class=\"elementor-element elementor-element-107bcaa5 elementor-widget elementor-widget-image\" data-id=\"107bcaa5\" data-element_type=\"widget\" data-widget_type=\"image.default\">\n\t\t\t\t<div class=\"elementor-widget-container\">\n\t\t\t\t\t\t\t\t\t\t\t\t\t\t\t\t<a href=\"https:\/\/icom.tn\/index.php\/street-marketing\/\">\n\t\t\t\t\t\t\t<img decoding=\"async\" width=\"300\" height=\"300\" src=\"https:\/\/icom.tn\/wp-content\/uploads\/2024\/09\/1-16-300x300-1.png\" class=\"attachment-full size-full wp-image-1949\" alt=\"\" srcset=\"https:\/\/icom.tn\/wp-content\/uploads\/2024\/09\/1-16-300x300-1.png 300w, https:\/\/icom.tn\/wp-content\/uploads\/2024\/09\/1-16-300x300-1-150x150.png 150w, https:\/\/icom.tn\/wp-content\/uploads\/2024\/09\/1-16-300x300-1-100x100.png 100w\" sizes=\"(max-width: 300px) 100vw, 300px\" \/>\t\t\t\t\t\t\t\t<\/a>\n\t\t\t\t\t\t\t\t\t\t\t\t\t\t\t<\/div>\n\t\t\t\t<\/div>\n\t\t\t\t<\/div>\n\t\t\t\t<div class=\"elementor-element elementor-element-518ac4f6 elementor-widget elementor-widget-heading\" data-id=\"518ac4f6\" data-element_type=\"widget\" data-widget_type=\"heading.default\">\n\t\t\t\t<div class=\"elementor-widget-container\">\n\t\t\t\t\t<h6 class=\"elementor-heading-title elementor-size-default\">STREET MARKETING\n<\/h6>\t\t\t\t<\/div>\n\t\t\t\t<\/div>\n\t\t\t\t<\/div>\n\t\t\t\t\t<\/div>\n\t\t\t\t<\/div>\n\t\t\t\t<\/div>\n\t\t","protected":false},"excerpt":{"rendered":"<p>Publicit\u00e9 Quel que soit votre localisation en Tunisie, nous pourrons vous permettre de d\u00e9velopper durablement vos ventes et votre notori\u00e9t\u00e9. Notre \u00e9quipe d\u2019experts passionn\u00e9s et cr\u00e9atifs vous accompagne dans l\u2019\u00e9laboration d\u2019une strat\u00e9gie d\u2019affichage urbain ou de street marketing sur-mesure. B\u00e9n\u00e9ficiez du savoir-faire de notre agence dans la production de contenus originaux et innovants pour booster votre visibilit\u00e9, sublimer votre image de marque et atteindre vos objectifs de croissance. Affichage Urbain STREET MARKETING<\/p>\n","protected":false},"author":1,"featured_media":0,"parent":0,"menu_order":0,"comment_status":"closed","ping_status":"closed","template":"","meta":{"footnotes":""},"class_list":["post-1945","page","type-page","status-publish","hentry"],"yoast_head":"<!-- This site is optimized with the Yoast SEO plugin v24.4 - https:\/\/yoast.com\/wordpress\/plugins\/seo\/ -->\n<title>Publicit\u00e9 -<\/title>\n<meta name=\"robots\" content=\"index, follow, max-snippet:-1, max-image-preview:large, max-video-preview:-1\" \/>\n<link rel=\"canonical\" href=\"https:\/\/icom.tn\/index.php\/publicite\/\" \/>\n<meta property=\"og:locale\" content=\"en_US\" \/>\n<meta property=\"og:type\" content=\"article\" \/>\n<meta property=\"og:title\" content=\"Publicit\u00e9 -\" \/>\n<meta property=\"og:description\" content=\"Publicit\u00e9 Quel que soit votre localisation en Tunisie, nous pourrons vous permettre de d\u00e9velopper durablement vos ventes et votre notori\u00e9t\u00e9. Notre \u00e9quipe d\u2019experts passionn\u00e9s et cr\u00e9atifs vous accompagne dans l\u2019\u00e9laboration d\u2019une strat\u00e9gie d\u2019affichage urbain ou de street marketing sur-mesure. B\u00e9n\u00e9ficiez du savoir-faire de notre agence dans la production de contenus originaux et innovants pour booster votre visibilit\u00e9, sublimer votre image de marque et atteindre vos objectifs de croissance. Affichage Urbain STREET MARKETING\" \/>\n<meta property=\"og:url\" content=\"https:\/\/icom.tn\/index.php\/publicite\/\" \/>\n<meta property=\"article:publisher\" content=\"https:\/\/www.facebook.com\/icomtun\" \/>\n<meta property=\"article:modified_time\" content=\"2025-08-27T22:39:27+00:00\" \/>\n<meta property=\"og:image\" content=\"https:\/\/icom.tn\/wp-content\/uploads\/2024\/09\/pub-2048x639-1.jpg\" \/>\n\t<meta property=\"og:image:width\" content=\"2048\" \/>\n\t<meta property=\"og:image:height\" content=\"639\" \/>\n\t<meta property=\"og:image:type\" content=\"image\/jpeg\" \/>\n<meta name=\"twitter:card\" content=\"summary_large_image\" \/>\n<meta name=\"twitter:label1\" content=\"Est. reading time\" \/>\n\t<meta name=\"twitter:data1\" content=\"1 minute\" \/>\n<script type=\"application\/ld+json\" class=\"yoast-schema-graph\">{\"@context\":\"https:\/\/schema.org\",\"@graph\":[{\"@type\":\"WebPage\",\"@id\":\"https:\/\/icom.tn\/index.php\/publicite\/\",\"url\":\"https:\/\/icom.tn\/index.php\/publicite\/\",\"name\":\"Publicit\u00e9 -\",\"isPartOf\":{\"@id\":\"https:\/\/icom.tn\/#website\"},\"primaryImageOfPage\":{\"@id\":\"https:\/\/icom.tn\/index.php\/publicite\/#primaryimage\"},\"image\":{\"@id\":\"https:\/\/icom.tn\/index.php\/publicite\/#primaryimage\"},\"thumbnailUrl\":\"https:\/\/icom.tn\/wp-content\/uploads\/2024\/09\/pub-2048x639-1.jpg\",\"datePublished\":\"2024-09-02T13:03:02+00:00\",\"dateModified\":\"2025-08-27T22:39:27+00:00\",\"breadcrumb\":{\"@id\":\"https:\/\/icom.tn\/index.php\/publicite\/#breadcrumb\"},\"inLanguage\":\"en-US\",\"potentialAction\":[{\"@type\":\"ReadAction\",\"target\":[\"https:\/\/icom.tn\/index.php\/publicite\/\"]}]},{\"@type\":\"ImageObject\",\"inLanguage\":\"en-US\",\"@id\":\"https:\/\/icom.tn\/index.php\/publicite\/#primaryimage\",\"url\":\"https:\/\/icom.tn\/wp-content\/uploads\/2024\/09\/pub-2048x639-1.jpg\",\"contentUrl\":\"https:\/\/icom.tn\/wp-content\/uploads\/2024\/09\/pub-2048x639-1.jpg\",\"width\":2048,\"height\":639},{\"@type\":\"BreadcrumbList\",\"@id\":\"https:\/\/icom.tn\/index.php\/publicite\/#breadcrumb\",\"itemListElement\":[{\"@type\":\"ListItem\",\"position\":1,\"name\":\"Accueil\",\"item\":\"https:\/\/icom.tn\/\"},{\"@type\":\"ListItem\",\"position\":2,\"name\":\"Publicit\u00e9\"}]},{\"@type\":\"WebSite\",\"@id\":\"https:\/\/icom.tn\/#website\",\"url\":\"https:\/\/icom.tn\/\",\"name\":\"ICOM\",\"description\":\"\",\"publisher\":{\"@id\":\"https:\/\/icom.tn\/#organization\"},\"potentialAction\":[{\"@type\":\"SearchAction\",\"target\":{\"@type\":\"EntryPoint\",\"urlTemplate\":\"https:\/\/icom.tn\/?s={search_term_string}\"},\"query-input\":{\"@type\":\"PropertyValueSpecification\",\"valueRequired\":true,\"valueName\":\"search_term_string\"}}],\"inLanguage\":\"en-US\"},{\"@type\":\"Organization\",\"@id\":\"https:\/\/icom.tn\/#organization\",\"name\":\"ICOM\",\"url\":\"https:\/\/icom.tn\/\",\"logo\":{\"@type\":\"ImageObject\",\"inLanguage\":\"en-US\",\"@id\":\"https:\/\/icom.tn\/#\/schema\/logo\/image\/\",\"url\":\"https:\/\/icom.tn\/wp-content\/uploads\/2024\/08\/logo-desktop.png\",\"contentUrl\":\"https:\/\/icom.tn\/wp-content\/uploads\/2024\/08\/logo-desktop.png\",\"width\":120,\"height\":120,\"caption\":\"ICOM\"},\"image\":{\"@id\":\"https:\/\/icom.tn\/#\/schema\/logo\/image\/\"},\"sameAs\":[\"https:\/\/www.facebook.com\/icomtun\",\"https:\/\/tn.linkedin.com\/company\/icomtun\"]}]}<\/script>\n<!-- \/ Yoast SEO plugin. -->","yoast_head_json":{"title":"Publicit\u00e9 -","robots":{"index":"index","follow":"follow","max-snippet":"max-snippet:-1","max-image-preview":"max-image-preview:large","max-video-preview":"max-video-preview:-1"},"canonical":"https:\/\/icom.tn\/index.php\/publicite\/","og_locale":"en_US","og_type":"article","og_title":"Publicit\u00e9 -","og_description":"Publicit\u00e9 Quel que soit votre localisation en Tunisie, nous pourrons vous permettre de d\u00e9velopper durablement vos ventes et votre notori\u00e9t\u00e9. Notre \u00e9quipe d\u2019experts passionn\u00e9s et cr\u00e9atifs vous accompagne dans l\u2019\u00e9laboration d\u2019une strat\u00e9gie d\u2019affichage urbain ou de street marketing sur-mesure. B\u00e9n\u00e9ficiez du savoir-faire de notre agence dans la production de contenus originaux et innovants pour booster votre visibilit\u00e9, sublimer votre image de marque et atteindre vos objectifs de croissance. Affichage Urbain STREET MARKETING","og_url":"https:\/\/icom.tn\/index.php\/publicite\/","article_publisher":"https:\/\/www.facebook.com\/icomtun","article_modified_time":"2025-08-27T22:39:27+00:00","og_image":[{"width":2048,"height":639,"url":"https:\/\/icom.tn\/wp-content\/uploads\/2024\/09\/pub-2048x639-1.jpg","type":"image\/jpeg"}],"twitter_card":"summary_large_image","twitter_misc":{"Est. reading time":"1 minute"},"schema":{"@context":"https:\/\/schema.org","@graph":[{"@type":"WebPage","@id":"https:\/\/icom.tn\/index.php\/publicite\/","url":"https:\/\/icom.tn\/index.php\/publicite\/","name":"Publicit\u00e9 -","isPartOf":{"@id":"https:\/\/icom.tn\/#website"},"primaryImageOfPage":{"@id":"https:\/\/icom.tn\/index.php\/publicite\/#primaryimage"},"image":{"@id":"https:\/\/icom.tn\/index.php\/publicite\/#primaryimage"},"thumbnailUrl":"https:\/\/icom.tn\/wp-content\/uploads\/2024\/09\/pub-2048x639-1.jpg","datePublished":"2024-09-02T13:03:02+00:00","dateModified":"2025-08-27T22:39:27+00:00","breadcrumb":{"@id":"https:\/\/icom.tn\/index.php\/publicite\/#breadcrumb"},"inLanguage":"en-US","potentialAction":[{"@type":"ReadAction","target":["https:\/\/icom.tn\/index.php\/publicite\/"]}]},{"@type":"ImageObject","inLanguage":"en-US","@id":"https:\/\/icom.tn\/index.php\/publicite\/#primaryimage","url":"https:\/\/icom.tn\/wp-content\/uploads\/2024\/09\/pub-2048x639-1.jpg","contentUrl":"https:\/\/icom.tn\/wp-content\/uploads\/2024\/09\/pub-2048x639-1.jpg","width":2048,"height":639},{"@type":"BreadcrumbList","@id":"https:\/\/icom.tn\/index.php\/publicite\/#breadcrumb","itemListElement":[{"@type":"ListItem","position":1,"name":"Accueil","item":"https:\/\/icom.tn\/"},{"@type":"ListItem","position":2,"name":"Publicit\u00e9"}]},{"@type":"WebSite","@id":"https:\/\/icom.tn\/#website","url":"https:\/\/icom.tn\/","name":"ICOM","description":"","publisher":{"@id":"https:\/\/icom.tn\/#organization"},"potentialAction":[{"@type":"SearchAction","target":{"@type":"EntryPoint","urlTemplate":"https:\/\/icom.tn\/?s={search_term_string}"},"query-input":{"@type":"PropertyValueSpecification","valueRequired":true,"valueName":"search_term_string"}}],"inLanguage":"en-US"},{"@type":"Organization","@id":"https:\/\/icom.tn\/#organization","name":"ICOM","url":"https:\/\/icom.tn\/","logo":{"@type":"ImageObject","inLanguage":"en-US","@id":"https:\/\/icom.tn\/#\/schema\/logo\/image\/","url":"https:\/\/icom.tn\/wp-content\/uploads\/2024\/08\/logo-desktop.png","contentUrl":"https:\/\/icom.tn\/wp-content\/uploads\/2024\/08\/logo-desktop.png","width":120,"height":120,"caption":"ICOM"},"image":{"@id":"https:\/\/icom.tn\/#\/schema\/logo\/image\/"},"sameAs":["https:\/\/www.facebook.com\/icomtun","https:\/\/tn.linkedin.com\/company\/icomtun"]}]}},"jetpack_sharing_enabled":true,"_links":{"self":[{"href":"https:\/\/icom.tn\/index.php\/wp-json\/wp\/v2\/pages\/1945","targetHints":{"allow":["GET"]}}],"collection":[{"href":"https:\/\/icom.tn\/index.php\/wp-json\/wp\/v2\/pages"}],"about":[{"href":"https:\/\/icom.tn\/index.php\/wp-json\/wp\/v2\/types\/page"}],"author":[{"embeddable":true,"href":"https:\/\/icom.tn\/index.php\/wp-json\/wp\/v2\/users\/1"}],"replies":[{"embeddable":true,"href":"https:\/\/icom.tn\/index.php\/wp-json\/wp\/v2\/comments?post=1945"}],"version-history":[{"count":7,"href":"https:\/\/icom.tn\/index.php\/wp-json\/wp\/v2\/pages\/1945\/revisions"}],"predecessor-version":[{"id":3530,"href":"https:\/\/icom.tn\/index.php\/wp-json\/wp\/v2\/pages\/1945\/revisions\/3530"}],"wp:attachment":[{"href":"https:\/\/icom.tn\/index.php\/wp-json\/wp\/v2\/media?parent=1945"}],"curies":[{"name":"wp","href":"https:\/\/api.w.org\/{rel}","templated":true}]}}