{"id":1926,"date":"2024-09-02T14:44:44","date_gmt":"2024-09-02T12:44:44","guid":{"rendered":"https:\/\/icom.tn\/?page_id=1926"},"modified":"2025-08-28T15:55:56","modified_gmt":"2025-08-28T13:55:56","slug":"marketing-digitale","status":"publish","type":"page","link":"https:\/\/icom.tn\/index.php\/marketing-digitale\/","title":{"rendered":"Marketing digitale"},"content":{"rendered":"\t\t<div data-elementor-type=\"wp-page\" data-elementor-id=\"1926\" class=\"elementor elementor-1926\">\n\t\t\t\t<div class=\"elementor-element elementor-element-11c0f7e9 e-con-full e-flex wpr-particle-no wpr-jarallax-no wpr-parallax-no wpr-sticky-section-no e-con e-parent\" data-id=\"11c0f7e9\" data-element_type=\"container\" data-settings=\"{&quot;background_background&quot;:&quot;classic&quot;}\">\n\t\t\t\t<div class=\"elementor-element elementor-element-69e2c6f5 elementor-widget elementor-widget-image\" data-id=\"69e2c6f5\" data-element_type=\"widget\" data-widget_type=\"image.default\">\n\t\t\t\t<div class=\"elementor-widget-container\">\n\t\t\t\t\t\t\t\t\t\t\t\t\t\t\t<img fetchpriority=\"high\" decoding=\"async\" width=\"1600\" height=\"499\" src=\"https:\/\/icom.tn\/wp-content\/uploads\/2025\/08\/60e38216-8b80-4c8c-bc7f-fd07a9a97cae.jpg\" class=\"attachment-full size-full wp-image-3579\" alt=\"\" srcset=\"https:\/\/icom.tn\/wp-content\/uploads\/2025\/08\/60e38216-8b80-4c8c-bc7f-fd07a9a97cae.jpg 1600w, https:\/\/icom.tn\/wp-content\/uploads\/2025\/08\/60e38216-8b80-4c8c-bc7f-fd07a9a97cae-300x94.jpg 300w, https:\/\/icom.tn\/wp-content\/uploads\/2025\/08\/60e38216-8b80-4c8c-bc7f-fd07a9a97cae-1024x319.jpg 1024w, https:\/\/icom.tn\/wp-content\/uploads\/2025\/08\/60e38216-8b80-4c8c-bc7f-fd07a9a97cae-768x240.jpg 768w, https:\/\/icom.tn\/wp-content\/uploads\/2025\/08\/60e38216-8b80-4c8c-bc7f-fd07a9a97cae-1536x479.jpg 1536w\" sizes=\"(max-width: 1600px) 100vw, 1600px\" \/>\t\t\t\t\t\t\t\t\t\t\t\t\t\t\t<\/div>\n\t\t\t\t<\/div>\n\t\t\t\t<\/div>\n\t\t<div class=\"elementor-element elementor-element-1fdaf333 e-flex e-con-boxed wpr-particle-no wpr-jarallax-no wpr-parallax-no wpr-sticky-section-no e-con e-parent\" data-id=\"1fdaf333\" data-element_type=\"container\">\n\t\t\t\t\t<div class=\"e-con-inner\">\n\t\t\t\t<div class=\"elementor-element elementor-element-44db71c4 elementor-widget elementor-widget-heading\" data-id=\"44db71c4\" data-element_type=\"widget\" data-widget_type=\"heading.default\">\n\t\t\t\t<div class=\"elementor-widget-container\">\n\t\t\t\t\t<h2 class=\"elementor-heading-title elementor-size-default\">L\u2019agence de Marketing\nqui va booster votre business !<\/h2>\t\t\t\t<\/div>\n\t\t\t\t<\/div>\n\t\t\t\t\t<\/div>\n\t\t\t\t<\/div>\n\t\t<div class=\"elementor-element elementor-element-46ace2da e-flex e-con-boxed wpr-particle-no wpr-jarallax-no wpr-parallax-no wpr-sticky-section-no e-con e-parent\" data-id=\"46ace2da\" data-element_type=\"container\">\n\t\t\t\t\t<div class=\"e-con-inner\">\n\t\t\t\t<div class=\"elementor-element elementor-element-24a1e294 elementor-widget elementor-widget-text-editor\" data-id=\"24a1e294\" data-element_type=\"widget\" data-widget_type=\"text-editor.default\">\n\t\t\t\t<div class=\"elementor-widget-container\">\n\t\t\t\t\t\t\t\t\tPour nous, il n\u2019existe pas d\u2019approche \u201cstandard\u201d du marketing digital. Nous prenons le temps de comprendre votre organisation et vos clients afin de vous recommander une strat\u00e9gie bas\u00e9e sur les besoins propres de votre entreprise. Lorsque vous investissez dans l\u2019une des solutions de marketing digital d\u2019ICOM, certains des meilleurs experts du secteur contribuent \u00e0 la r\u00e9alisation de vos objectifs et de votre vision.\n\n\t\t\t\t\t\t\t\t<\/div>\n\t\t\t\t<\/div>\n\t\t\t\t\t<\/div>\n\t\t\t\t<\/div>\n\t\t<div class=\"elementor-element elementor-element-4d15fbc e-flex e-con-boxed wpr-particle-no wpr-jarallax-no wpr-parallax-no wpr-sticky-section-no e-con e-parent\" data-id=\"4d15fbc\" data-element_type=\"container\">\n\t\t\t\t\t<div class=\"e-con-inner\">\n\t\t<div class=\"elementor-element elementor-element-e2d088c e-con-full e-flex wpr-particle-no wpr-jarallax-no wpr-parallax-no wpr-sticky-section-no e-con e-child\" data-id=\"e2d088c\" data-element_type=\"container\">\n\t\t<div class=\"elementor-element elementor-element-348ee13 e-con-full e-flex wpr-particle-no wpr-jarallax-no wpr-parallax-no wpr-sticky-section-no e-con e-child\" data-id=\"348ee13\" data-element_type=\"container\">\n\t\t\t\t<div class=\"elementor-element elementor-element-6058116 elementor-widget elementor-widget-image\" data-id=\"6058116\" data-element_type=\"widget\" data-widget_type=\"image.default\">\n\t\t\t\t<div class=\"elementor-widget-container\">\n\t\t\t\t\t\t\t\t\t\t\t\t\t\t\t\t<a href=\"https:\/\/icom.tn\/index.php\/developpement-web\/\">\n\t\t\t\t\t\t\t<img decoding=\"async\" width=\"300\" height=\"300\" src=\"https:\/\/icom.tn\/wp-content\/uploads\/2024\/09\/1-02-300x300-1-1.png\" class=\"attachment-full size-full wp-image-1931\" alt=\"\" srcset=\"https:\/\/icom.tn\/wp-content\/uploads\/2024\/09\/1-02-300x300-1-1.png 300w, https:\/\/icom.tn\/wp-content\/uploads\/2024\/09\/1-02-300x300-1-1-150x150.png 150w, https:\/\/icom.tn\/wp-content\/uploads\/2024\/09\/1-02-300x300-1-1-100x100.png 100w, https:\/\/icom.tn\/wp-content\/uploads\/2024\/09\/elementor\/thumbs\/1-02-300x300-1-1-qtilvd2ntjvbyefzf79y4kc87vjhb0a725mb9hpfm0.png 84w\" sizes=\"(max-width: 300px) 100vw, 300px\" \/>\t\t\t\t\t\t\t\t<\/a>\n\t\t\t\t\t\t\t\t\t\t\t\t\t\t\t<\/div>\n\t\t\t\t<\/div>\n\t\t\t\t<\/div>\n\t\t\t\t<div class=\"elementor-element elementor-element-400e042 elementor-widget elementor-widget-heading\" data-id=\"400e042\" data-element_type=\"widget\" data-widget_type=\"heading.default\">\n\t\t\t\t<div class=\"elementor-widget-container\">\n\t\t\t\t\t<h6 class=\"elementor-heading-title elementor-size-default\">D\u00e9veloppement web<\/h6>\t\t\t\t<\/div>\n\t\t\t\t<\/div>\n\t\t\t\t<\/div>\n\t\t<div class=\"elementor-element elementor-element-0bed55c e-con-full e-flex wpr-particle-no wpr-jarallax-no wpr-parallax-no wpr-sticky-section-no e-con e-child\" data-id=\"0bed55c\" data-element_type=\"container\">\n\t\t<div class=\"elementor-element elementor-element-aa6e1c7 e-con-full e-flex wpr-particle-no wpr-jarallax-no wpr-parallax-no wpr-sticky-section-no e-con e-child\" data-id=\"aa6e1c7\" data-element_type=\"container\">\n\t\t\t\t<div class=\"elementor-element elementor-element-10c7d99 elementor-widget elementor-widget-image\" data-id=\"10c7d99\" data-element_type=\"widget\" data-widget_type=\"image.default\">\n\t\t\t\t<div class=\"elementor-widget-container\">\n\t\t\t\t\t\t\t\t\t\t\t\t\t\t\t\t<a href=\"https:\/\/icom.tn\/index.php\/sem\/\">\n\t\t\t\t\t\t\t<img decoding=\"async\" width=\"300\" height=\"300\" src=\"https:\/\/icom.tn\/wp-content\/uploads\/2024\/09\/1-03-300x300-1-1.png\" class=\"attachment-large size-large wp-image-1930\" alt=\"\" srcset=\"https:\/\/icom.tn\/wp-content\/uploads\/2024\/09\/1-03-300x300-1-1.png 300w, https:\/\/icom.tn\/wp-content\/uploads\/2024\/09\/1-03-300x300-1-1-150x150.png 150w, https:\/\/icom.tn\/wp-content\/uploads\/2024\/09\/1-03-300x300-1-1-100x100.png 100w\" sizes=\"(max-width: 300px) 100vw, 300px\" \/>\t\t\t\t\t\t\t\t<\/a>\n\t\t\t\t\t\t\t\t\t\t\t\t\t\t\t<\/div>\n\t\t\t\t<\/div>\n\t\t\t\t<\/div>\n\t\t\t\t<div class=\"elementor-element elementor-element-f03c35b elementor-widget elementor-widget-heading\" data-id=\"f03c35b\" data-element_type=\"widget\" data-widget_type=\"heading.default\">\n\t\t\t\t<div class=\"elementor-widget-container\">\n\t\t\t\t\t<h6 class=\"elementor-heading-title elementor-size-default\">SEM<\/h6>\t\t\t\t<\/div>\n\t\t\t\t<\/div>\n\t\t\t\t<\/div>\n\t\t<div class=\"elementor-element elementor-element-180f8b5 e-con-full e-flex wpr-particle-no wpr-jarallax-no wpr-parallax-no wpr-sticky-section-no e-con e-child\" data-id=\"180f8b5\" data-element_type=\"container\">\n\t\t<div class=\"elementor-element elementor-element-927cbd9 e-con-full e-flex wpr-particle-no wpr-jarallax-no wpr-parallax-no wpr-sticky-section-no e-con e-child\" data-id=\"927cbd9\" data-element_type=\"container\">\n\t\t\t\t<div class=\"elementor-element elementor-element-9a60ee2 elementor-widget elementor-widget-image\" data-id=\"9a60ee2\" data-element_type=\"widget\" data-widget_type=\"image.default\">\n\t\t\t\t<div class=\"elementor-widget-container\">\n\t\t\t\t\t\t\t\t\t\t\t\t\t\t\t\t<a href=\"https:\/\/icom.tn\/index.php\/reseaux-sociaux\/\">\n\t\t\t\t\t\t\t<img loading=\"lazy\" decoding=\"async\" width=\"300\" height=\"300\" src=\"https:\/\/icom.tn\/wp-content\/uploads\/2024\/09\/1-03-300x300-1.png\" class=\"attachment-full size-full wp-image-1840\" alt=\"\" srcset=\"https:\/\/icom.tn\/wp-content\/uploads\/2024\/09\/1-03-300x300-1.png 300w, https:\/\/icom.tn\/wp-content\/uploads\/2024\/09\/1-03-300x300-1-150x150.png 150w, https:\/\/icom.tn\/wp-content\/uploads\/2024\/09\/1-03-300x300-1-100x100.png 100w\" sizes=\"(max-width: 300px) 100vw, 300px\" \/>\t\t\t\t\t\t\t\t<\/a>\n\t\t\t\t\t\t\t\t\t\t\t\t\t\t\t<\/div>\n\t\t\t\t<\/div>\n\t\t\t\t<\/div>\n\t\t\t\t<div class=\"elementor-element elementor-element-0783341 elementor-widget elementor-widget-heading\" data-id=\"0783341\" data-element_type=\"widget\" data-widget_type=\"heading.default\">\n\t\t\t\t<div class=\"elementor-widget-container\">\n\t\t\t\t\t<h6 class=\"elementor-heading-title elementor-size-default\">R\u00e9seaux Sociaux<\/h6>\t\t\t\t<\/div>\n\t\t\t\t<\/div>\n\t\t\t\t<\/div>\n\t\t<div class=\"elementor-element elementor-element-4dc02a5 e-con-full e-flex wpr-particle-no wpr-jarallax-no wpr-parallax-no wpr-sticky-section-no e-con e-child\" data-id=\"4dc02a5\" data-element_type=\"container\">\n\t\t<div class=\"elementor-element elementor-element-1e2d1a6 e-con-full e-flex wpr-particle-no wpr-jarallax-no wpr-parallax-no wpr-sticky-section-no e-con e-child\" data-id=\"1e2d1a6\" data-element_type=\"container\">\n\t\t\t\t<div class=\"elementor-element elementor-element-f35ec14 elementor-widget elementor-widget-image\" data-id=\"f35ec14\" data-element_type=\"widget\" data-widget_type=\"image.default\">\n\t\t\t\t<div class=\"elementor-widget-container\">\n\t\t\t\t\t\t\t\t\t\t\t\t\t\t\t\t<a href=\"https:\/\/icom.tn\/index.php\/community-management\/\">\n\t\t\t\t\t\t\t<img loading=\"lazy\" decoding=\"async\" width=\"300\" height=\"300\" src=\"https:\/\/icom.tn\/wp-content\/uploads\/2024\/09\/1-13-300x300-1.png\" class=\"attachment-full size-full wp-image-1929\" alt=\"\" srcset=\"https:\/\/icom.tn\/wp-content\/uploads\/2024\/09\/1-13-300x300-1.png 300w, https:\/\/icom.tn\/wp-content\/uploads\/2024\/09\/1-13-300x300-1-150x150.png 150w, https:\/\/icom.tn\/wp-content\/uploads\/2024\/09\/1-13-300x300-1-100x100.png 100w\" sizes=\"(max-width: 300px) 100vw, 300px\" \/>\t\t\t\t\t\t\t\t<\/a>\n\t\t\t\t\t\t\t\t\t\t\t\t\t\t\t<\/div>\n\t\t\t\t<\/div>\n\t\t\t\t<\/div>\n\t\t\t\t<div class=\"elementor-element elementor-element-834c1cd elementor-widget elementor-widget-heading\" data-id=\"834c1cd\" data-element_type=\"widget\" data-widget_type=\"heading.default\">\n\t\t\t\t<div class=\"elementor-widget-container\">\n\t\t\t\t\t<h6 class=\"elementor-heading-title elementor-size-default\">Community management\n<\/h6>\t\t\t\t<\/div>\n\t\t\t\t<\/div>\n\t\t\t\t<\/div>\n\t\t\t\t\t<\/div>\n\t\t\t\t<\/div>\n\t\t<div class=\"elementor-element elementor-element-08767d9 e-flex e-con-boxed wpr-particle-no wpr-jarallax-no wpr-parallax-no wpr-sticky-section-no e-con e-parent\" data-id=\"08767d9\" data-element_type=\"container\">\n\t\t\t\t\t<div class=\"e-con-inner\">\n\t\t\t\t\t<\/div>\n\t\t\t\t<\/div>\n\t\t\t\t<\/div>\n\t\t","protected":false},"excerpt":{"rendered":"<p>L\u2019agence de Marketing qui va booster votre business ! Pour nous, il n\u2019existe pas d\u2019approche \u201cstandard\u201d du marketing digital. Nous prenons le temps de comprendre votre organisation et vos clients afin de vous recommander une strat\u00e9gie bas\u00e9e sur les besoins propres de votre entreprise. Lorsque vous investissez dans l\u2019une des solutions de marketing digital d\u2019ICOM, certains des meilleurs experts du secteur contribuent \u00e0 la r\u00e9alisation de vos objectifs et de votre vision. D\u00e9veloppement web SEM R\u00e9seaux Sociaux Community management<\/p>\n","protected":false},"author":1,"featured_media":0,"parent":0,"menu_order":0,"comment_status":"closed","ping_status":"closed","template":"","meta":{"footnotes":""},"class_list":["post-1926","page","type-page","status-publish","hentry"],"yoast_head":"<!-- This site is optimized with the Yoast SEO plugin v24.4 - https:\/\/yoast.com\/wordpress\/plugins\/seo\/ -->\n<title>Marketing digitale -<\/title>\n<meta name=\"robots\" content=\"index, follow, max-snippet:-1, max-image-preview:large, max-video-preview:-1\" \/>\n<link rel=\"canonical\" href=\"https:\/\/icom.tn\/index.php\/marketing-digitale\/\" \/>\n<meta property=\"og:locale\" content=\"en_US\" \/>\n<meta property=\"og:type\" content=\"article\" \/>\n<meta property=\"og:title\" content=\"Marketing digitale -\" \/>\n<meta property=\"og:description\" content=\"L\u2019agence de Marketing qui va booster votre business ! Pour nous, il n\u2019existe pas d\u2019approche \u201cstandard\u201d du marketing digital. Nous prenons le temps de comprendre votre organisation et vos clients afin de vous recommander une strat\u00e9gie bas\u00e9e sur les besoins propres de votre entreprise. Lorsque vous investissez dans l\u2019une des solutions de marketing digital d\u2019ICOM, certains des meilleurs experts du secteur contribuent \u00e0 la r\u00e9alisation de vos objectifs et de votre vision. D\u00e9veloppement web SEM R\u00e9seaux Sociaux Community management\" \/>\n<meta property=\"og:url\" content=\"https:\/\/icom.tn\/index.php\/marketing-digitale\/\" \/>\n<meta property=\"article:publisher\" content=\"https:\/\/www.facebook.com\/icomtun\" \/>\n<meta property=\"article:modified_time\" content=\"2025-08-28T13:55:56+00:00\" \/>\n<meta property=\"og:image\" content=\"https:\/\/icom.tn\/wp-content\/uploads\/2025\/08\/60e38216-8b80-4c8c-bc7f-fd07a9a97cae.jpg\" \/>\n<meta name=\"twitter:card\" content=\"summary_large_image\" \/>\n<meta name=\"twitter:label1\" content=\"Est. reading time\" \/>\n\t<meta name=\"twitter:data1\" content=\"2 minutes\" \/>\n<script type=\"application\/ld+json\" class=\"yoast-schema-graph\">{\"@context\":\"https:\/\/schema.org\",\"@graph\":[{\"@type\":\"WebPage\",\"@id\":\"https:\/\/icom.tn\/index.php\/marketing-digitale\/\",\"url\":\"https:\/\/icom.tn\/index.php\/marketing-digitale\/\",\"name\":\"Marketing digitale -\",\"isPartOf\":{\"@id\":\"https:\/\/icom.tn\/#website\"},\"primaryImageOfPage\":{\"@id\":\"https:\/\/icom.tn\/index.php\/marketing-digitale\/#primaryimage\"},\"image\":{\"@id\":\"https:\/\/icom.tn\/index.php\/marketing-digitale\/#primaryimage\"},\"thumbnailUrl\":\"https:\/\/icom.tn\/wp-content\/uploads\/2025\/08\/60e38216-8b80-4c8c-bc7f-fd07a9a97cae.jpg\",\"datePublished\":\"2024-09-02T12:44:44+00:00\",\"dateModified\":\"2025-08-28T13:55:56+00:00\",\"breadcrumb\":{\"@id\":\"https:\/\/icom.tn\/index.php\/marketing-digitale\/#breadcrumb\"},\"inLanguage\":\"en-US\",\"potentialAction\":[{\"@type\":\"ReadAction\",\"target\":[\"https:\/\/icom.tn\/index.php\/marketing-digitale\/\"]}]},{\"@type\":\"ImageObject\",\"inLanguage\":\"en-US\",\"@id\":\"https:\/\/icom.tn\/index.php\/marketing-digitale\/#primaryimage\",\"url\":\"https:\/\/icom.tn\/wp-content\/uploads\/2025\/08\/60e38216-8b80-4c8c-bc7f-fd07a9a97cae.jpg\",\"contentUrl\":\"https:\/\/icom.tn\/wp-content\/uploads\/2025\/08\/60e38216-8b80-4c8c-bc7f-fd07a9a97cae.jpg\",\"width\":1600,\"height\":499},{\"@type\":\"BreadcrumbList\",\"@id\":\"https:\/\/icom.tn\/index.php\/marketing-digitale\/#breadcrumb\",\"itemListElement\":[{\"@type\":\"ListItem\",\"position\":1,\"name\":\"Accueil\",\"item\":\"https:\/\/icom.tn\/\"},{\"@type\":\"ListItem\",\"position\":2,\"name\":\"Marketing digitale\"}]},{\"@type\":\"WebSite\",\"@id\":\"https:\/\/icom.tn\/#website\",\"url\":\"https:\/\/icom.tn\/\",\"name\":\"ICOM\",\"description\":\"\",\"publisher\":{\"@id\":\"https:\/\/icom.tn\/#organization\"},\"potentialAction\":[{\"@type\":\"SearchAction\",\"target\":{\"@type\":\"EntryPoint\",\"urlTemplate\":\"https:\/\/icom.tn\/?s={search_term_string}\"},\"query-input\":{\"@type\":\"PropertyValueSpecification\",\"valueRequired\":true,\"valueName\":\"search_term_string\"}}],\"inLanguage\":\"en-US\"},{\"@type\":\"Organization\",\"@id\":\"https:\/\/icom.tn\/#organization\",\"name\":\"ICOM\",\"url\":\"https:\/\/icom.tn\/\",\"logo\":{\"@type\":\"ImageObject\",\"inLanguage\":\"en-US\",\"@id\":\"https:\/\/icom.tn\/#\/schema\/logo\/image\/\",\"url\":\"https:\/\/icom.tn\/wp-content\/uploads\/2024\/08\/logo-desktop.png\",\"contentUrl\":\"https:\/\/icom.tn\/wp-content\/uploads\/2024\/08\/logo-desktop.png\",\"width\":120,\"height\":120,\"caption\":\"ICOM\"},\"image\":{\"@id\":\"https:\/\/icom.tn\/#\/schema\/logo\/image\/\"},\"sameAs\":[\"https:\/\/www.facebook.com\/icomtun\",\"https:\/\/tn.linkedin.com\/company\/icomtun\"]}]}<\/script>\n<!-- \/ Yoast SEO plugin. -->","yoast_head_json":{"title":"Marketing digitale -","robots":{"index":"index","follow":"follow","max-snippet":"max-snippet:-1","max-image-preview":"max-image-preview:large","max-video-preview":"max-video-preview:-1"},"canonical":"https:\/\/icom.tn\/index.php\/marketing-digitale\/","og_locale":"en_US","og_type":"article","og_title":"Marketing digitale -","og_description":"L\u2019agence de Marketing qui va booster votre business ! Pour nous, il n\u2019existe pas d\u2019approche \u201cstandard\u201d du marketing digital. Nous prenons le temps de comprendre votre organisation et vos clients afin de vous recommander une strat\u00e9gie bas\u00e9e sur les besoins propres de votre entreprise. Lorsque vous investissez dans l\u2019une des solutions de marketing digital d\u2019ICOM, certains des meilleurs experts du secteur contribuent \u00e0 la r\u00e9alisation de vos objectifs et de votre vision. D\u00e9veloppement web SEM R\u00e9seaux Sociaux Community management","og_url":"https:\/\/icom.tn\/index.php\/marketing-digitale\/","article_publisher":"https:\/\/www.facebook.com\/icomtun","article_modified_time":"2025-08-28T13:55:56+00:00","og_image":[{"url":"https:\/\/icom.tn\/wp-content\/uploads\/2025\/08\/60e38216-8b80-4c8c-bc7f-fd07a9a97cae.jpg","type":"","width":"","height":""}],"twitter_card":"summary_large_image","twitter_misc":{"Est. reading time":"2 minutes"},"schema":{"@context":"https:\/\/schema.org","@graph":[{"@type":"WebPage","@id":"https:\/\/icom.tn\/index.php\/marketing-digitale\/","url":"https:\/\/icom.tn\/index.php\/marketing-digitale\/","name":"Marketing digitale -","isPartOf":{"@id":"https:\/\/icom.tn\/#website"},"primaryImageOfPage":{"@id":"https:\/\/icom.tn\/index.php\/marketing-digitale\/#primaryimage"},"image":{"@id":"https:\/\/icom.tn\/index.php\/marketing-digitale\/#primaryimage"},"thumbnailUrl":"https:\/\/icom.tn\/wp-content\/uploads\/2025\/08\/60e38216-8b80-4c8c-bc7f-fd07a9a97cae.jpg","datePublished":"2024-09-02T12:44:44+00:00","dateModified":"2025-08-28T13:55:56+00:00","breadcrumb":{"@id":"https:\/\/icom.tn\/index.php\/marketing-digitale\/#breadcrumb"},"inLanguage":"en-US","potentialAction":[{"@type":"ReadAction","target":["https:\/\/icom.tn\/index.php\/marketing-digitale\/"]}]},{"@type":"ImageObject","inLanguage":"en-US","@id":"https:\/\/icom.tn\/index.php\/marketing-digitale\/#primaryimage","url":"https:\/\/icom.tn\/wp-content\/uploads\/2025\/08\/60e38216-8b80-4c8c-bc7f-fd07a9a97cae.jpg","contentUrl":"https:\/\/icom.tn\/wp-content\/uploads\/2025\/08\/60e38216-8b80-4c8c-bc7f-fd07a9a97cae.jpg","width":1600,"height":499},{"@type":"BreadcrumbList","@id":"https:\/\/icom.tn\/index.php\/marketing-digitale\/#breadcrumb","itemListElement":[{"@type":"ListItem","position":1,"name":"Accueil","item":"https:\/\/icom.tn\/"},{"@type":"ListItem","position":2,"name":"Marketing digitale"}]},{"@type":"WebSite","@id":"https:\/\/icom.tn\/#website","url":"https:\/\/icom.tn\/","name":"ICOM","description":"","publisher":{"@id":"https:\/\/icom.tn\/#organization"},"potentialAction":[{"@type":"SearchAction","target":{"@type":"EntryPoint","urlTemplate":"https:\/\/icom.tn\/?s={search_term_string}"},"query-input":{"@type":"PropertyValueSpecification","valueRequired":true,"valueName":"search_term_string"}}],"inLanguage":"en-US"},{"@type":"Organization","@id":"https:\/\/icom.tn\/#organization","name":"ICOM","url":"https:\/\/icom.tn\/","logo":{"@type":"ImageObject","inLanguage":"en-US","@id":"https:\/\/icom.tn\/#\/schema\/logo\/image\/","url":"https:\/\/icom.tn\/wp-content\/uploads\/2024\/08\/logo-desktop.png","contentUrl":"https:\/\/icom.tn\/wp-content\/uploads\/2024\/08\/logo-desktop.png","width":120,"height":120,"caption":"ICOM"},"image":{"@id":"https:\/\/icom.tn\/#\/schema\/logo\/image\/"},"sameAs":["https:\/\/www.facebook.com\/icomtun","https:\/\/tn.linkedin.com\/company\/icomtun"]}]}},"jetpack_sharing_enabled":true,"_links":{"self":[{"href":"https:\/\/icom.tn\/index.php\/wp-json\/wp\/v2\/pages\/1926","targetHints":{"allow":["GET"]}}],"collection":[{"href":"https:\/\/icom.tn\/index.php\/wp-json\/wp\/v2\/pages"}],"about":[{"href":"https:\/\/icom.tn\/index.php\/wp-json\/wp\/v2\/types\/page"}],"author":[{"embeddable":true,"href":"https:\/\/icom.tn\/index.php\/wp-json\/wp\/v2\/users\/1"}],"replies":[{"embeddable":true,"href":"https:\/\/icom.tn\/index.php\/wp-json\/wp\/v2\/comments?post=1926"}],"version-history":[{"count":16,"href":"https:\/\/icom.tn\/index.php\/wp-json\/wp\/v2\/pages\/1926\/revisions"}],"predecessor-version":[{"id":3623,"href":"https:\/\/icom.tn\/index.php\/wp-json\/wp\/v2\/pages\/1926\/revisions\/3623"}],"wp:attachment":[{"href":"https:\/\/icom.tn\/index.php\/wp-json\/wp\/v2\/media?parent=1926"}],"curies":[{"name":"wp","href":"https:\/\/api.w.org\/{rel}","templated":true}]}}