{"id":1705,"date":"2024-09-01T03:03:06","date_gmt":"2024-09-01T01:03:06","guid":{"rendered":"https:\/\/icom.tn\/?page_id=1705"},"modified":"2025-08-29T16:08:08","modified_gmt":"2025-08-29T14:08:08","slug":"iprod","status":"publish","type":"page","link":"https:\/\/icom.tn\/index.php\/iprod\/","title":{"rendered":"IPROD"},"content":{"rendered":"\t\t<div data-elementor-type=\"wp-page\" data-elementor-id=\"1705\" class=\"elementor elementor-1705\">\n\t\t\t\t<div class=\"elementor-element elementor-element-1e4f8870 e-con-full e-flex wpr-particle-no wpr-jarallax-no wpr-parallax-no wpr-sticky-section-no e-con e-parent\" data-id=\"1e4f8870\" data-element_type=\"container\" data-settings=\"{&quot;background_background&quot;:&quot;classic&quot;}\">\n\t\t\t\t<div class=\"elementor-element elementor-element-6d257b52 elementor-widget elementor-widget-image\" data-id=\"6d257b52\" data-element_type=\"widget\" data-widget_type=\"image.default\">\n\t\t\t\t<div class=\"elementor-widget-container\">\n\t\t\t\t\t\t\t\t\t\t\t\t\t\t\t<img fetchpriority=\"high\" decoding=\"async\" width=\"2048\" height=\"639\" src=\"https:\/\/icom.tn\/wp-content\/uploads\/2024\/09\/3-2048x639-1.jpg\" class=\"attachment-full size-full wp-image-1873\" alt=\"\" srcset=\"https:\/\/icom.tn\/wp-content\/uploads\/2024\/09\/3-2048x639-1.jpg 2048w, https:\/\/icom.tn\/wp-content\/uploads\/2024\/09\/3-2048x639-1-300x94.jpg 300w, https:\/\/icom.tn\/wp-content\/uploads\/2024\/09\/3-2048x639-1-1024x320.jpg 1024w, https:\/\/icom.tn\/wp-content\/uploads\/2024\/09\/3-2048x639-1-768x240.jpg 768w, https:\/\/icom.tn\/wp-content\/uploads\/2024\/09\/3-2048x639-1-1536x479.jpg 1536w, https:\/\/icom.tn\/wp-content\/uploads\/2024\/09\/3-2048x639-1-600x187.jpg 600w\" sizes=\"(max-width: 2048px) 100vw, 2048px\" \/>\t\t\t\t\t\t\t\t\t\t\t\t\t\t\t<\/div>\n\t\t\t\t<\/div>\n\t\t\t\t<\/div>\n\t\t<div class=\"elementor-element elementor-element-3a496c86 e-flex e-con-boxed wpr-particle-no wpr-jarallax-no wpr-parallax-no wpr-sticky-section-no e-con e-parent\" data-id=\"3a496c86\" data-element_type=\"container\">\n\t\t\t\t\t<div class=\"e-con-inner\">\n\t\t\t\t<div class=\"elementor-element elementor-element-6f2cfcfc elementor-widget elementor-widget-heading\" data-id=\"6f2cfcfc\" data-element_type=\"widget\" data-widget_type=\"heading.default\">\n\t\t\t\t<div class=\"elementor-widget-container\">\n\t\t\t\t\t<h2 class=\"elementor-heading-title elementor-size-default\">Hello, c\u2019est IPROD !\n<\/h2>\t\t\t\t<\/div>\n\t\t\t\t<\/div>\n\t\t\t\t\t<\/div>\n\t\t\t\t<\/div>\n\t\t<div class=\"elementor-element elementor-element-78a5edb0 e-flex e-con-boxed wpr-particle-no wpr-jarallax-no wpr-parallax-no wpr-sticky-section-no e-con e-parent\" data-id=\"78a5edb0\" data-element_type=\"container\">\n\t\t\t\t\t<div class=\"e-con-inner\">\n\t\t\t\t<div class=\"elementor-element elementor-element-64717907 elementor-widget elementor-widget-text-editor\" data-id=\"64717907\" data-element_type=\"widget\" data-widget_type=\"text-editor.default\">\n\t\t\t\t<div class=\"elementor-widget-container\">\n\t\t\t\t\t\t\t\t\t<section class=\"elementor-section elementor-top-section elementor-element elementor-element-288be69 elementor-section-boxed elementor-section-height-default elementor-section-height-default jet-parallax-section\" data-id=\"288be69\" data-element_type=\"section\" data-settings=\"{&quot;jet_parallax_layout_list&quot;:[{&quot;jet_parallax_layout_image&quot;:{&quot;url&quot;:&quot;&quot;,&quot;id&quot;:&quot;&quot;,&quot;size&quot;:&quot;&quot;},&quot;_id&quot;:&quot;f99ea50&quot;,&quot;jet_parallax_layout_image_tablet&quot;:{&quot;url&quot;:&quot;&quot;,&quot;id&quot;:&quot;&quot;,&quot;size&quot;:&quot;&quot;},&quot;jet_parallax_layout_image_mobile&quot;:{&quot;url&quot;:&quot;&quot;,&quot;id&quot;:&quot;&quot;,&quot;size&quot;:&quot;&quot;},&quot;jet_parallax_layout_speed&quot;:{&quot;unit&quot;:&quot;%&quot;,&quot;size&quot;:50,&quot;sizes&quot;:[]},&quot;jet_parallax_layout_type&quot;:&quot;scroll&quot;,&quot;jet_parallax_layout_direction&quot;:null,&quot;jet_parallax_layout_fx_direction&quot;:null,&quot;jet_parallax_layout_z_index&quot;:&quot;&quot;,&quot;jet_parallax_layout_bg_x&quot;:50,&quot;jet_parallax_layout_bg_x_tablet&quot;:&quot;&quot;,&quot;jet_parallax_layout_bg_x_mobile&quot;:&quot;&quot;,&quot;jet_parallax_layout_bg_y&quot;:50,&quot;jet_parallax_layout_bg_y_tablet&quot;:&quot;&quot;,&quot;jet_parallax_layout_bg_y_mobile&quot;:&quot;&quot;,&quot;jet_parallax_layout_bg_size&quot;:&quot;auto&quot;,&quot;jet_parallax_layout_bg_size_tablet&quot;:&quot;&quot;,&quot;jet_parallax_layout_bg_size_mobile&quot;:&quot;&quot;,&quot;jet_parallax_layout_animation_prop&quot;:&quot;transform&quot;,&quot;jet_parallax_layout_on&quot;:[&quot;desktop&quot;,&quot;tablet&quot;]}]}\"><div class=\"elementor-container elementor-column-gap-default\"><div class=\"elementor-column elementor-col-100 elementor-top-column elementor-element elementor-element-4f770225\" data-id=\"4f770225\" data-element_type=\"column\"><div class=\"elementor-widget-wrap elementor-element-populated\"><section class=\"elementor-section elementor-inner-section elementor-element elementor-element-95584d3 elementor-section-boxed elementor-section-height-default elementor-section-height-default jet-parallax-section\" data-id=\"95584d3\" data-element_type=\"section\" data-settings=\"{&quot;jet_parallax_layout_list&quot;:[{&quot;jet_parallax_layout_image&quot;:{&quot;url&quot;:&quot;&quot;,&quot;id&quot;:&quot;&quot;,&quot;size&quot;:&quot;&quot;},&quot;_id&quot;:&quot;174d11e&quot;,&quot;jet_parallax_layout_image_tablet&quot;:{&quot;url&quot;:&quot;&quot;,&quot;id&quot;:&quot;&quot;,&quot;size&quot;:&quot;&quot;},&quot;jet_parallax_layout_image_mobile&quot;:{&quot;url&quot;:&quot;&quot;,&quot;id&quot;:&quot;&quot;,&quot;size&quot;:&quot;&quot;},&quot;jet_parallax_layout_speed&quot;:{&quot;unit&quot;:&quot;%&quot;,&quot;size&quot;:50,&quot;sizes&quot;:[]},&quot;jet_parallax_layout_type&quot;:&quot;scroll&quot;,&quot;jet_parallax_layout_direction&quot;:null,&quot;jet_parallax_layout_fx_direction&quot;:null,&quot;jet_parallax_layout_z_index&quot;:&quot;&quot;,&quot;jet_parallax_layout_bg_x&quot;:50,&quot;jet_parallax_layout_bg_x_tablet&quot;:&quot;&quot;,&quot;jet_parallax_layout_bg_x_mobile&quot;:&quot;&quot;,&quot;jet_parallax_layout_bg_y&quot;:50,&quot;jet_parallax_layout_bg_y_tablet&quot;:&quot;&quot;,&quot;jet_parallax_layout_bg_y_mobile&quot;:&quot;&quot;,&quot;jet_parallax_layout_bg_size&quot;:&quot;auto&quot;,&quot;jet_parallax_layout_bg_size_tablet&quot;:&quot;&quot;,&quot;jet_parallax_layout_bg_size_mobile&quot;:&quot;&quot;,&quot;jet_parallax_layout_animation_prop&quot;:&quot;transform&quot;,&quot;jet_parallax_layout_on&quot;:[&quot;desktop&quot;,&quot;tablet&quot;]}]}\"><div class=\"elementor-container elementor-column-gap-default\"><div class=\"elementor-column elementor-col-100 elementor-inner-column elementor-element elementor-element-ffa2828\" data-id=\"ffa2828\" data-element_type=\"column\"><div class=\"elementor-widget-wrap elementor-element-populated\"><div class=\"elementor-element elementor-element-3fdcdef6 elementor-widget elementor-widget-text-editor\" data-id=\"3fdcdef6\" data-element_type=\"widget\" data-widget_type=\"text-editor.default\"><div class=\"elementor-widget-container\"><p>Notre ambition : Vous surprendre !<br \/>Nous proposons le talent et l\u2019expertise de nos sc\u00e9naristes, r\u00e9alisateurs, graphistes, monteurs, vid\u00e9astes, photographes au service des entreprises, des associations et des particuliers. Le r\u00e9sultat final parle de lui-m\u00eame, et ce, gr\u00e2ce \u00e0 un excellent travail d\u2019\u00e9quipe, et \u00e0 notre mat\u00e9riel haute d\u00e9finition. Veuillez trouver ci-apr\u00e8s nos domaines d\u2019interventions.<\/p><\/div><\/div><\/div><\/div><\/div><\/section><\/div><\/div><\/div><\/section><section class=\"elementor-section elementor-top-section elementor-element elementor-element-71cc952b elementor-section-boxed elementor-section-height-default elementor-section-height-default jet-parallax-section\" data-id=\"71cc952b\" data-element_type=\"section\" data-settings=\"{&quot;jet_parallax_layout_list&quot;:[{&quot;jet_parallax_layout_image&quot;:{&quot;url&quot;:&quot;&quot;,&quot;id&quot;:&quot;&quot;,&quot;size&quot;:&quot;&quot;},&quot;_id&quot;:&quot;3f3ef4f&quot;,&quot;jet_parallax_layout_image_tablet&quot;:{&quot;url&quot;:&quot;&quot;,&quot;id&quot;:&quot;&quot;,&quot;size&quot;:&quot;&quot;},&quot;jet_parallax_layout_image_mobile&quot;:{&quot;url&quot;:&quot;&quot;,&quot;id&quot;:&quot;&quot;,&quot;size&quot;:&quot;&quot;},&quot;jet_parallax_layout_speed&quot;:{&quot;unit&quot;:&quot;%&quot;,&quot;size&quot;:50,&quot;sizes&quot;:[]},&quot;jet_parallax_layout_type&quot;:&quot;scroll&quot;,&quot;jet_parallax_layout_direction&quot;:null,&quot;jet_parallax_layout_fx_direction&quot;:null,&quot;jet_parallax_layout_z_index&quot;:&quot;&quot;,&quot;jet_parallax_layout_bg_x&quot;:50,&quot;jet_parallax_layout_bg_x_tablet&quot;:&quot;&quot;,&quot;jet_parallax_layout_bg_x_mobile&quot;:&quot;&quot;,&quot;jet_parallax_layout_bg_y&quot;:50,&quot;jet_parallax_layout_bg_y_tablet&quot;:&quot;&quot;,&quot;jet_parallax_layout_bg_y_mobile&quot;:&quot;&quot;,&quot;jet_parallax_layout_bg_size&quot;:&quot;auto&quot;,&quot;jet_parallax_layout_bg_size_tablet&quot;:&quot;&quot;,&quot;jet_parallax_layout_bg_size_mobile&quot;:&quot;&quot;,&quot;jet_parallax_layout_animation_prop&quot;:&quot;transform&quot;,&quot;jet_parallax_layout_on&quot;:[&quot;desktop&quot;,&quot;tablet&quot;]}]}\"><div class=\"jet-parallax-section__layout elementor-repeater-item-3f3ef4f jet-parallax-section__scroll-layout\">\u00a0<\/div><\/section>\t\t\t\t\t\t\t\t<\/div>\n\t\t\t\t<\/div>\n\t\t\t\t\t<\/div>\n\t\t\t\t<\/div>\n\t\t<div class=\"elementor-element elementor-element-7f6a9b10 e-flex e-con-boxed wpr-particle-no wpr-jarallax-no wpr-parallax-no wpr-sticky-section-no e-con e-parent\" data-id=\"7f6a9b10\" data-element_type=\"container\">\n\t\t\t\t\t<div class=\"e-con-inner\">\n\t\t<div class=\"elementor-element elementor-element-6bc79c47 e-con-full e-flex wpr-particle-no wpr-jarallax-no wpr-parallax-no wpr-sticky-section-no e-con e-child\" data-id=\"6bc79c47\" data-element_type=\"container\">\n\t\t<div class=\"elementor-element elementor-element-754c228e e-con-full e-flex wpr-particle-no wpr-jarallax-no wpr-parallax-no wpr-sticky-section-no e-con e-child\" data-id=\"754c228e\" data-element_type=\"container\">\n\t\t\t\t<div class=\"elementor-element elementor-element-6685d94c elementor-widget elementor-widget-image\" data-id=\"6685d94c\" data-element_type=\"widget\" data-widget_type=\"image.default\">\n\t\t\t\t<div class=\"elementor-widget-container\">\n\t\t\t\t\t\t\t\t\t\t\t\t\t\t\t\t<a href=\"https:\/\/icom.tn\/index.php\/couverture-devenement\/\">\n\t\t\t\t\t\t\t<img decoding=\"async\" width=\"800\" height=\"800\" src=\"https:\/\/icom.tn\/wp-content\/uploads\/2024\/09\/1-03.png\" class=\"attachment-large size-large wp-image-2320\" alt=\"\" srcset=\"https:\/\/icom.tn\/wp-content\/uploads\/2024\/09\/1-03.png 801w, https:\/\/icom.tn\/wp-content\/uploads\/2024\/09\/1-03-300x300.png 300w, https:\/\/icom.tn\/wp-content\/uploads\/2024\/09\/1-03-150x150.png 150w, https:\/\/icom.tn\/wp-content\/uploads\/2024\/09\/1-03-768x768.png 768w, https:\/\/icom.tn\/wp-content\/uploads\/2024\/09\/1-03-650x650.png 650w\" sizes=\"(max-width: 800px) 100vw, 800px\" \/>\t\t\t\t\t\t\t\t<\/a>\n\t\t\t\t\t\t\t\t\t\t\t\t\t\t\t<\/div>\n\t\t\t\t<\/div>\n\t\t\t\t<\/div>\n\t\t\t\t<div class=\"elementor-element elementor-element-aba8986 elementor-widget elementor-widget-heading\" data-id=\"aba8986\" data-element_type=\"widget\" data-widget_type=\"heading.default\">\n\t\t\t\t<div class=\"elementor-widget-container\">\n\t\t\t\t\t<h6 class=\"elementor-heading-title elementor-size-default\"><a href=\"https:\/\/icom.tn\/index.php\/couverture-devenement\/\">couverture d'\u00e9v\u00e9nement <\/a><\/h6>\t\t\t\t<\/div>\n\t\t\t\t<\/div>\n\t\t\t\t<\/div>\n\t\t<div class=\"elementor-element elementor-element-5651f1ae e-con-full e-flex wpr-particle-no wpr-jarallax-no wpr-parallax-no wpr-sticky-section-no e-con e-child\" data-id=\"5651f1ae\" data-element_type=\"container\">\n\t\t<div class=\"elementor-element elementor-element-530fd06 e-con-full e-flex wpr-particle-no wpr-jarallax-no wpr-parallax-no wpr-sticky-section-no e-con e-child\" data-id=\"530fd06\" data-element_type=\"container\">\n\t\t\t\t<div class=\"elementor-element elementor-element-427a78f1 elementor-widget elementor-widget-image\" data-id=\"427a78f1\" data-element_type=\"widget\" data-widget_type=\"image.default\">\n\t\t\t\t<div class=\"elementor-widget-container\">\n\t\t\t\t\t\t\t\t\t\t\t\t\t\t\t\t<a href=\"https:\/\/icom.tn\/index.php\/film-dentreprise\/\">\n\t\t\t\t\t\t\t<img decoding=\"async\" width=\"801\" height=\"801\" src=\"https:\/\/icom.tn\/wp-content\/uploads\/2025\/08\/1-02.png\" class=\"attachment-full size-full wp-image-3604\" alt=\"\" srcset=\"https:\/\/icom.tn\/wp-content\/uploads\/2025\/08\/1-02.png 801w, https:\/\/icom.tn\/wp-content\/uploads\/2025\/08\/1-02-300x300.png 300w, https:\/\/icom.tn\/wp-content\/uploads\/2025\/08\/1-02-150x150.png 150w, https:\/\/icom.tn\/wp-content\/uploads\/2025\/08\/1-02-768x768.png 768w, https:\/\/icom.tn\/wp-content\/uploads\/2025\/08\/1-02-650x650.png 650w\" sizes=\"(max-width: 801px) 100vw, 801px\" \/>\t\t\t\t\t\t\t\t<\/a>\n\t\t\t\t\t\t\t\t\t\t\t\t\t\t\t<\/div>\n\t\t\t\t<\/div>\n\t\t\t\t<\/div>\n\t\t\t\t<div class=\"elementor-element elementor-element-220d2d1 elementor-widget elementor-widget-heading\" data-id=\"220d2d1\" data-element_type=\"widget\" data-widget_type=\"heading.default\">\n\t\t\t\t<div class=\"elementor-widget-container\">\n\t\t\t\t\t<h6 class=\"elementor-heading-title elementor-size-default\"><a href=\"https:\/\/icom.tn\/index.php\/film-dentreprise\/\">film d'entreprise\n<\/a><\/h6>\t\t\t\t<\/div>\n\t\t\t\t<\/div>\n\t\t\t\t<\/div>\n\t\t<div class=\"elementor-element elementor-element-1e06684a e-con-full e-flex wpr-particle-no wpr-jarallax-no wpr-parallax-no wpr-sticky-section-no e-con e-child\" data-id=\"1e06684a\" data-element_type=\"container\">\n\t\t<div class=\"elementor-element elementor-element-2c48459a e-con-full e-flex wpr-particle-no wpr-jarallax-no wpr-parallax-no wpr-sticky-section-no e-con e-child\" data-id=\"2c48459a\" data-element_type=\"container\">\n\t\t\t\t<div class=\"elementor-element elementor-element-25ae4394 elementor-widget elementor-widget-image\" data-id=\"25ae4394\" data-element_type=\"widget\" data-widget_type=\"image.default\">\n\t\t\t\t<div class=\"elementor-widget-container\">\n\t\t\t\t\t\t\t\t\t\t\t\t\t\t\t\t<a href=\"https:\/\/icom.tn\/index.php\/elementor-page-2588\/\">\n\t\t\t\t\t\t\t<img loading=\"lazy\" decoding=\"async\" width=\"801\" height=\"801\" src=\"https:\/\/icom.tn\/wp-content\/uploads\/2024\/09\/1-04.png\" class=\"attachment-full size-full wp-image-2321\" alt=\"\" srcset=\"https:\/\/icom.tn\/wp-content\/uploads\/2024\/09\/1-04.png 801w, https:\/\/icom.tn\/wp-content\/uploads\/2024\/09\/1-04-300x300.png 300w, https:\/\/icom.tn\/wp-content\/uploads\/2024\/09\/1-04-150x150.png 150w, https:\/\/icom.tn\/wp-content\/uploads\/2024\/09\/1-04-768x768.png 768w, https:\/\/icom.tn\/wp-content\/uploads\/2024\/09\/1-04-650x650.png 650w\" sizes=\"(max-width: 801px) 100vw, 801px\" \/>\t\t\t\t\t\t\t\t<\/a>\n\t\t\t\t\t\t\t\t\t\t\t\t\t\t\t<\/div>\n\t\t\t\t<\/div>\n\t\t\t\t<\/div>\n\t\t\t\t<div class=\"elementor-element elementor-element-740fc6e elementor-widget elementor-widget-heading\" data-id=\"740fc6e\" data-element_type=\"widget\" data-widget_type=\"heading.default\">\n\t\t\t\t<div class=\"elementor-widget-container\">\n\t\t\t\t\t<h6 class=\"elementor-heading-title elementor-size-default\"><a href=\"https:\/\/icom.tn\/index.php\/elementor-page-2588\/\">REELS<\/a><\/h6>\t\t\t\t<\/div>\n\t\t\t\t<\/div>\n\t\t\t\t<\/div>\n\t\t<div class=\"elementor-element elementor-element-4f89136 e-con-full e-flex wpr-particle-no wpr-jarallax-no wpr-parallax-no wpr-sticky-section-no e-con e-child\" data-id=\"4f89136\" data-element_type=\"container\">\n\t\t<div class=\"elementor-element elementor-element-9342e92 e-con-full e-flex wpr-particle-no wpr-jarallax-no wpr-parallax-no wpr-sticky-section-no e-con e-child\" data-id=\"9342e92\" data-element_type=\"container\">\n\t\t\t\t<div class=\"elementor-element elementor-element-e0962b5 elementor-widget elementor-widget-image\" data-id=\"e0962b5\" data-element_type=\"widget\" data-widget_type=\"image.default\">\n\t\t\t\t<div class=\"elementor-widget-container\">\n\t\t\t\t\t\t\t\t\t\t\t\t\t\t\t\t<a href=\"https:\/\/icom.tn\/index.php\/elementor-page-2563\/\">\n\t\t\t\t\t\t\t<img loading=\"lazy\" decoding=\"async\" width=\"800\" height=\"800\" src=\"https:\/\/icom.tn\/wp-content\/uploads\/2024\/09\/1-01.png\" class=\"attachment-large size-large wp-image-2318\" alt=\"\" srcset=\"https:\/\/icom.tn\/wp-content\/uploads\/2024\/09\/1-01.png 801w, https:\/\/icom.tn\/wp-content\/uploads\/2024\/09\/1-01-300x300.png 300w, https:\/\/icom.tn\/wp-content\/uploads\/2024\/09\/1-01-150x150.png 150w, https:\/\/icom.tn\/wp-content\/uploads\/2024\/09\/1-01-768x768.png 768w, https:\/\/icom.tn\/wp-content\/uploads\/2024\/09\/1-01-650x650.png 650w\" sizes=\"(max-width: 800px) 100vw, 800px\" \/>\t\t\t\t\t\t\t\t<\/a>\n\t\t\t\t\t\t\t\t\t\t\t\t\t\t\t<\/div>\n\t\t\t\t<\/div>\n\t\t\t\t<\/div>\n\t\t\t\t<div class=\"elementor-element elementor-element-9c7801c elementor-widget elementor-widget-heading\" data-id=\"9c7801c\" data-element_type=\"widget\" data-widget_type=\"heading.default\">\n\t\t\t\t<div class=\"elementor-widget-container\">\n\t\t\t\t\t<h6 class=\"elementor-heading-title elementor-size-default\"><a href=\"https:\/\/icom.tn\/index.php\/elementor-page-2563\/\">SHOOTING PHOTOS<\/a><\/h6>\t\t\t\t<\/div>\n\t\t\t\t<\/div>\n\t\t\t\t<\/div>\n\t\t\t\t\t<\/div>\n\t\t\t\t<\/div>\n\t\t\t\t<\/div>\n\t\t","protected":false},"excerpt":{"rendered":"<p>Hello, c\u2019est IPROD ! Notre ambition : Vous surprendre !Nous proposons le talent et l\u2019expertise de nos sc\u00e9naristes, r\u00e9alisateurs, graphistes, monteurs, vid\u00e9astes, photographes au service des entreprises, des associations et des particuliers. Le r\u00e9sultat final parle de lui-m\u00eame, et ce, gr\u00e2ce \u00e0 un excellent travail d\u2019\u00e9quipe, et \u00e0 notre mat\u00e9riel haute d\u00e9finition. Veuillez trouver ci-apr\u00e8s nos domaines d\u2019interventions. \u00a0 couverture d&#8217;\u00e9v\u00e9nement film d&#8217;entreprise REELS SHOOTING PHOTOS<\/p>\n","protected":false},"author":1,"featured_media":0,"parent":0,"menu_order":0,"comment_status":"closed","ping_status":"closed","template":"","meta":{"footnotes":""},"class_list":["post-1705","page","type-page","status-publish","hentry"],"yoast_head":"<!-- This site is optimized with the Yoast SEO plugin v24.4 - https:\/\/yoast.com\/wordpress\/plugins\/seo\/ -->\n<title>IPROD -<\/title>\n<meta name=\"robots\" content=\"index, follow, max-snippet:-1, max-image-preview:large, max-video-preview:-1\" \/>\n<link rel=\"canonical\" href=\"https:\/\/icom.tn\/index.php\/iprod\/\" \/>\n<meta property=\"og:locale\" content=\"en_US\" \/>\n<meta property=\"og:type\" content=\"article\" \/>\n<meta property=\"og:title\" content=\"IPROD -\" \/>\n<meta property=\"og:description\" content=\"Hello, c\u2019est IPROD ! Notre ambition : Vous surprendre !Nous proposons le talent et l\u2019expertise de nos sc\u00e9naristes, r\u00e9alisateurs, graphistes, monteurs, vid\u00e9astes, photographes au service des entreprises, des associations et des particuliers. Le r\u00e9sultat final parle de lui-m\u00eame, et ce, gr\u00e2ce \u00e0 un excellent travail d\u2019\u00e9quipe, et \u00e0 notre mat\u00e9riel haute d\u00e9finition. Veuillez trouver ci-apr\u00e8s nos domaines d\u2019interventions. \u00a0 couverture d&#8217;\u00e9v\u00e9nement film d&#8217;entreprise REELS SHOOTING PHOTOS\" \/>\n<meta property=\"og:url\" content=\"https:\/\/icom.tn\/index.php\/iprod\/\" \/>\n<meta property=\"article:publisher\" content=\"https:\/\/www.facebook.com\/icomtun\" \/>\n<meta property=\"article:modified_time\" content=\"2025-08-29T14:08:08+00:00\" \/>\n<meta property=\"og:image\" content=\"https:\/\/icom.tn\/wp-content\/uploads\/2024\/09\/3-2048x639-1.jpg\" \/>\n\t<meta property=\"og:image:width\" content=\"2048\" \/>\n\t<meta property=\"og:image:height\" content=\"639\" \/>\n\t<meta property=\"og:image:type\" content=\"image\/jpeg\" \/>\n<meta name=\"twitter:card\" content=\"summary_large_image\" \/>\n<meta name=\"twitter:label1\" content=\"Est. reading time\" \/>\n\t<meta name=\"twitter:data1\" content=\"2 minutes\" \/>\n<script type=\"application\/ld+json\" class=\"yoast-schema-graph\">{\"@context\":\"https:\/\/schema.org\",\"@graph\":[{\"@type\":\"WebPage\",\"@id\":\"https:\/\/icom.tn\/index.php\/iprod\/\",\"url\":\"https:\/\/icom.tn\/index.php\/iprod\/\",\"name\":\"IPROD -\",\"isPartOf\":{\"@id\":\"https:\/\/icom.tn\/#website\"},\"primaryImageOfPage\":{\"@id\":\"https:\/\/icom.tn\/index.php\/iprod\/#primaryimage\"},\"image\":{\"@id\":\"https:\/\/icom.tn\/index.php\/iprod\/#primaryimage\"},\"thumbnailUrl\":\"https:\/\/icom.tn\/wp-content\/uploads\/2024\/09\/3-2048x639-1.jpg\",\"datePublished\":\"2024-09-01T01:03:06+00:00\",\"dateModified\":\"2025-08-29T14:08:08+00:00\",\"breadcrumb\":{\"@id\":\"https:\/\/icom.tn\/index.php\/iprod\/#breadcrumb\"},\"inLanguage\":\"en-US\",\"potentialAction\":[{\"@type\":\"ReadAction\",\"target\":[\"https:\/\/icom.tn\/index.php\/iprod\/\"]}]},{\"@type\":\"ImageObject\",\"inLanguage\":\"en-US\",\"@id\":\"https:\/\/icom.tn\/index.php\/iprod\/#primaryimage\",\"url\":\"https:\/\/icom.tn\/wp-content\/uploads\/2024\/09\/3-2048x639-1.jpg\",\"contentUrl\":\"https:\/\/icom.tn\/wp-content\/uploads\/2024\/09\/3-2048x639-1.jpg\",\"width\":2048,\"height\":639},{\"@type\":\"BreadcrumbList\",\"@id\":\"https:\/\/icom.tn\/index.php\/iprod\/#breadcrumb\",\"itemListElement\":[{\"@type\":\"ListItem\",\"position\":1,\"name\":\"Accueil\",\"item\":\"https:\/\/icom.tn\/\"},{\"@type\":\"ListItem\",\"position\":2,\"name\":\"IPROD\"}]},{\"@type\":\"WebSite\",\"@id\":\"https:\/\/icom.tn\/#website\",\"url\":\"https:\/\/icom.tn\/\",\"name\":\"ICOM\",\"description\":\"\",\"publisher\":{\"@id\":\"https:\/\/icom.tn\/#organization\"},\"potentialAction\":[{\"@type\":\"SearchAction\",\"target\":{\"@type\":\"EntryPoint\",\"urlTemplate\":\"https:\/\/icom.tn\/?s={search_term_string}\"},\"query-input\":{\"@type\":\"PropertyValueSpecification\",\"valueRequired\":true,\"valueName\":\"search_term_string\"}}],\"inLanguage\":\"en-US\"},{\"@type\":\"Organization\",\"@id\":\"https:\/\/icom.tn\/#organization\",\"name\":\"ICOM\",\"url\":\"https:\/\/icom.tn\/\",\"logo\":{\"@type\":\"ImageObject\",\"inLanguage\":\"en-US\",\"@id\":\"https:\/\/icom.tn\/#\/schema\/logo\/image\/\",\"url\":\"https:\/\/icom.tn\/wp-content\/uploads\/2024\/08\/logo-desktop.png\",\"contentUrl\":\"https:\/\/icom.tn\/wp-content\/uploads\/2024\/08\/logo-desktop.png\",\"width\":120,\"height\":120,\"caption\":\"ICOM\"},\"image\":{\"@id\":\"https:\/\/icom.tn\/#\/schema\/logo\/image\/\"},\"sameAs\":[\"https:\/\/www.facebook.com\/icomtun\",\"https:\/\/tn.linkedin.com\/company\/icomtun\"]}]}<\/script>\n<!-- \/ Yoast SEO plugin. -->","yoast_head_json":{"title":"IPROD -","robots":{"index":"index","follow":"follow","max-snippet":"max-snippet:-1","max-image-preview":"max-image-preview:large","max-video-preview":"max-video-preview:-1"},"canonical":"https:\/\/icom.tn\/index.php\/iprod\/","og_locale":"en_US","og_type":"article","og_title":"IPROD -","og_description":"Hello, c\u2019est IPROD ! Notre ambition : Vous surprendre !Nous proposons le talent et l\u2019expertise de nos sc\u00e9naristes, r\u00e9alisateurs, graphistes, monteurs, vid\u00e9astes, photographes au service des entreprises, des associations et des particuliers. Le r\u00e9sultat final parle de lui-m\u00eame, et ce, gr\u00e2ce \u00e0 un excellent travail d\u2019\u00e9quipe, et \u00e0 notre mat\u00e9riel haute d\u00e9finition. Veuillez trouver ci-apr\u00e8s nos domaines d\u2019interventions. \u00a0 couverture d&#8217;\u00e9v\u00e9nement film d&#8217;entreprise REELS SHOOTING PHOTOS","og_url":"https:\/\/icom.tn\/index.php\/iprod\/","article_publisher":"https:\/\/www.facebook.com\/icomtun","article_modified_time":"2025-08-29T14:08:08+00:00","og_image":[{"width":2048,"height":639,"url":"https:\/\/icom.tn\/wp-content\/uploads\/2024\/09\/3-2048x639-1.jpg","type":"image\/jpeg"}],"twitter_card":"summary_large_image","twitter_misc":{"Est. reading time":"2 minutes"},"schema":{"@context":"https:\/\/schema.org","@graph":[{"@type":"WebPage","@id":"https:\/\/icom.tn\/index.php\/iprod\/","url":"https:\/\/icom.tn\/index.php\/iprod\/","name":"IPROD -","isPartOf":{"@id":"https:\/\/icom.tn\/#website"},"primaryImageOfPage":{"@id":"https:\/\/icom.tn\/index.php\/iprod\/#primaryimage"},"image":{"@id":"https:\/\/icom.tn\/index.php\/iprod\/#primaryimage"},"thumbnailUrl":"https:\/\/icom.tn\/wp-content\/uploads\/2024\/09\/3-2048x639-1.jpg","datePublished":"2024-09-01T01:03:06+00:00","dateModified":"2025-08-29T14:08:08+00:00","breadcrumb":{"@id":"https:\/\/icom.tn\/index.php\/iprod\/#breadcrumb"},"inLanguage":"en-US","potentialAction":[{"@type":"ReadAction","target":["https:\/\/icom.tn\/index.php\/iprod\/"]}]},{"@type":"ImageObject","inLanguage":"en-US","@id":"https:\/\/icom.tn\/index.php\/iprod\/#primaryimage","url":"https:\/\/icom.tn\/wp-content\/uploads\/2024\/09\/3-2048x639-1.jpg","contentUrl":"https:\/\/icom.tn\/wp-content\/uploads\/2024\/09\/3-2048x639-1.jpg","width":2048,"height":639},{"@type":"BreadcrumbList","@id":"https:\/\/icom.tn\/index.php\/iprod\/#breadcrumb","itemListElement":[{"@type":"ListItem","position":1,"name":"Accueil","item":"https:\/\/icom.tn\/"},{"@type":"ListItem","position":2,"name":"IPROD"}]},{"@type":"WebSite","@id":"https:\/\/icom.tn\/#website","url":"https:\/\/icom.tn\/","name":"ICOM","description":"","publisher":{"@id":"https:\/\/icom.tn\/#organization"},"potentialAction":[{"@type":"SearchAction","target":{"@type":"EntryPoint","urlTemplate":"https:\/\/icom.tn\/?s={search_term_string}"},"query-input":{"@type":"PropertyValueSpecification","valueRequired":true,"valueName":"search_term_string"}}],"inLanguage":"en-US"},{"@type":"Organization","@id":"https:\/\/icom.tn\/#organization","name":"ICOM","url":"https:\/\/icom.tn\/","logo":{"@type":"ImageObject","inLanguage":"en-US","@id":"https:\/\/icom.tn\/#\/schema\/logo\/image\/","url":"https:\/\/icom.tn\/wp-content\/uploads\/2024\/08\/logo-desktop.png","contentUrl":"https:\/\/icom.tn\/wp-content\/uploads\/2024\/08\/logo-desktop.png","width":120,"height":120,"caption":"ICOM"},"image":{"@id":"https:\/\/icom.tn\/#\/schema\/logo\/image\/"},"sameAs":["https:\/\/www.facebook.com\/icomtun","https:\/\/tn.linkedin.com\/company\/icomtun"]}]}},"jetpack_sharing_enabled":true,"_links":{"self":[{"href":"https:\/\/icom.tn\/index.php\/wp-json\/wp\/v2\/pages\/1705","targetHints":{"allow":["GET"]}}],"collection":[{"href":"https:\/\/icom.tn\/index.php\/wp-json\/wp\/v2\/pages"}],"about":[{"href":"https:\/\/icom.tn\/index.php\/wp-json\/wp\/v2\/types\/page"}],"author":[{"embeddable":true,"href":"https:\/\/icom.tn\/index.php\/wp-json\/wp\/v2\/users\/1"}],"replies":[{"embeddable":true,"href":"https:\/\/icom.tn\/index.php\/wp-json\/wp\/v2\/comments?post=1705"}],"version-history":[{"count":53,"href":"https:\/\/icom.tn\/index.php\/wp-json\/wp\/v2\/pages\/1705\/revisions"}],"predecessor-version":[{"id":3771,"href":"https:\/\/icom.tn\/index.php\/wp-json\/wp\/v2\/pages\/1705\/revisions\/3771"}],"wp:attachment":[{"href":"https:\/\/icom.tn\/index.php\/wp-json\/wp\/v2\/media?parent=1705"}],"curies":[{"name":"wp","href":"https:\/\/api.w.org\/{rel}","templated":true}]}}